{"id":3969,"date":"2023-08-29T06:33:40","date_gmt":"2023-08-29T08:33:40","guid":{"rendered":"https:\/\/apotekar-online.rs\/?post_type=product&#038;p=3969"},"modified":"2026-03-05T08:14:12","modified_gmt":"2026-03-05T10:14:12","slug":"loreal-paris-hyaluron-plump-sampon-za-dehidriranu-kosu-400-ml","status":"publish","type":"product","link":"https:\/\/apotekar-online.rs\/hu\/p\/loreal-paris-hyaluron-plump-sampon-za-dehidriranu-kosu-400-ml\/","title":{"rendered":"L&#039;Oreal Paris Hyaluron d\u00fas sampon v\u00edzhi\u00e1nyos hajra, 400 ml"},"content":{"rendered":"","protected":false},"excerpt":{"rendered":"<ul class=\"_1609wnw2\">\n<li>Sampon v\u00edzhi\u00e1nyos hajra<\/li>\n<li>Hialuronsavval d\u00fas\u00edtott<\/li>\n<li>Vissza\u00e1ll\u00edtja a haj volumen\u00e9t, eg\u00e9szs\u00e9ges f\u00e9ny\u00e9t, rugalmass\u00e1g\u00e1t \u00e9s puhas\u00e1g\u00e1t<\/li>\n<li>K\u00f6nny\u0171 formula, nem nehez\u00edti el a hajat<\/li>\n<li>Alkalmas mindennapi haszn\u00e1latra<\/li>\n<\/ul>\n<div class=\"_1609wnw3\">A LOr\u00e9al PARIS ELSEVE HYALURON PLUMP sampont kifejezetten v\u00edzhi\u00e1nyos hajra tervezt\u00e9k. Hialuronsavval gazdag\u00edtva, amely a hidrat\u00e1l\u00e1s arany standardj\u00e1nak sz\u00e1m\u00edt\u00f3 \u00f6sszetev\u0151, visszaadja a haj telts\u00e9g\u00e9t, rugalmass\u00e1g\u00e1t \u00e9s hidrat\u00e1lts\u00e1g\u00e1t ak\u00e1r 72 \u00f3r\u00e1n kereszt\u00fcl*. F\u00e9nyess\u00e9, revitaliz\u00e1ltt\u00e1 var\u00e1zsolja a hajat \u00e9s 10x t\u00f6bb hidrat\u00e1l\u00e1st biztos\u00edt.* Minden hajt\u00edpusra alkalmas, napi haszn\u00e1latra. Nem nehez\u00edti el a hajat, \u00e9s modern gy\u00fcm\u00f6lcs\u00f6s illatokat \u00e1raszt, amelyek a vir\u00e1gos jegyeket \u00e9des van\u00edli\u00e1val \u00f6tv\u00f6zik, \u00e9s teljes 72 \u00f3r\u00e1n \u00e1t kitartanak. A LOr\u00e9al PARIS ELSEVE HYALURON PLUMP samponnal a haj t\u00e1pl\u00e1lt, hidrat\u00e1lt \u00e9s csod\u00e1latos illat\u00fa.<\/div>\n<div><\/div>\n<div><strong>Fogalmaz\u00e1s: <\/strong>AQUA \/ V\u00cdZ, N\u00c1TRIUM-LAURET-SZULF\u00c1T, GLIKOL-DISZTEAR\u00c1T, N\u00c1TRIUM-KLORID, KOKAMIDOPROPIL BETAIN, DIMETIKON, CI 60730 \/ EXT. VIOLET 2, GUAR-HIDROXY-PROPILTRIM\u00d3NIUM-KL\u00d3RID, KOKAMID-MEA, K\u00d3K\u00d3BETAIN, N\u00c1TRIUM-BENZO\u00c1T, N\u00c1TRIUM-HIDROXID, N\u00c1TRIUM-HIALURON\u00c1T, PHENOXYETANOL, SZTEARETH-6, ACET-SAV-10-DETRIC-0, 3, SZALICILSAV, FUM\u00c1RSAV , AMODIMETIKON, CARBOMER, CIROMSAV, HEXIL\u00c9N-GLIKOL, PARFUM \/ ILLAT.<\/div>\n<div><\/div>\n<div><strong>Csomagol\u00e1s<\/strong> 400 ml-b\u0151l.<\/div>\n<div><\/div>\n<div><strong>Jegyzet:<\/strong>\u00a0Arra t\u00f6reksz\u00fcnk, hogy minden term\u00e9k le\u00edr\u00e1s\u00e1n\u00e1l a lehet\u0151 legpontosabbak legy\u00fcnk, de nem tudjuk garant\u00e1lni, hogy minden le\u00edr\u00e1s teljes \u00e9s hibamentes. K\u00f6sz\u00f6n\u00f6m a meg\u00e9rt\u00e9st.<br \/>\nAz oldalon felt\u00fcntetett \u00f6sszes elem k\u00edn\u00e1latunk r\u00e9sz\u00e9t k\u00e9pezi, de ez nem jelenti azt, hogy mindenkor el\u00e9rhet\u0151.<\/div>","protected":false},"featured_media":3970,"template":"","meta":[],"product_brand":[],"product_cat":[547,147,1073],"product_tag":[1195,868,1197,808,1196],"class_list":{"0":"post-3969","1":"product","2":"type-product","3":"status-publish","4":"has-post-thumbnail","6":"product_cat-kozmetika-i-nega-za-odrasle","7":"product_cat-samponi-za-negu-kose","8":"product_cat-samponi","9":"product_tag-dehidrirana-kosa","10":"product_tag-hyaluron","11":"product_tag-lagana-formula","12":"product_tag-sampon-za-kosu","13":"product_tag-volumen","14":"pa_brend-loreal-paris","16":"first","17":"instock","18":"shipping-taxable","19":"purchasable","20":"product-type-simple"},"ams_default_variation_id":0,"ams_product_points_reward":[],"ams_product_discount_percentage":0,"ams_price_to_display":601.27,"ams_acf":[],"jetpack_sharing_enabled":true,"_links":{"self":[{"href":"https:\/\/apotekar-online.rs\/hu\/wp-json\/wp\/v2\/product\/3969","targetHints":{"allow":["GET"]}}],"collection":[{"href":"https:\/\/apotekar-online.rs\/hu\/wp-json\/wp\/v2\/product"}],"about":[{"href":"https:\/\/apotekar-online.rs\/hu\/wp-json\/wp\/v2\/types\/product"}],"wp:featuredmedia":[{"embeddable":true,"href":"https:\/\/apotekar-online.rs\/hu\/wp-json\/wp\/v2\/media\/3970"}],"wp:attachment":[{"href":"https:\/\/apotekar-online.rs\/hu\/wp-json\/wp\/v2\/media?parent=3969"}],"wp:term":[{"taxonomy":"product_brand","embeddable":true,"href":"https:\/\/apotekar-online.rs\/hu\/wp-json\/wp\/v2\/product_brand?post=3969"},{"taxonomy":"product_cat","embeddable":true,"href":"https:\/\/apotekar-online.rs\/hu\/wp-json\/wp\/v2\/product_cat?post=3969"},{"taxonomy":"product_tag","embeddable":true,"href":"https:\/\/apotekar-online.rs\/hu\/wp-json\/wp\/v2\/product_tag?post=3969"}],"curies":[{"name":"wp","href":"https:\/\/api.w.org\/{rel}","templated":true}]}}