{"id":3976,"date":"2023-08-29T06:58:36","date_gmt":"2023-08-29T08:58:36","guid":{"rendered":"https:\/\/apotekar-online.rs\/?post_type=product&#038;p=3976"},"modified":"2026-03-05T08:14:12","modified_gmt":"2026-03-05T10:14:12","slug":"l-oreal-paris-dream-long-sampon-za-ostecenu-kosu-400-ml","status":"publish","type":"product","link":"https:\/\/apotekar-online.rs\/hu\/p\/l-oreal-paris-dream-long-sampon-za-ostecenu-kosu-400-ml\/","title":{"rendered":"L&#039;Oreal Paris Dream hossz\u00fa sampon s\u00e9r\u00fclt hajra, 400 ml"},"content":{"rendered":"","protected":false},"excerpt":{"rendered":"<ul class=\"_1609wnw2\">\n<li>Obnavljaju\u0107 \u0161ampon<\/li>\n<li>Ja\u010da i obnavlja kosu<\/li>\n<li>Bogata formula sa biljnim sastojcima<\/li>\n<li>Za blistavu i zdravu kosu<\/li>\n<\/ul>\n<div class=\"_1609wnw3\">L&#8217;Oreal Paris Dream Long \u0161ampon hrani, ja\u010da i obnavlja o\u0161tec\u0301enu kosu. Formula \u0161ampona je obogac\u0301ena me\u0161avinom ricinusovog ulja, biljnog keratina i vitamina B3 i B5 koji neguju kosu od korena do vrhova. Njegovo intenzivno regenerativno svojstvo vrac\u0301a dugoj kosi sjaj, \u0161titi je od lomljenja i smanjuje pojavu ispucalih vrhova. Vec\u0301 nakon prvog nano\u0161enja o\u0161tec\u0301enja su vidljivo smanjena, a va\u0161a kosa za\u0161tic\u0301ena od lomljenja i uticaja toplote izazvane stilizovanjem. Za bolje rezultate nano\u0161enja koristite Dream Long \u0161ampon u kombinaciji sa regeneratorom iz iste linije. Negujte svoju dugu kosu \u0161amponom L&#8217;Oreal Paris Dream Long!<\/div>\n<div><\/div>\n<div><strong>Fogalmaz\u00e1s<\/strong>: AQUA \/ WATER, SODIUM LAURETH SULFATE, GLYCERIN, DIMETHICONE, COCO-BETAINE, SODIUM CHLORIDE, GLYCOL DISTEARATE, GUAR HYDROXYPROPYLTRIMONIUM CHLORIDE, NIACINAMIDE, COCAMIDE MIPA, RICINUS COMMUNIS SEED OIL \/ CASTOR SEED OIL, SODIUM BENZOATE, SODIUM HYDROXIDE, HYDROXYCITRONELLAL, HYDROLYZED WHEAT PROTEIN, HYDROLYZED CORN PROTEIN, HYDROLYZED SOY PROTEIN, PHENOXYETHANOL, SALICYLIC ACID, LIMONENE, FUMARIC ACID, BENZYL SALICYLATE, LINALOOL, BENZYL ALCOHOL, PANTHENOL, ALPHA-ISOMETHYL IONONE, CARBOMER, CITRIC ACID, CITRONELLOL, COUMARIN, HEXYLENE GLYCOL, HEXYL CINNAMAL, PARFUM \/ FRAGRANCE.<\/div>\n<div><\/div>\n<div><\/div>\n<div><strong>Csomagol\u00e1s<\/strong> od 400ml.<\/div>\n<div><\/div>\n<div><strong>Jegyzet:<\/strong>\u00a0Arra t\u00f6reksz\u00fcnk, hogy minden term\u00e9k le\u00edr\u00e1s\u00e1n\u00e1l a lehet\u0151 legpontosabbak legy\u00fcnk, de nem tudjuk garant\u00e1lni, hogy minden le\u00edr\u00e1s teljes \u00e9s hibamentes. K\u00f6sz\u00f6n\u00f6m a meg\u00e9rt\u00e9st.<br \/>\nAz oldalon felt\u00fcntetett \u00f6sszes elem k\u00edn\u00e1latunk r\u00e9sz\u00e9t k\u00e9pezi, de ez nem jelenti azt, hogy mindenkor el\u00e9rhet\u0151.<\/div>","protected":false},"featured_media":3977,"template":"","meta":[],"product_brand":[],"product_cat":[147,547,1073],"product_tag":[773,1199,830,1198,808,1201,1200],"class_list":{"0":"post-3976","1":"product","2":"type-product","3":"status-publish","4":"has-post-thumbnail","6":"product_cat-samponi-za-negu-kose","7":"product_cat-kozmetika-i-nega-za-odrasle","8":"product_cat-samponi","9":"product_tag-blistav-izgled","10":"product_tag-jaca-kosu","11":"product_tag-keratin","12":"product_tag-obnavlja-kosu","13":"product_tag-sampon-za-kosu","14":"product_tag-vitamin-b3-i-b5","15":"product_tag-zdrava-kosa","16":"pa_brend-loreal-paris","18":"first","19":"instock","20":"shipping-taxable","21":"purchasable","22":"product-type-simple"},"ams_default_variation_id":0,"ams_product_points_reward":[],"ams_product_discount_percentage":0,"ams_price_to_display":620,"ams_acf":[],"jetpack_sharing_enabled":true,"_links":{"self":[{"href":"https:\/\/apotekar-online.rs\/hu\/wp-json\/wp\/v2\/product\/3976","targetHints":{"allow":["GET"]}}],"collection":[{"href":"https:\/\/apotekar-online.rs\/hu\/wp-json\/wp\/v2\/product"}],"about":[{"href":"https:\/\/apotekar-online.rs\/hu\/wp-json\/wp\/v2\/types\/product"}],"wp:featuredmedia":[{"embeddable":true,"href":"https:\/\/apotekar-online.rs\/hu\/wp-json\/wp\/v2\/media\/3977"}],"wp:attachment":[{"href":"https:\/\/apotekar-online.rs\/hu\/wp-json\/wp\/v2\/media?parent=3976"}],"wp:term":[{"taxonomy":"product_brand","embeddable":true,"href":"https:\/\/apotekar-online.rs\/hu\/wp-json\/wp\/v2\/product_brand?post=3976"},{"taxonomy":"product_cat","embeddable":true,"href":"https:\/\/apotekar-online.rs\/hu\/wp-json\/wp\/v2\/product_cat?post=3976"},{"taxonomy":"product_tag","embeddable":true,"href":"https:\/\/apotekar-online.rs\/hu\/wp-json\/wp\/v2\/product_tag?post=3976"}],"curies":[{"name":"wp","href":"https:\/\/api.w.org\/{rel}","templated":true}]}}