{"id":4040,"date":"2023-08-29T09:04:21","date_gmt":"2023-08-29T11:04:21","guid":{"rendered":"https:\/\/apotekar-online.rs\/?post_type=product&#038;p=4040"},"modified":"2026-03-05T08:14:10","modified_gmt":"2026-03-05T10:14:10","slug":"bioten-rose-dezodor-tekercs-aluminium-nelkul-50ml","status":"publish","type":"product","link":"https:\/\/apotekar-online.rs\/hu\/p\/bioten-rose-dezodorans-roll-on-bez-aluminijuma-50ml\/","title":{"rendered":"Bioten Rose dezodor tekercs alum\u00ednium n\u00e9lk\u00fcl 50ml"},"content":{"rendered":"","protected":false},"excerpt":{"rendered":"<p>A tekercs dezodor 100% bio r\u00f3zs\u00e1t \u00e9s term\u00e9szetes eredet\u0171 prebiotikumokat tartalmaz. Ak\u00e1r 48 \u00f3r\u00e1n kereszt\u00fcl v\u00e9delmet ny\u00fajt az izzad\u00e1s \u00e9s a kellemetlen szagok ellen. Nem tartalmaz alum\u00edniums\u00f3kat vagy alkoholt. Nem hagy feh\u00e9r nyomokat.<\/p>\n<p>&nbsp;<\/p>\n<p><strong>Fogalmaz\u00e1s<\/strong> : Etil-hexilglicerin, Helianthus Annuus hibrid olaj, hidroxipropil-kem\u00e9ny\u00edt\u0151-foszf\u00e1t, oktenidin-HCl, panthenol, PEG-8 disztear\u00e1t, propil\u00e9nglikol, tokoferol, BHT, fenoxietanol, alfa-izometil-ionon,,,,,,,citron, citronl, hemarin, citronl ugenol, Linalool .<\/p>\n<p><strong>Csomagol\u00e1s<\/strong> 50 ml-t tartalmaz.<\/p>\n<p>&nbsp;<\/p>\n<p><strong>Jegyzet:<\/strong>\u00a0Arra t\u00f6reksz\u00fcnk, hogy minden term\u00e9k le\u00edr\u00e1s\u00e1n\u00e1l a lehet\u0151 legpontosabbak legy\u00fcnk, de nem tudjuk garant\u00e1lni, hogy minden le\u00edr\u00e1s teljes \u00e9s hibamentes. K\u00f6sz\u00f6n\u00f6m a meg\u00e9rt\u00e9st.<br \/>\nAz oldalon felt\u00fcntetett \u00f6sszes elem k\u00edn\u00e1latunk r\u00e9sz\u00e9t k\u00e9pezi, de ez nem jelenti azt, hogy mindenkor el\u00e9rhet\u0151<\/p>","protected":false},"featured_media":4043,"template":"","meta":[],"product_brand":[],"product_cat":[547,177],"product_tag":[1221,433,1224,1222,1227,1233,854],"class_list":{"0":"post-4040","1":"product","2":"type-product","3":"status-publish","4":"has-post-thumbnail","6":"product_cat-kozmetika-i-nega-za-odrasle","7":"product_cat-nega-tela","8":"product_tag-48h-zastita","9":"product_tag-bez-alkohola","10":"product_tag-bez-aluminijuma","11":"product_tag-organska-ruza","12":"product_tag-roll-on","13":"product_tag-za-zene","14":"product_tag-znojenje","15":"pa_brend-bioten","17":"first","18":"instock","19":"shipping-taxable","20":"purchasable","21":"product-type-simple"},"ams_default_variation_id":0,"ams_product_points_reward":[],"ams_product_discount_percentage":0,"ams_price_to_display":245,"ams_acf":[],"jetpack_sharing_enabled":true,"_links":{"self":[{"href":"https:\/\/apotekar-online.rs\/hu\/wp-json\/wp\/v2\/product\/4040","targetHints":{"allow":["GET"]}}],"collection":[{"href":"https:\/\/apotekar-online.rs\/hu\/wp-json\/wp\/v2\/product"}],"about":[{"href":"https:\/\/apotekar-online.rs\/hu\/wp-json\/wp\/v2\/types\/product"}],"wp:featuredmedia":[{"embeddable":true,"href":"https:\/\/apotekar-online.rs\/hu\/wp-json\/wp\/v2\/media\/4043"}],"wp:attachment":[{"href":"https:\/\/apotekar-online.rs\/hu\/wp-json\/wp\/v2\/media?parent=4040"}],"wp:term":[{"taxonomy":"product_brand","embeddable":true,"href":"https:\/\/apotekar-online.rs\/hu\/wp-json\/wp\/v2\/product_brand?post=4040"},{"taxonomy":"product_cat","embeddable":true,"href":"https:\/\/apotekar-online.rs\/hu\/wp-json\/wp\/v2\/product_cat?post=4040"},{"taxonomy":"product_tag","embeddable":true,"href":"https:\/\/apotekar-online.rs\/hu\/wp-json\/wp\/v2\/product_tag?post=4040"}],"curies":[{"name":"wp","href":"https:\/\/api.w.org\/{rel}","templated":true}]}}