{"id":4067,"date":"2023-08-30T06:13:23","date_gmt":"2023-08-30T08:13:23","guid":{"rendered":"https:\/\/apotekar-online.rs\/?post_type=product&#038;p=4067"},"modified":"2026-03-05T08:13:33","modified_gmt":"2026-03-05T10:13:33","slug":"bu-heartbeat-dezodorans-u-spreju-150-ml","status":"publish","type":"product","link":"https:\/\/apotekar-online.rs\/hu\/p\/bu-heartbeat-dezodorans-u-spreju-150-ml\/","title":{"rendered":"BU Heartbeat dezodor spray 150 ml"},"content":{"rendered":"","protected":false},"excerpt":{"rendered":"<div class=\"product attribute description text-page\">\n<div class=\"value\">\n<p>A BU - az egy\u00e9nis\u00e9g, az izgalom \u00e9s az \u00f6nkifejez\u00e9s m\u00e1rk\u00e1ja, amely minden l\u00e1ny sz\u00e1m\u00e1ra a szabads\u00e1g \u00e9s a soksz\u00edn\u0171s\u00e9g \u00e9rz\u00e9s\u00e9t biztos\u00edtja hangulat\u00e1nak \u00e9s v\u00e1gyainak megfelel\u0151en, \u00f6szt\u00f6nzi az \u00e9let lelkesed\u00e9s\u00e9t, megadja neki a sz\u00fcks\u00e9ges energi\u00e1t \u00e9s \u00e9l\u00e9nks\u00e9get.<\/p>\n<p>BU Heartbeat &#8211; orijentalno &#8211; vanilasto vo\u0107ni miris koji mami toplinu i senzualnost i koji \u0107e u\u010diniti da ti srce ubrzano kuca.<\/p>\n<p>Gornja nota: bergamot, crna ribizla, crveno bobi\u010dasto vo\u0107e<br \/>\nSrednja nota: \u0161ljiva, frezija, crvena ru\u017ea<br \/>\nBazna nota: mo\u0161us, sandalovina, vanila<\/p>\n<\/div>\n<p><strong>Csomagol\u00e1s<\/strong> 150 ml-b\u0151l.<\/p>\n<p>&nbsp;<\/p>\n<\/div>\n<p><strong>Fogalmaz\u00e1s:\u00a0<\/strong>Alcohol Denat., Butane, Isobutane, Propane, Isopropyl Palmitate, Parfum, Ethylhexylglycerin, Pentylene Glycol, Triethyl Citrate, BHT, Benzyl Salicylate, Citral, Citronellol, Coumarin, Limonene, Linalool<\/p>\n<p><strong>Jegyzet:<\/strong>\u00a0Arra t\u00f6reksz\u00fcnk, hogy minden term\u00e9k le\u00edr\u00e1s\u00e1n\u00e1l a lehet\u0151 legpontosabbak legy\u00fcnk, de nem tudjuk garant\u00e1lni, hogy minden le\u00edr\u00e1s teljes \u00e9s hibamentes. K\u00f6sz\u00f6n\u00f6m a meg\u00e9rt\u00e9st.<br \/>\nAz oldalon felt\u00fcntetett \u00f6sszes elem k\u00edn\u00e1latunk r\u00e9sz\u00e9t k\u00e9pezi, de ez nem jelenti azt, hogy mindenkor el\u00e9rhet\u0151.<\/p>\n<p>&nbsp;<\/p>","protected":false},"featured_media":4068,"template":"","meta":[],"product_brand":[],"product_cat":[177,547],"product_tag":[852,1232,854],"class_list":{"0":"post-4067","1":"product","2":"type-product","3":"status-publish","4":"has-post-thumbnail","6":"product_cat-nega-tela","7":"product_cat-kozmetika-i-nega-za-odrasle","8":"product_tag-antiperspirant","9":"product_tag-dezodorans","10":"product_tag-znojenje","11":"pa_brend-bu","13":"first","14":"instock","15":"shipping-taxable","16":"purchasable","17":"product-type-simple"},"ams_default_variation_id":0,"ams_product_points_reward":[],"ams_product_discount_percentage":0,"ams_price_to_display":320,"ams_acf":[],"jetpack_sharing_enabled":true,"_links":{"self":[{"href":"https:\/\/apotekar-online.rs\/hu\/wp-json\/wp\/v2\/product\/4067","targetHints":{"allow":["GET"]}}],"collection":[{"href":"https:\/\/apotekar-online.rs\/hu\/wp-json\/wp\/v2\/product"}],"about":[{"href":"https:\/\/apotekar-online.rs\/hu\/wp-json\/wp\/v2\/types\/product"}],"wp:featuredmedia":[{"embeddable":true,"href":"https:\/\/apotekar-online.rs\/hu\/wp-json\/wp\/v2\/media\/4068"}],"wp:attachment":[{"href":"https:\/\/apotekar-online.rs\/hu\/wp-json\/wp\/v2\/media?parent=4067"}],"wp:term":[{"taxonomy":"product_brand","embeddable":true,"href":"https:\/\/apotekar-online.rs\/hu\/wp-json\/wp\/v2\/product_brand?post=4067"},{"taxonomy":"product_cat","embeddable":true,"href":"https:\/\/apotekar-online.rs\/hu\/wp-json\/wp\/v2\/product_cat?post=4067"},{"taxonomy":"product_tag","embeddable":true,"href":"https:\/\/apotekar-online.rs\/hu\/wp-json\/wp\/v2\/product_tag?post=4067"}],"curies":[{"name":"wp","href":"https:\/\/api.w.org\/{rel}","templated":true}]}}