{"id":4081,"date":"2023-08-30T07:26:53","date_gmt":"2023-08-30T09:26:53","guid":{"rendered":"https:\/\/apotekar-online.rs\/?post_type=product&#038;p=4081"},"modified":"2026-03-05T08:13:32","modified_gmt":"2026-03-05T10:13:32","slug":"denim-gel-za-tusiranje-250ml-black","status":"publish","type":"product","link":"https:\/\/apotekar-online.rs\/hu\/p\/denim-gel-za-tusiranje-250ml-black\/","title":{"rendered":"Farmer tusf\u00fcrd\u0151 250ml Fekete"},"content":{"rendered":"","protected":false},"excerpt":{"rendered":"<p>Gel za tu\u0161iranje oboga\u0107en aktivnim ugljem koji apsorbuje ne\u010disto\u0107e i pro\u010di\u0161\u0107ava ko\u017eu, zelenim \u010dajem i njegovim antioksidativnim svojstvima i mineralima koji omogu\u0107avaju detoksikaciju ko\u017ee i pru\u017eaju ose\u0107aj sve\u017eine tokom celog dana.<\/p>\n<p><strong>Csomagol\u00e1s<\/strong> 250 ml-b\u0151l.<\/p>\n<p>&nbsp;<\/p>","protected":false},"featured_media":4913,"template":"","meta":[],"product_brand":[],"product_cat":[547,177],"product_tag":[1237,1235,1236],"class_list":{"0":"post-4081","1":"product","2":"type-product","3":"status-publish","4":"has-post-thumbnail","6":"product_cat-kozmetika-i-nega-za-odrasle","7":"product_cat-nega-tela","8":"product_tag-aktivni-ugalj","9":"product_tag-gel-za-tusiranje","10":"product_tag-nega-muskarca","11":"pa_brend-denim","13":"first","14":"instock","15":"shipping-taxable","16":"purchasable","17":"product-type-simple"},"ams_default_variation_id":0,"ams_product_points_reward":[],"ams_product_discount_percentage":0,"ams_price_to_display":235,"ams_acf":[],"jetpack_sharing_enabled":true,"_links":{"self":[{"href":"https:\/\/apotekar-online.rs\/hu\/wp-json\/wp\/v2\/product\/4081","targetHints":{"allow":["GET"]}}],"collection":[{"href":"https:\/\/apotekar-online.rs\/hu\/wp-json\/wp\/v2\/product"}],"about":[{"href":"https:\/\/apotekar-online.rs\/hu\/wp-json\/wp\/v2\/types\/product"}],"wp:featuredmedia":[{"embeddable":true,"href":"https:\/\/apotekar-online.rs\/hu\/wp-json\/wp\/v2\/media\/4913"}],"wp:attachment":[{"href":"https:\/\/apotekar-online.rs\/hu\/wp-json\/wp\/v2\/media?parent=4081"}],"wp:term":[{"taxonomy":"product_brand","embeddable":true,"href":"https:\/\/apotekar-online.rs\/hu\/wp-json\/wp\/v2\/product_brand?post=4081"},{"taxonomy":"product_cat","embeddable":true,"href":"https:\/\/apotekar-online.rs\/hu\/wp-json\/wp\/v2\/product_cat?post=4081"},{"taxonomy":"product_tag","embeddable":true,"href":"https:\/\/apotekar-online.rs\/hu\/wp-json\/wp\/v2\/product_tag?post=4081"}],"curies":[{"name":"wp","href":"https:\/\/api.w.org\/{rel}","templated":true}]}}