{"id":4113,"date":"2023-09-07T06:11:32","date_gmt":"2023-09-07T08:11:32","guid":{"rendered":"https:\/\/apotekar-online.rs\/?post_type=product&#038;p=4113"},"modified":"2026-03-31T00:00:08","modified_gmt":"2026-03-31T02:00:08","slug":"livsane-tengerviz-oldat-orr-spray-ben-csecsemoknek-30-ml","status":"publish","type":"product","link":"https:\/\/apotekar-online.rs\/hu\/p\/livsane-rastvor-morske-vode-za-nos-u-spreju-za-bebe-30-ml\/","title":{"rendered":"Livsane tengervizes orrspray oldat bab\u00e1knak 30 ml"},"content":{"rendered":"","protected":false},"excerpt":{"rendered":"<p>Tiszt\u00edt \u00e9s hidrat\u00e1l - Izot\u00f3ni\u00e1s<\/p>\n<p>Megold\u00e1s a mindennapi orrhigi\u00e9ni\u00e1hoz az orrj\u00e1ratok tiszt\u00edt\u00e1s\u00e1ra \u00e9s tiszt\u00edt\u00e1s\u00e1ra. Alkalmas bab\u00e1knak 0 h\u00f3napos kort\u00f3l.<\/p>\n<p>100% term\u00e9szetes. Mikroelemeket tartalmaz. Nem tartalmaz hajt\u00f3g\u00e1zt.<\/p>\n<p>&nbsp;<\/p>\n<p><strong>Fogalmaz\u00e1s<\/strong>: tengerv\u00edz, tiszt\u00edtott v\u00edz<\/p>\n<p><strong>Javasolt adagol\u00e1s:<\/strong> alkalmazza mindk\u00e9t orrlyukba, ah\u00e1nyszor sz\u00fcks\u00e9ges.<\/p>\n<p>&nbsp;<\/p>\n<p><strong>Jegyzet:<\/strong>\u00a0Arra t\u00f6reksz\u00fcnk, hogy minden term\u00e9k le\u00edr\u00e1s\u00e1n\u00e1l a lehet\u0151 legpontosabbak legy\u00fcnk, de nem tudjuk garant\u00e1lni, hogy minden le\u00edr\u00e1s teljes \u00e9s hibamentes. K\u00f6sz\u00f6n\u00f6m a meg\u00e9rt\u00e9st.<br \/>\nAz oldalon felt\u00fcntetett \u00f6sszes elem k\u00edn\u00e1latunk r\u00e9sz\u00e9t k\u00e9pezi, de ez nem jelenti azt, hogy mindenkor el\u00e9rhet\u0151.<\/p>","protected":false},"featured_media":4922,"template":"","meta":[],"product_brand":[3090],"product_cat":[340,148],"product_tag":[1247,1709,1245,752,1246,1244],"class_list":{"0":"post-4113","1":"product","2":"type-product","3":"status-publish","4":"has-post-thumbnail","6":"product_brand-livsane","7":"product_cat-deciji-program","8":"product_cat-preparati-za-prehladu-i-kasalj-kod-dece","9":"product_tag-100-prirodno","10":"product_tag-betty","11":"product_tag-cisti-nos","12":"product_tag-deciji-program","13":"product_tag-od-rodjenja","14":"product_tag-sprej-za-nos-za-bebe","15":"pa_brend-livsane","17":"first","18":"instock","19":"shipping-taxable","20":"purchasable","21":"product-type-simple"},"ams_default_variation_id":0,"ams_product_points_reward":[],"ams_product_discount_percentage":0,"ams_price_to_display":471,"ams_acf":[],"jetpack_sharing_enabled":true,"_links":{"self":[{"href":"https:\/\/apotekar-online.rs\/hu\/wp-json\/wp\/v2\/product\/4113","targetHints":{"allow":["GET"]}}],"collection":[{"href":"https:\/\/apotekar-online.rs\/hu\/wp-json\/wp\/v2\/product"}],"about":[{"href":"https:\/\/apotekar-online.rs\/hu\/wp-json\/wp\/v2\/types\/product"}],"wp:featuredmedia":[{"embeddable":true,"href":"https:\/\/apotekar-online.rs\/hu\/wp-json\/wp\/v2\/media\/4922"}],"wp:attachment":[{"href":"https:\/\/apotekar-online.rs\/hu\/wp-json\/wp\/v2\/media?parent=4113"}],"wp:term":[{"taxonomy":"product_brand","embeddable":true,"href":"https:\/\/apotekar-online.rs\/hu\/wp-json\/wp\/v2\/product_brand?post=4113"},{"taxonomy":"product_cat","embeddable":true,"href":"https:\/\/apotekar-online.rs\/hu\/wp-json\/wp\/v2\/product_cat?post=4113"},{"taxonomy":"product_tag","embeddable":true,"href":"https:\/\/apotekar-online.rs\/hu\/wp-json\/wp\/v2\/product_tag?post=4113"}],"curies":[{"name":"wp","href":"https:\/\/api.w.org\/{rel}","templated":true}]}}