{"id":412,"date":"2022-07-12T09:33:01","date_gmt":"2022-07-12T09:33:01","guid":{"rendered":"https:\/\/apotekar-online.rs\/product\/ferticure-30-kesica\/"},"modified":"2026-03-05T08:29:08","modified_gmt":"2026-03-05T10:29:08","slug":"ferticure-30-bag","status":"publish","type":"product","link":"https:\/\/apotekar-online.rs\/hu\/p\/ferticure-30-kesica\/","title":{"rendered":"Ferticure 30 zs\u00e1k"},"content":{"rendered":"","protected":false},"excerpt":{"rendered":"<p><b>Term\u00e9keny\u00edt\u00e9s\u00a0<\/b>t\u00e1pl\u00e1l\u00e9k-kieg\u00e9sz\u00edt\u0151 policiszt\u00e1s petef\u00e9szek-szindr\u00f3m\u00e1val diagnosztiz\u00e1lt n\u0151knek, tin\u00e9dzsereknek (pattan\u00e1sok, sov\u00e1nys\u00e1g, rendszertelen menstru\u00e1ci\u00f3), inzulinrezisztenci\u00e1ban szenved\u0151knek, terhess\u00e9get tervez\u0151 n\u0151knek (szab\u00e1lytalan ovul\u00e1ci\u00f3, rossz toj\u00e1smin\u0151s\u00e9g), fogy\u00e1si neh\u00e9zs\u00e9gekkel k\u00fczd\u0151knek (cs\u00edp\u0151). ter\u00fclet, gyomor), terhes n\u0151k, akikn\u00e9l fokozott a terhess\u00e9gi cukorbetegs\u00e9g kialakul\u00e1s\u00e1nak kock\u00e1zata.<\/p>\n<p><b>Javallatok:<\/b><\/p>\n<p>\u2013 Az els\u0151 v\u00e9delmi vonal a PCOS-ben<br \/>\n- Helyre\u00e1ll\u00edtja a hormon\u00e1lis egyens\u00falyt<br \/>\n- Meg\u00e1llap\u00edtja az ovul\u00e1ci\u00f3t<br \/>\n- Cs\u00f6kkenti az inzulinrezisztenci\u00e1t<br \/>\n- Cs\u00f6kkenti a hiperandrogenizmust<br \/>\n- Terhess\u00e9gi cukorbetegs\u00e9g megel\u0151z\u00e9se<br \/>\n- Testt\u00f6meg cs\u00f6kkent\u00e9se<\/p>\n<p><b>M\u0171velet:<\/b><\/p>\n<p>* Mioinozitol:<br \/>\n- R\u00e9szt vesz a petef\u00e9szek szintj\u00e9n az androg\u00e9nek termel\u00e9s\u00e9ben<br \/>\n- N\u00f6veli a sejtek inzulin\u00e9rz\u00e9kenys\u00e9g\u00e9t<br \/>\n- T\u00e1mogatja az ovul\u00e1ci\u00f3t<br \/>\n- Szab\u00e1lyozza a menstru\u00e1ci\u00f3s ciklust<\/p>\n<p>*E-vitamin (DL-a-tokoferil-acet\u00e1t):<br \/>\n- A sejtek v\u00e9delme az oxidat\u00edv stressz ellen<\/p>\n<p>*Folsav (Quatrefolic\u00ae):<br \/>\n- Idegcs\u0151-rendelleness\u00e9gek (spina bifida) megel\u0151z\u00e9se<br \/>\n- DNS, RNS, feh\u00e9rj\u00e9k norm\u00e1l szint\u00e9zise<br \/>\n\u2013 Az anyai sz\u00f6vet n\u00f6veked\u00e9se a terhess\u00e9g alatt<br \/>\n- Norm\u00e1l v\u00e9rk\u00e9pz\u00e9s<br \/>\n- A homocisztein norm\u00e1l metabolizmusa<\/p>\n<p>* Cink:<br \/>\n- Sejtoszt\u00f3d\u00e1s<br \/>\n- Hozz\u00e1j\u00e1rul a norm\u00e1l term\u00e9kenys\u00e9ghez \u00e9s szaporod\u00e1shoz<\/p>\n<p>* Chrome:<br \/>\n- A norm\u00e1l v\u00e9rcukorszint fenntart\u00e1sa<\/p>\n<p><b>Adagol\u00e1s \u00e9s felhaszn\u00e1l\u00e1si m\u00f3d <\/b><\/p>\n<p><b>\u00a0<\/b>Napi 1 tasak egy poh\u00e1r v\u00edzben feloldva. A Ferticure por 3-6 h\u00f3napos rendszeres haszn\u00e1lata biztos\u00edtja a ter\u00e1pia siker\u00e9t.<\/p>\n<p><b>Fogalmaz\u00e1s:\u00a0<\/b>Mioinozit 2000 mg, E-vitamin (DL-a-tokoferil-acet\u00e1t) 27 mg, B9-vitamin (Quatrefolic\u00ae-gl\u00fck\u00f3zamin s\u00f3-5-metil-tetrahidrofolsav) 400 \u00b5g, cink (cink-gl\u00fckon\u00e1t) 15 mg, kr\u00f3m (kr\u00f3m-pik) 200 \u00b5g<\/p>\n<p><b>Csomagol\u00e1s:<\/b>\u00a030 tasak<\/p>\n<p><strong>Jegyzet:<\/strong>\u00a0Arra t\u00f6reksz\u00fcnk, hogy minden term\u00e9k le\u00edr\u00e1s\u00e1n\u00e1l a lehet\u0151 legpontosabbak legy\u00fcnk, de nem tudjuk garant\u00e1lni, hogy minden le\u00edr\u00e1s teljes \u00e9s hibamentes. K\u00f6sz\u00f6n\u00f6m a meg\u00e9rt\u00e9st.<br \/>\nAz oldalon felt\u00fcntetett \u00f6sszes elem k\u00edn\u00e1latunk r\u00e9sz\u00e9t k\u00e9pezi, de ez nem jelenti azt, hogy mindenkor el\u00e9rhet\u0151.<\/p>\n<p>&nbsp;<\/p>","protected":false},"featured_media":325,"template":"","meta":[],"product_brand":[],"product_cat":[87,85],"product_tag":[],"class_list":{"0":"post-412","1":"product","2":"type-product","3":"status-publish","4":"has-post-thumbnail","6":"product_cat-dijabetes-i-insulinska-rezistencija","7":"product_cat-zdravlje-zena","8":"pa_brend-dacom-pharm","10":"first","11":"outofstock","12":"purchasable","13":"product-type-simple"},"ams_default_variation_id":0,"ams_product_points_reward":[],"ams_product_discount_percentage":0,"ams_price_to_display":3550,"ams_acf":[],"jetpack_sharing_enabled":true,"_links":{"self":[{"href":"https:\/\/apotekar-online.rs\/hu\/wp-json\/wp\/v2\/product\/412","targetHints":{"allow":["GET"]}}],"collection":[{"href":"https:\/\/apotekar-online.rs\/hu\/wp-json\/wp\/v2\/product"}],"about":[{"href":"https:\/\/apotekar-online.rs\/hu\/wp-json\/wp\/v2\/types\/product"}],"wp:featuredmedia":[{"embeddable":true,"href":"https:\/\/apotekar-online.rs\/hu\/wp-json\/wp\/v2\/media\/325"}],"wp:attachment":[{"href":"https:\/\/apotekar-online.rs\/hu\/wp-json\/wp\/v2\/media?parent=412"}],"wp:term":[{"taxonomy":"product_brand","embeddable":true,"href":"https:\/\/apotekar-online.rs\/hu\/wp-json\/wp\/v2\/product_brand?post=412"},{"taxonomy":"product_cat","embeddable":true,"href":"https:\/\/apotekar-online.rs\/hu\/wp-json\/wp\/v2\/product_cat?post=412"},{"taxonomy":"product_tag","embeddable":true,"href":"https:\/\/apotekar-online.rs\/hu\/wp-json\/wp\/v2\/product_tag?post=412"}],"curies":[{"name":"wp","href":"https:\/\/api.w.org\/{rel}","templated":true}]}}