{"id":4121,"date":"2023-09-07T07:47:48","date_gmt":"2023-09-07T09:47:48","guid":{"rendered":"https:\/\/apotekar-online.rs\/?post_type=product&#038;p=4121"},"modified":"2026-03-05T08:13:32","modified_gmt":"2026-03-05T10:13:32","slug":"supradyn-fast-energy-granulatum-10-tasak","status":"publish","type":"product","link":"https:\/\/apotekar-online.rs\/hu\/p\/supradyn-fast-energy-granule-10-kesica\/","title":{"rendered":"Supradyn Fast Energy granul\u00e1tum 10 tasak"},"content":{"rendered":"","protected":false},"excerpt":{"rendered":"<p>Supradyn\u00ae Fast Energy - narancs \u00e9s maracuja \u00edz\u0171. Az 1. sz\u00e1m\u00fa multivitamin Eur\u00f3p\u00e1ban.* A Supradyn\u00ae Fast Energy por sz\u00e1jon \u00e1t t\u00f6rt\u00e9n\u0151 alkalmaz\u00e1sra egy \u00e9trend-kieg\u00e9sz\u00edt\u0151, amely tov\u00e1bbi vitamin-, \u00e1sv\u00e1nyianyag- \u00e9s Q10-koenzimforr\u00e1st jelent az \u00e9trendben, amely t\u00e1pl\u00e1lkoz\u00e1si t\u00e1mogat\u00e1st ny\u00fajt az energia-anyagcser\u00e9hez.<\/p>\n<p align=\"justify\">Azoknak, akik akt\u00edv \u00e9letm\u00f3dot folytatnak \u00e9s sok energi\u00e1t ig\u00e9nyelnek a nap folyam\u00e1n.<\/p>\n<p align=\"justify\">H\u00e1rmas seg\u00edts\u00e9g:<\/p>\n<p align=\"justify\">f\u00e1radts\u00e1ggal \u00e9s kimer\u00fclts\u00e9ggel<\/p>\n<p align=\"justify\">az energiatermel\u00e9s t\u00e1mogat\u00e1sak\u00e9nt<\/p>\n<p align=\"justify\">vitaminok \u00e9s \u00e1sv\u00e1nyi anyagok hi\u00e1ny\u00e1ban<\/p>\n<p><strong>Feln\u0151ttek \u00e9s 14 \u00e9v feletti gyermekek:<\/strong><\/p>\n<p>Naponta egyszer, \u00e9tkez\u00e9st\u0151l f\u00fcggetlen\u00fcl 1 tasak tartalm\u00e1t egyenletesen \u00f6ntse a nyelvre, olvadjon fel a sz\u00e1jban \u00e9s nyelje le.<\/p>\n<p>&nbsp;<\/p>\n<p align=\"justify\">1. Serkenti az energiatermel\u00e9st.<\/p>\n<p align=\"justify\">2. M\u00e1r az els\u0151 ut\u00e1n m\u0171k\u00f6dhet<br \/>\naz elv\u00e9telr\u0151l.<\/p>\n<p align=\"justify\">3. A t\u00e1pl\u00e1lts\u00e1gi \u00e1llapot hossz\u00fa t\u00e1v\u00fa bevitellel jav\u00edthat\u00f3.<\/p>\n<h5><strong>Fogalmaz\u00e1s<\/strong><\/h5>\n<p>C-vitamin 80 mg, niacin 16 mg, E-vitamin 12 mg, pantot\u00e9nsav 6 mg, B6-vitamin 1,4 mg, riboflavin 1,4 mg, tiamin 1,1 mg, A-vitamin 800 \u00b5g, folsav 200 \u00b5g, biotin 50 \u00b5g, K-vitamin 25 \u00b5g , D-vitamin 5 \u03bcg, B12-vitamin 2,5 \u03bcg, kalcium 120 mg, magn\u00e9zium 80 mg, vas 14 mg, cink 10 mg, mang\u00e1n 2 mg, r\u00e9z 1 mg, j\u00f3d 150 \u03bcg, szel\u00e9n 50 \u03bcg , kolibd\u00e9n 50 \u03bcg , kolibd\u00e9n 504 enzim ,504 \u03bcg. mg.<\/p>\n<p>&nbsp;<\/p>\n<p>&nbsp;<\/p>\n<p>&nbsp;<\/p>","protected":false},"featured_media":4122,"template":"","meta":[],"product_brand":[],"product_cat":[78],"product_tag":[179,643,283,1243],"class_list":{"0":"post-4121","1":"product","2":"type-product","3":"status-publish","4":"has-post-thumbnail","6":"product_cat-vitamini-i-minerali","7":"product_tag-imunitet","8":"product_tag-jacanje-imuniteta","9":"product_tag-q10","10":"product_tag-vitamini-i-minerali","11":"pa_brend-bayer-health-care","13":"first","14":"instock","15":"shipping-taxable","16":"purchasable","17":"product-type-simple"},"ams_default_variation_id":0,"ams_product_points_reward":[],"ams_product_discount_percentage":0,"ams_price_to_display":1023,"ams_acf":[],"jetpack_sharing_enabled":true,"_links":{"self":[{"href":"https:\/\/apotekar-online.rs\/hu\/wp-json\/wp\/v2\/product\/4121","targetHints":{"allow":["GET"]}}],"collection":[{"href":"https:\/\/apotekar-online.rs\/hu\/wp-json\/wp\/v2\/product"}],"about":[{"href":"https:\/\/apotekar-online.rs\/hu\/wp-json\/wp\/v2\/types\/product"}],"wp:featuredmedia":[{"embeddable":true,"href":"https:\/\/apotekar-online.rs\/hu\/wp-json\/wp\/v2\/media\/4122"}],"wp:attachment":[{"href":"https:\/\/apotekar-online.rs\/hu\/wp-json\/wp\/v2\/media?parent=4121"}],"wp:term":[{"taxonomy":"product_brand","embeddable":true,"href":"https:\/\/apotekar-online.rs\/hu\/wp-json\/wp\/v2\/product_brand?post=4121"},{"taxonomy":"product_cat","embeddable":true,"href":"https:\/\/apotekar-online.rs\/hu\/wp-json\/wp\/v2\/product_cat?post=4121"},{"taxonomy":"product_tag","embeddable":true,"href":"https:\/\/apotekar-online.rs\/hu\/wp-json\/wp\/v2\/product_tag?post=4121"}],"curies":[{"name":"wp","href":"https:\/\/api.w.org\/{rel}","templated":true}]}}