{"id":4143,"date":"2023-09-08T09:55:02","date_gmt":"2023-09-08T11:55:02","guid":{"rendered":"https:\/\/apotekar-online.rs\/?post_type=product&#038;p=4143"},"modified":"2026-03-05T08:13:31","modified_gmt":"2026-03-05T10:13:31","slug":"herba-alpesi-menta-cukorka-48gr","status":"publish","type":"product","link":"https:\/\/apotekar-online.rs\/hu\/p\/herba-alpin-mint-bombone-48gr\/","title":{"rendered":"Herba alpesi menta cukorka 48gr"},"content":{"rendered":"","protected":false},"excerpt":{"rendered":"<p>A Herba gy\u00f3gyn\u00f6v\u00e9nyes cukork\u00e1k, az alpesi menta cukorb\u00f3l \u00e9s gl\u00fck\u00f3zszirupb\u00f3l k\u00e9sz\u00fclnek, ehhez az alaphoz k\u00fcl\u00f6nf\u00e9le \u00f6sszetev\u0151ket adnak: gy\u00fcm\u00f6lcs\u00f6t, n\u00f6v\u00e9nyi kivonatokat, vitaminokat, arom\u00e1kat \u00e9s term\u00e9szetes arom\u00e1kat, amelyek 13 kipr\u00f3b\u00e1lt \u00e9s orvosilag tesztelt n\u00f6v\u00e9nyb\u0151l \u00e1llnak. A gy\u00f3gyn\u00f6v\u00e9ny j\u00f3t\u00e9kony hat\u00e1ssal van a sz\u00e1jra \u00e9s a torokra.<\/p>\n<p>&nbsp;<\/p>","protected":false},"featured_media":4144,"template":"","meta":[],"product_brand":[],"product_cat":[78],"product_tag":[1276,1277],"class_list":{"0":"post-4143","1":"product","2":"type-product","3":"status-publish","4":"has-post-thumbnail","6":"product_cat-vitamini-i-minerali","7":"product_tag-bombone","8":"product_tag-bombone-za-grlo","9":"pa_brend-sumi","11":"first","12":"instock","13":"shipping-taxable","14":"purchasable","15":"product-type-simple"},"ams_default_variation_id":0,"ams_product_points_reward":[],"ams_product_discount_percentage":0,"ams_price_to_display":80,"ams_acf":[],"jetpack_sharing_enabled":true,"_links":{"self":[{"href":"https:\/\/apotekar-online.rs\/hu\/wp-json\/wp\/v2\/product\/4143","targetHints":{"allow":["GET"]}}],"collection":[{"href":"https:\/\/apotekar-online.rs\/hu\/wp-json\/wp\/v2\/product"}],"about":[{"href":"https:\/\/apotekar-online.rs\/hu\/wp-json\/wp\/v2\/types\/product"}],"wp:featuredmedia":[{"embeddable":true,"href":"https:\/\/apotekar-online.rs\/hu\/wp-json\/wp\/v2\/media\/4144"}],"wp:attachment":[{"href":"https:\/\/apotekar-online.rs\/hu\/wp-json\/wp\/v2\/media?parent=4143"}],"wp:term":[{"taxonomy":"product_brand","embeddable":true,"href":"https:\/\/apotekar-online.rs\/hu\/wp-json\/wp\/v2\/product_brand?post=4143"},{"taxonomy":"product_cat","embeddable":true,"href":"https:\/\/apotekar-online.rs\/hu\/wp-json\/wp\/v2\/product_cat?post=4143"},{"taxonomy":"product_tag","embeddable":true,"href":"https:\/\/apotekar-online.rs\/hu\/wp-json\/wp\/v2\/product_tag?post=4143"}],"curies":[{"name":"wp","href":"https:\/\/api.w.org\/{rel}","templated":true}]}}