{"id":4148,"date":"2023-09-11T05:39:53","date_gmt":"2023-09-11T07:39:53","guid":{"rendered":"https:\/\/apotekar-online.rs\/?post_type=product&#038;p=4148"},"modified":"2026-03-05T08:13:31","modified_gmt":"2026-03-05T10:13:31","slug":"kurkuma-krem-hideg-225ml","status":"publish","type":"product","link":"https:\/\/apotekar-online.rs\/hu\/p\/kurkuma-cream-cold-225ml\/","title":{"rendered":"Hideg kurkuma kr\u00e9m 225 ml"},"content":{"rendered":"","protected":false},"excerpt":{"rendered":"<p>A kurkuma kr\u00e9m az izmok \u00e9s a csont-\u00edz\u00fcleti strukt\u00far\u00e1k massz\u00edroz\u00e1s\u00e1ra szolg\u00e1l: karok, nyak, v\u00e1llak, h\u00e1t \u00e9s l\u00e1bak, er\u0151s h\u0171s\u00edt\u0151 hat\u00e1ssal az alkalmaz\u00e1s hely\u00e9n.<br \/>\nSeg\u00edt aktu\u00e1lis (akut) gyullad\u00e1sos \u00e1llapotok, vissz\u00e9rprobl\u00e9m\u00e1k, duzzadt \u00e9s f\u00e1radt l\u00e1bak eset\u00e9n, izom- \u00e9s h\u00e1tf\u00e1jdalmak eset\u00e9n.<br \/>\nRegener\u00e1lja \u00e9s ellaz\u00edtja a f\u00e1radt l\u00e1bakat, jav\u00edtja a b\u0151r v\u00e9rkering\u00e9s\u00e9t, cs\u00f6kkenti a hosszan tart\u00f3 \u00e1ll\u00e1s \u00e9s j\u00e1r\u00e1s miatti neh\u00e9zs\u00e9g\u00e9rzetet a l\u00e1bakban \u00e9s a l\u00e1bfejben. A sportol\u00e1s ut\u00e1ni b\u0151rmassz\u00edroz\u00e1s ellaz\u00edtja az izmokat.<\/p>\n<p class=\"mainTitle oswald\"><strong>A felhaszn\u00e1l\u00e1s m\u00f3dja<\/strong><\/p>\n<div class=\"text\">K\u00f6nny\u0171 k\u00f6rk\u00f6r\u00f6s mozdulatokkal vigye fel a kr\u00e9met a f\u00e1jdalmas ter\u00fcletre, majd d\u00f6rzs\u00f6lje be a b\u0151rbe. Az elj\u00e1r\u00e1s a nap folyam\u00e1n t\u00f6bbsz\u00f6r megism\u00e9telhet\u0151 \u00e9s sz\u00fcks\u00e9g szerint. A kr\u00e9m k\u00f6nnyen eloszlik \u00e9s gyorsan besz\u00edv\u00f3dik an\u00e9lk\u00fcl, hogy zs\u00edros nyomot hagyna.<\/div>\n<div><\/div>\n<div>\n<p class=\"mainTitle oswald\"><strong>Fogalmaz\u00e1s<\/strong><\/p>\n<div class=\"text\">Kurkuma ill\u00f3olaj, kurkuma kivonat, cickafarkf\u0171, rozmaring, kakukkf\u0171, vadgesztenye, homokt\u00f6vis, comfrey, orb\u00e1ncf\u0171, kamilla, csipkebogy\u00f3. csal\u00e1n, \u00e1rnika, k\u00f6m\u00e9ny, var\u00e1zsmogyor\u00f3, anya lehelet.<\/div>\n<\/div>\n<div><\/div>\n<div><strong>jegyzet<\/strong>: Arra t\u00f6reksz\u00fcnk, hogy minden term\u00e9k le\u00edr\u00e1s\u00e1n\u00e1l a lehet\u0151 legpontosabbak legy\u00fcnk, de nem tudjuk garant\u00e1lni, hogy minden le\u00edr\u00e1s teljes \u00e9s hibamentes. K\u00f6sz\u00f6n\u00f6m a meg\u00e9rt\u00e9st.<br \/>\nAz oldalon felt\u00fcntetett \u00f6sszes elem k\u00edn\u00e1latunk r\u00e9sz\u00e9t k\u00e9pezi, de ez nem jelenti azt, hogy mindenkor el\u00e9rhet\u0151<\/div>\n<div><\/div>\n<div><\/div>","protected":false},"featured_media":4149,"template":"","meta":[],"product_brand":[],"product_cat":[82],"product_tag":[1284,1281,1283,1280,1282,1279,890,1286,1285],"class_list":{"0":"post-4148","1":"product","2":"type-product","3":"status-publish","4":"has-post-thumbnail","6":"product_cat-kosti-zglobovi-i-neuropatski-bol","7":"product_tag-bolovi-u-misicima","8":"product_tag-divlji-kesten","9":"product_tag-efektom-hladjenja","10":"product_tag-hajducka-trava","11":"product_tag-hamamelis","12":"product_tag-kurkuma","13":"product_tag-ruzmarin","14":"product_tag-sportske-povrede","15":"product_tag-umorne-noge","16":"pa_brend-bioclinica","18":"first","19":"instock","20":"shipping-taxable","21":"purchasable","22":"product-type-simple"},"ams_default_variation_id":0,"ams_product_points_reward":[],"ams_product_discount_percentage":0,"ams_price_to_display":2020,"ams_acf":[],"jetpack_sharing_enabled":true,"_links":{"self":[{"href":"https:\/\/apotekar-online.rs\/hu\/wp-json\/wp\/v2\/product\/4148","targetHints":{"allow":["GET"]}}],"collection":[{"href":"https:\/\/apotekar-online.rs\/hu\/wp-json\/wp\/v2\/product"}],"about":[{"href":"https:\/\/apotekar-online.rs\/hu\/wp-json\/wp\/v2\/types\/product"}],"wp:featuredmedia":[{"embeddable":true,"href":"https:\/\/apotekar-online.rs\/hu\/wp-json\/wp\/v2\/media\/4149"}],"wp:attachment":[{"href":"https:\/\/apotekar-online.rs\/hu\/wp-json\/wp\/v2\/media?parent=4148"}],"wp:term":[{"taxonomy":"product_brand","embeddable":true,"href":"https:\/\/apotekar-online.rs\/hu\/wp-json\/wp\/v2\/product_brand?post=4148"},{"taxonomy":"product_cat","embeddable":true,"href":"https:\/\/apotekar-online.rs\/hu\/wp-json\/wp\/v2\/product_cat?post=4148"},{"taxonomy":"product_tag","embeddable":true,"href":"https:\/\/apotekar-online.rs\/hu\/wp-json\/wp\/v2\/product_tag?post=4148"}],"curies":[{"name":"wp","href":"https:\/\/api.w.org\/{rel}","templated":true}]}}