{"id":4150,"date":"2023-09-11T05:47:58","date_gmt":"2023-09-11T07:47:58","guid":{"rendered":"https:\/\/apotekar-online.rs\/?post_type=product&#038;p=4150"},"modified":"2026-03-05T08:13:31","modified_gmt":"2026-03-05T10:13:31","slug":"kurkuma-krem-forro-225ml","status":"publish","type":"product","link":"https:\/\/apotekar-online.rs\/hu\/p\/kurkum-cream-hot-225ml\/","title":{"rendered":"Forr\u00f3 kurkuma kr\u00e9m 225 ml"},"content":{"rendered":"","protected":false},"excerpt":{"rendered":"<p>A kurkuma kr\u00e9m a nyak, a v\u00e1llak, a h\u00e1t, a kezek \u00e9s a l\u00e1bak \u00edz\u00fcleteinek massz\u00edroz\u00e1s\u00e1ra szolg\u00e1l, er\u0151s meleg\u00edt\u0151 hat\u00e1ssal az alkalmaz\u00e1s hely\u00e9n. Seg\u00edt reuma, \u00edz\u00fcleti gyullad\u00e1s, arthrosis, \u00edz\u00fcleti \u00e9s izomregener\u00e1ci\u00f3, perif\u00e9ri\u00e1s kering\u00e9si zavarok, sports\u00e9r\u00fcl\u00e9sek eset\u00e9n. Hozz\u00e1j\u00e1rul a f\u00e1jdalom, a gyullad\u00e1sok gyakoris\u00e1g\u00e1nak, a duzzanat \u00e9s a merevs\u00e9g cs\u00f6kkent\u00e9s\u00e9hez, kezeli az izmokat \u00e9s az \u00edz\u00fcleteket, valamint helyre\u00e1ll\u00edtja az inak rugalmass\u00e1g\u00e1t.<br \/>\nHozz\u00e1j\u00e1rul a gerincoszlop - nyaki, mellkasi \u00e9s der\u00e9kt\u00e1ji - f\u00e1jdalmainak, a karok \u00e9s l\u00e1bak \u00edz\u00fcleteinek, valamint az izmok \u00e9s inak f\u00e1jdalm\u00e1nak cs\u00f6kkent\u00e9s\u00e9hez. Regener\u00e1lja \u00e9s ellaz\u00edtja a f\u00e1radt l\u00e1bakat \u00e9s l\u00e1bfejeket, komfort\u00e9rzetet ad. A sportol\u00f3k b\u0151r\u00e9nek massz\u00edroz\u00e1s\u00e1val izomlazul\u00e1s \u00e9rhet\u0151 el.<br \/>\nAz alkalmaz\u00e1s hely\u00e9n a kr\u00e9m jav\u00edtja a perif\u00e9ri\u00e1s kering\u00e9st \u00e9s a b\u0151r v\u00e9rell\u00e1t\u00e1s\u00e1t, \u00e9s hosszan tart\u00f3 komfort\u00e9rzetet \u00e9s kellemes meleget biztos\u00edt.<\/p>\n<p class=\"mainTitle oswald\"><strong>A felhaszn\u00e1l\u00e1s m\u00f3dja<\/strong><\/p>\n<div class=\"text\">Vigyen fel egy kis mennyis\u00e9g\u0171 kr\u00e9met, majd laz\u00edt\u00f3 massz\u00e1zzsal d\u00f6rzs\u00f6lje be a kr\u00e9met a f\u00e1jdalmas b\u0151rter\u00fcletre.<\/div>\n<div><\/div>\n<div><\/div>\n<div>\n<p class=\"mainTitle oswald\"><strong>Fogalmaz\u00e1s<\/strong><\/p>\n<div class=\"text\">Kurkuma ill\u00f3olaj, kurkuma kivonat, cickafark, comfrey, homokt\u00f6vis, \u00f6k\u00f6rfarkk\u00f3r\u00f3, bojtorj\u00e1n, kamilla, rozmaring, orb\u00e1ncf\u0171, var\u00e1zsmogyor\u00f3, h\u00edn\u00e1r, aloe vera lev\u00e9l.<\/div>\n<\/div>\n<div><\/div>\n<div>\n<p class=\"mainTitle oswald\"><strong>Tov\u00e1bbi le\u00edr\u00e1s<\/strong><\/p>\n<div class=\"text\">Az alkalmaz\u00e1s ut\u00e1n a ter\u00fclet meleg, v\u00f6r\u00f6s vagy cs\u00edp\u0151s lehet. A term\u00e9k felvitele ut\u00e1n mosson kezet. Ker\u00fclje a szembe, ny\u00e1lkah\u00e1rty\u00e1val vagy s\u00e9r\u00fclt b\u0151rrel val\u00f3 \u00e9rintkez\u00e9st. Ne haszn\u00e1lja a k\u00e9sz\u00edtm\u00e9nyt olyan helyeken, ahol visszerek vannak.<\/div>\n<\/div>\n<div><\/div>\n<div><\/div>\n<div><strong>jegyzet<\/strong>: Arra t\u00f6reksz\u00fcnk, hogy minden term\u00e9k le\u00edr\u00e1s\u00e1n\u00e1l a lehet\u0151 legpontosabbak legy\u00fcnk, de nem tudjuk garant\u00e1lni, hogy minden le\u00edr\u00e1s teljes \u00e9s hibamentes. K\u00f6sz\u00f6n\u00f6m a meg\u00e9rt\u00e9st.<br \/>\nAz oldalon felt\u00fcntetett \u00f6sszes elem k\u00edn\u00e1latunk r\u00e9sz\u00e9t k\u00e9pezi, de ez nem jelenti azt, hogy mindenkor el\u00e9rhet\u0151<\/div>","protected":false},"featured_media":4151,"template":"","meta":[],"product_brand":[],"product_cat":[82],"product_tag":[816,1291,1290,529,1288,1282,1258,1279,1289,1287,1293,1292,890,1285],"class_list":{"0":"post-4150","1":"product","2":"type-product","3":"status-publish","4":"has-post-thumbnail","6":"product_cat-kosti-zglobovi-i-neuropatski-bol","7":"product_tag-aloe-vera","8":"product_tag-artritis","9":"product_tag-artroza","10":"product_tag-bokvica","11":"product_tag-gavez","12":"product_tag-hamamelis","13":"product_tag-kantarion","14":"product_tag-kurkuma","15":"product_tag-masaza-sa-efektom-grejanja","16":"product_tag-morske-alge","17":"product_tag-poremecaj-periferne-cirkulacije","18":"product_tag-reumatizam","19":"product_tag-ruzmarin","20":"product_tag-umorne-noge","21":"pa_brend-bioclinica","23":"first","24":"instock","25":"shipping-taxable","26":"purchasable","27":"product-type-simple"},"ams_default_variation_id":0,"ams_product_points_reward":[],"ams_product_discount_percentage":0,"ams_price_to_display":2020,"ams_acf":[],"jetpack_sharing_enabled":true,"_links":{"self":[{"href":"https:\/\/apotekar-online.rs\/hu\/wp-json\/wp\/v2\/product\/4150","targetHints":{"allow":["GET"]}}],"collection":[{"href":"https:\/\/apotekar-online.rs\/hu\/wp-json\/wp\/v2\/product"}],"about":[{"href":"https:\/\/apotekar-online.rs\/hu\/wp-json\/wp\/v2\/types\/product"}],"wp:featuredmedia":[{"embeddable":true,"href":"https:\/\/apotekar-online.rs\/hu\/wp-json\/wp\/v2\/media\/4151"}],"wp:attachment":[{"href":"https:\/\/apotekar-online.rs\/hu\/wp-json\/wp\/v2\/media?parent=4150"}],"wp:term":[{"taxonomy":"product_brand","embeddable":true,"href":"https:\/\/apotekar-online.rs\/hu\/wp-json\/wp\/v2\/product_brand?post=4150"},{"taxonomy":"product_cat","embeddable":true,"href":"https:\/\/apotekar-online.rs\/hu\/wp-json\/wp\/v2\/product_cat?post=4150"},{"taxonomy":"product_tag","embeddable":true,"href":"https:\/\/apotekar-online.rs\/hu\/wp-json\/wp\/v2\/product_tag?post=4150"}],"curies":[{"name":"wp","href":"https:\/\/api.w.org\/{rel}","templated":true}]}}