{"id":417,"date":"2022-07-12T09:33:04","date_gmt":"2022-07-12T11:33:04","guid":{"rendered":"https:\/\/apotekar-online.rs\/product\/combinerv-20-tableta\/"},"modified":"2026-03-05T08:29:07","modified_gmt":"2026-03-05T10:29:07","slug":"combinerv-20-tabletta","status":"publish","type":"product","link":"https:\/\/apotekar-online.rs\/hu\/p\/combinerv-20-tableta\/","title":{"rendered":"CombiNERV 20 tabletta"},"content":{"rendered":"","protected":false},"excerpt":{"rendered":"<p>A CombiNERV\u00ae a hat\u00f3anyagok \u00faj, n\u00e9gyszeres kombin\u00e1ci\u00f3j\u00e1t mutatja be, amely k\u00e9t antioxid\u00e1nst tartalmaz:<br \/>\nalfa-liponsav (ALA) \u00e9s szuperoxid-diszmut\u00e1z (SOD) acetil-L-karnitinnel \u00e9s B12-vitaminnal kombin\u00e1lva<br \/>\nA hat\u00f3anyagok kombin\u00e1ci\u00f3ja jav\u00edtja az idegm\u0171k\u00f6d\u00e9st \u00e9s t\u00e1mogatja a neurop\u00e1ti\u00e1s f\u00e1jdalomter\u00e1pi\u00e1t.<\/p>\n<p><strong>Adagol\u00e1s \u00e9s felhaszn\u00e1l\u00e1si m\u00f3d<\/strong><br \/>\nNapi 1 tabletta egy poh\u00e1r v\u00edzzel.<\/p>\n<p><strong>Jegyzet:<\/strong>\u00a0Arra t\u00f6reksz\u00fcnk, hogy minden term\u00e9k le\u00edr\u00e1s\u00e1n\u00e1l a lehet\u0151 legpontosabbak legy\u00fcnk, de nem tudjuk garant\u00e1lni, hogy minden le\u00edr\u00e1s teljes \u00e9s hibamentes. K\u00f6sz\u00f6n\u00f6m a meg\u00e9rt\u00e9st.<br \/>\nAz oldalon felt\u00fcntetett \u00f6sszes elem k\u00edn\u00e1latunk r\u00e9sz\u00e9t k\u00e9pezi, de ez nem jelenti azt, hogy mindenkor el\u00e9rhet\u0151.<\/p>","protected":false},"featured_media":335,"template":"","meta":[],"product_brand":[],"product_cat":[87,82],"product_tag":[322,792],"class_list":{"0":"post-417","1":"product","2":"type-product","3":"status-publish","4":"has-post-thumbnail","6":"product_cat-dijabetes-i-insulinska-rezistencija","7":"product_cat-kosti-zglobovi-i-neuropatski-bol","8":"product_tag-nervni-sistem","9":"product_tag-nervni-zavrsetak","10":"pa_brend-libytec","12":"first","13":"instock","14":"purchasable","15":"product-type-simple"},"ams_default_variation_id":0,"ams_product_points_reward":[],"ams_product_discount_percentage":0,"ams_price_to_display":2655.74,"ams_acf":[],"jetpack_sharing_enabled":true,"_links":{"self":[{"href":"https:\/\/apotekar-online.rs\/hu\/wp-json\/wp\/v2\/product\/417","targetHints":{"allow":["GET"]}}],"collection":[{"href":"https:\/\/apotekar-online.rs\/hu\/wp-json\/wp\/v2\/product"}],"about":[{"href":"https:\/\/apotekar-online.rs\/hu\/wp-json\/wp\/v2\/types\/product"}],"wp:featuredmedia":[{"embeddable":true,"href":"https:\/\/apotekar-online.rs\/hu\/wp-json\/wp\/v2\/media\/335"}],"wp:attachment":[{"href":"https:\/\/apotekar-online.rs\/hu\/wp-json\/wp\/v2\/media?parent=417"}],"wp:term":[{"taxonomy":"product_brand","embeddable":true,"href":"https:\/\/apotekar-online.rs\/hu\/wp-json\/wp\/v2\/product_brand?post=417"},{"taxonomy":"product_cat","embeddable":true,"href":"https:\/\/apotekar-online.rs\/hu\/wp-json\/wp\/v2\/product_cat?post=417"},{"taxonomy":"product_tag","embeddable":true,"href":"https:\/\/apotekar-online.rs\/hu\/wp-json\/wp\/v2\/product_tag?post=417"}],"curies":[{"name":"wp","href":"https:\/\/api.w.org\/{rel}","templated":true}]}}