{"id":4170,"date":"2023-09-11T08:56:58","date_gmt":"2023-09-11T10:56:58","guid":{"rendered":"https:\/\/apotekar-online.rs\/?post_type=product&#038;p=4170"},"modified":"2026-03-05T08:13:30","modified_gmt":"2026-03-05T10:13:30","slug":"husito-hatasu-hyalfit-gel-120ml25ml-ingyenes","status":"publish","type":"product","link":"https:\/\/apotekar-online.rs\/hu\/p\/hyalfit-gel-sa-hladecim-efektom-120ml25ml-gratis\/","title":{"rendered":"H\u0171s\u00edt\u0151 hat\u00e1s\u00fa Hyalfit g\u00e9l 120ml + 25ml ingyenes"},"content":{"rendered":"","protected":false},"excerpt":{"rendered":"<p>A Hyalfit g\u00e9l egy massz\u00e1zsra sz\u00e1nt k\u00e9sz\u00edtm\u00e9ny, amely nyugtat\u00f3 hat\u00e1ssal van az izmokra, szalagokra \u00e9s \u00edz\u00fcletekre, h\u0171s\u00edt\u0151 hat\u00e1ssal.<\/p>\n<p>Gyors \u00e9s hosszan tart\u00f3 csillap\u00edt\u00e1sra \u00e9s f\u00e1jdalomcsillap\u00edt\u00e1sra k\u00e9sz\u00fclt.<\/p>\n<p>A mentol alkoholos v\u00e9rrel kombin\u00e1lva h\u0171s\u00edt \u00e9s seg\u00edti a hat\u00f3anyagok jobb felsz\u00edv\u00f3d\u00e1s\u00e1t. A k\u00e9sz\u00edtm\u00e9ny h\u00e1romf\u00e9le gy\u00f3gyn\u00f6v\u00e9ny kiegyens\u00falyozott kombin\u00e1ci\u00f3j\u00e1t tartalmazza (<em>Indiai t\u00f6mj\u00e9n \u2013 Boswellia serrata, comfrey \u2013 Symphytum officinale, vadgesztenye \u2013 Aesculus hyppocastanum<\/em>) az eg\u00e9sz mozg\u00e1sszervi rendszerre j\u00f3t\u00e9kony hat\u00e1ssal. A Hyalfit g\u00e9l emellett hialuronsavval is d\u00fas\u00edtott, amely az \u00edz\u00fcletek \u00edz\u00fcleti folyad\u00e9k\u00e1nak szerves r\u00e9sze.<\/p>\n<p>A vadgesztenye kivonat cs\u00f6kkenti az olyan t\u00fcneteket, mint: vissz\u00e9r, f\u00e1jdalom, f\u00e1radts\u00e1g, l\u00e1bdagad\u00e1s, \u00f6d\u00e9ma. A vadgesztenye egyik \u00f6sszetev\u0151je, az escin felel\u0151s a v\u00e9n\u00e1s erek fal\u00e1t stabiliz\u00e1l\u00f3 hat\u00e1sok t\u00f6bbs\u00e9g\u00e9\u00e9rt, ez\u00e1ltal cs\u00f6kkentve a duzzanatot \u00e9s a f\u00e1jdalmat.<\/p>\n<p>A comfrey gy\u00f3gy\u00e1szati tulajdons\u00e1gai k\u00f6z\u00e9 tartoznak az ill\u00f3olajok, a tannin, a ny\u00e1lka, a kolin \u00e9s a ritka anyag, az allantoin. A marhaf\u0171gy\u00f6k\u00e9r-kivonat j\u00f3t\u00e9kony hat\u00e1ssal van k\u00fcl\u00f6nf\u00e9le s\u00e9r\u00fcl\u00e9sekre, ficamokra, ficamokra, hiszen gyullad\u00e1scs\u00f6kkent\u0151 hat\u00e1sa is van, duzzanatokra, z\u00faz\u00f3d\u00e1sokra is hat\u00e1sos.<\/p>\n<p>Boswellia Serrata (t\u00f6mj\u00e9nfa) \u2013 Indi\u00e1ban n\u00f6v\u0151 n\u00f6v\u00e9ny, amelynek kivonat\u00e1t oszteoarthritisben szenved\u0151 f\u00e1jdalom enyh\u00edt\u00e9s\u00e9re haszn\u00e1lj\u00e1k. Magas mennyis\u00e9gben tartalmaz Boswellia savakat, amelyek enyh\u00edtik a gyullad\u00e1sos folyamatokat, pozit\u00edv hat\u00e1ssal vannak az osteoarthritis t\u00fcneteinek enyh\u00edt\u00e9s\u00e9re, seg\u00edtik az \u00edz\u00fcleti f\u00e1jdalmakat, a reggeli merevs\u00e9get \u00e9s jav\u00edtj\u00e1k az \u00edz\u00fcletek mozg\u00e9konys\u00e1g\u00e1t.<\/p>\n<p>&nbsp;<\/p>\n<p class=\"mainTitle oswald\"><strong>A felhaszn\u00e1l\u00e1s m\u00f3dja<\/strong><\/p>\n<div class=\"text\">\n<p>Naponta 2-4 alkalommal vigye fel a f\u00e1jdalmas ter\u00fcletre, \u00e9s alaposan massz\u00edrozza be.<\/p>\n<\/div>\n<p>&nbsp;<\/p>\n<p class=\"mainTitle oswald\"><strong>Akci\u00f3<\/strong><\/p>\n<div class=\"text\">\n<p>A mentol alkohollal kombin\u00e1lva jav\u00edtja a kering\u00e9st, h\u0171s\u00edti \u00e9s seg\u00edti a hat\u00f3anyagok jobb felsz\u00edv\u00f3d\u00e1s\u00e1t A k\u00e9sz\u00edtm\u00e9ny h\u00e1romf\u00e9le n\u00f6v\u00e9ny (indiai t\u00f6mj\u00e9n - Boswellia serrata, comfrey - Symphytum officinale, vadgesztenye - Aesculus hyppocastanum) kiegyens\u00falyozott kombin\u00e1ci\u00f3j\u00e1t tartalmazza. a teljes mozg\u00e1sszervi rendszerre a Hyalfit g\u00e9l emellett hialuronsavval is d\u00fas\u00edtott, amely az \u00edz\u00fcletek \u00edz\u00fcleti folyad\u00e9k\u00e1nak szerves r\u00e9sze.<\/p>\n<\/div>\n<p>&nbsp;<\/p>\n<div class=\"text\">\n<p class=\"mainTitle oswald\"><strong>Fogalmaz\u00e1s<\/strong><\/p>\n<div class=\"text\">\n<p>V\u00edz, izopropil-alkohol, glicerin, mentol, Symphytum officinale kivonat, Boswllia Serrata kivonat, Aesculus hippocastanum kivonat, Eucalyptus globulus kivonat, hialuronsav, fenoxietanol, kapril-glikol, karbomer, d-limon\u00e9n.<\/p>\n<\/div>\n<\/div>\n<p>&nbsp;<\/p>\n<p><strong>Jegyzet:<\/strong>\u00a0Arra t\u00f6reksz\u00fcnk, hogy minden term\u00e9k le\u00edr\u00e1s\u00e1n\u00e1l a lehet\u0151 legpontosabbak legy\u00fcnk, de nem tudjuk garant\u00e1lni, hogy minden le\u00edr\u00e1s teljes \u00e9s hibamentes. K\u00f6sz\u00f6n\u00f6m a meg\u00e9rt\u00e9st.<br \/>\nAz oldalon felt\u00fcntetett \u00f6sszes elem k\u00edn\u00e1latunk r\u00e9sz\u00e9t k\u00e9pezi, de ez nem jelenti azt, hogy mindenkor el\u00e9rhet\u0151<\/p>\n<p>&nbsp;<\/p>\n<div class=\"text\">\n<p>&nbsp;<\/p>\n<\/div>","protected":false},"featured_media":4172,"template":"","meta":[],"product_brand":[],"product_cat":[82,177],"product_tag":[1281,1322,1320,1288,1321,1165,1315,1323,297,1155,691,1285],"class_list":{"0":"post-4170","1":"product","2":"type-product","3":"status-publish","4":"has-post-thumbnail","6":"product_cat-kosti-zglobovi-i-neuropatski-bol","7":"product_cat-nega-tela","8":"product_tag-divlji-kesten","9":"product_tag-edem","10":"product_tag-efekat-hladjenja","11":"product_tag-gavez","12":"product_tag-hiajluron","13":"product_tag-istegnuca","14":"product_tag-misice","15":"product_tag-modrica","16":"product_tag-otok","17":"product_tag-prosirene-vene","18":"product_tag-umor","19":"product_tag-umorne-noge","20":"pa_brend-dacom-pharma","22":"first","23":"instock","24":"shipping-taxable","25":"purchasable","26":"product-type-simple"},"ams_default_variation_id":0,"ams_product_points_reward":[],"ams_product_discount_percentage":0,"ams_price_to_display":1056,"ams_acf":[],"jetpack_sharing_enabled":true,"_links":{"self":[{"href":"https:\/\/apotekar-online.rs\/hu\/wp-json\/wp\/v2\/product\/4170","targetHints":{"allow":["GET"]}}],"collection":[{"href":"https:\/\/apotekar-online.rs\/hu\/wp-json\/wp\/v2\/product"}],"about":[{"href":"https:\/\/apotekar-online.rs\/hu\/wp-json\/wp\/v2\/types\/product"}],"wp:featuredmedia":[{"embeddable":true,"href":"https:\/\/apotekar-online.rs\/hu\/wp-json\/wp\/v2\/media\/4172"}],"wp:attachment":[{"href":"https:\/\/apotekar-online.rs\/hu\/wp-json\/wp\/v2\/media?parent=4170"}],"wp:term":[{"taxonomy":"product_brand","embeddable":true,"href":"https:\/\/apotekar-online.rs\/hu\/wp-json\/wp\/v2\/product_brand?post=4170"},{"taxonomy":"product_cat","embeddable":true,"href":"https:\/\/apotekar-online.rs\/hu\/wp-json\/wp\/v2\/product_cat?post=4170"},{"taxonomy":"product_tag","embeddable":true,"href":"https:\/\/apotekar-online.rs\/hu\/wp-json\/wp\/v2\/product_tag?post=4170"}],"curies":[{"name":"wp","href":"https:\/\/api.w.org\/{rel}","templated":true}]}}