{"id":4179,"date":"2023-09-11T09:37:14","date_gmt":"2023-09-11T11:37:14","guid":{"rendered":"https:\/\/apotekar-online.rs\/?post_type=product&#038;p=4179"},"modified":"2026-03-05T08:13:30","modified_gmt":"2026-03-05T10:13:30","slug":"donvas-magnezijum-freeze-gel-200ml","status":"publish","type":"product","link":"https:\/\/apotekar-online.rs\/hu\/p\/donvas-magnezijum-freeze-gel-200ml\/","title":{"rendered":"Donvas Magnesium Freeze g\u00e9l 200ml"},"content":{"rendered":"","protected":false},"excerpt":{"rendered":"<p>Gel na bazi magnezijum hlorida za oporavak mi\u0161i\u0107a sa efektom hla\u0111enja, 200ml<\/p>\n<p>Magnezijum je esencijalni mineral, neophodan za pravilno funkcionisanje nervnog\u00a0sistema, srca, krvotoka i mi\u0161i\u0107a. Magnezijum smanjuje nervnu napetost i stres, poma\u017ee\u00a0u slu\u010dajevima nesanice, glavobolje, razdra\u017eljivosti, anksioznosti i simptoma koji prate\u00a0PMS. Opu\u0161ta mi\u0161i\u0107e, smanjuje umor, ubla\u017eava gr\u010deve i bolove. Mineral magnezijum<br \/>\nhidrira ko\u017eu i ubla\u017eava procese starenja.<br \/>\nMagnesium\u00a0freeze gel Donvas formulisan na bazi magnezijum hlorida koji se brzo\u00a0resorbuje preko ko\u017ee, sa dodatkom mentola, ekstrakta arnike i etarskih ulja mente i\u00a0eukaliptusa. Ekstrakt arnike pobolj\u0161ava cirkulaciju i ispoljava protivupalne i analgetske\u00a0efekte, koji ubla\u017eavaju tegobe kod povreda mi\u0161i\u0107a i tetiva. Etarska ulja mente i\u00a0eukaliptusa u kombinaciji sa mentolom, stvaraju intenzivan efekat hla\u0111enja na mestu\u00a0primene. Magnesium freeze gel Donvas kombinacijom aktivnih sastojaka stvara\u00a0intenzivan efekat hla\u0111enja i opu\u0161tanja mi\u0161i\u0107a, ubrzava oporavak upaljenog mi\u0161i\u0107nog\u00a0tkiva i istegnutih ligamenata nakon sporta i fizi\u010dke aktivnosti.<\/p>\n<div class=\"product attribute using\">\n<p><strong class=\"type\">A ... haszna<\/strong><\/p>\n<div class=\"value\">\n<p>Na \u010distu ko\u017eu naneti gel u tankom sloju i lagano masirati do potpune apsorpcije.\u00a0Preporu\u010duje se upotreba gela vi\u0161e puta dnevno.<\/p>\n<p>\u010cuvati na suvom mestu na temperaturi od +5 \u00b0C do + 25 \u00b0C, van doma\u0161aja dece.<\/p>\n<\/div>\n<\/div>\n<div class=\"product attribute composition\">\n<p><strong class=\"type\">A tartalmat<\/strong><\/p>\n<div class=\"value\">\n<p>Aqua, Alcohol, Glycerin, Menthol, Magnesium Chloride, Arnica Montana Flower Extract,\u00a0Caprylhydroxamic Acid, Glyceryl Caprylate, Mentha Piperita Oil, Eucalyptus Globulus\u00a0Leaf Oil, Carbomer, Triethanolamine, Sodium Benzoate.<\/p>\n<\/div>\n<p>&nbsp;<\/p>\n<\/div>\n<p><strong>Jegyzet:<\/strong>\u00a0Arra t\u00f6reksz\u00fcnk, hogy minden term\u00e9k le\u00edr\u00e1s\u00e1n\u00e1l a lehet\u0151 legpontosabbak legy\u00fcnk, de nem tudjuk garant\u00e1lni, hogy minden le\u00edr\u00e1s teljes \u00e9s hibamentes. K\u00f6sz\u00f6n\u00f6m a meg\u00e9rt\u00e9st.<br \/>\nAz oldalon felt\u00fcntetett \u00f6sszes elem k\u00edn\u00e1latunk r\u00e9sz\u00e9t k\u00e9pezi, de ez nem jelenti azt, hogy mindenkor el\u00e9rhet\u0151.<\/p>\n<p>&nbsp;<\/p>","protected":false},"featured_media":4180,"template":"","meta":[],"product_brand":[],"product_cat":[82,177],"product_tag":[1345,1320,249,1343,1342,1340,1019,551,636,282,1341,1344,321],"class_list":{"0":"post-4179","1":"product","2":"type-product","3":"status-publish","4":"has-post-thumbnail","6":"product_cat-kosti-zglobovi-i-neuropatski-bol","7":"product_cat-nega-tela","8":"product_tag-arnika","9":"product_tag-efekat-hladjenja","10":"product_tag-eukaliptus","11":"product_tag-glavobolje","12":"product_tag-grcevi-u-misicima","13":"product_tag-magnezijum-hlorid","14":"product_tag-menta","15":"product_tag-mentol","16":"product_tag-napetost","17":"product_tag-nesanica","18":"product_tag-oporavak-misica","19":"product_tag-smanjuje-umor","20":"product_tag-stres","21":"pa_brend-donvas","23":"first","24":"instock","25":"shipping-taxable","26":"purchasable","27":"product-type-simple"},"ams_default_variation_id":0,"ams_product_points_reward":[],"ams_product_discount_percentage":0,"ams_price_to_display":525,"ams_acf":[],"jetpack_sharing_enabled":true,"_links":{"self":[{"href":"https:\/\/apotekar-online.rs\/hu\/wp-json\/wp\/v2\/product\/4179","targetHints":{"allow":["GET"]}}],"collection":[{"href":"https:\/\/apotekar-online.rs\/hu\/wp-json\/wp\/v2\/product"}],"about":[{"href":"https:\/\/apotekar-online.rs\/hu\/wp-json\/wp\/v2\/types\/product"}],"wp:featuredmedia":[{"embeddable":true,"href":"https:\/\/apotekar-online.rs\/hu\/wp-json\/wp\/v2\/media\/4180"}],"wp:attachment":[{"href":"https:\/\/apotekar-online.rs\/hu\/wp-json\/wp\/v2\/media?parent=4179"}],"wp:term":[{"taxonomy":"product_brand","embeddable":true,"href":"https:\/\/apotekar-online.rs\/hu\/wp-json\/wp\/v2\/product_brand?post=4179"},{"taxonomy":"product_cat","embeddable":true,"href":"https:\/\/apotekar-online.rs\/hu\/wp-json\/wp\/v2\/product_cat?post=4179"},{"taxonomy":"product_tag","embeddable":true,"href":"https:\/\/apotekar-online.rs\/hu\/wp-json\/wp\/v2\/product_tag?post=4179"}],"curies":[{"name":"wp","href":"https:\/\/api.w.org\/{rel}","templated":true}]}}