{"id":4193,"date":"2023-09-11T10:43:26","date_gmt":"2023-09-11T12:43:26","guid":{"rendered":"https:\/\/apotekar-online.rs\/?post_type=product&#038;p=4193"},"modified":"2026-03-05T08:13:30","modified_gmt":"2026-03-05T10:13:30","slug":"krauterhof-konjski-balzam-crveni-500ml","status":"publish","type":"product","link":"https:\/\/apotekar-online.rs\/hu\/p\/krauterhof-konjski-balzam-crveni-500ml\/","title":{"rendered":"Krauterhof L\u00f3balzsam piros 500ml"},"content":{"rendered":"","protected":false},"excerpt":{"rendered":"<p><b>Konjski balzam sa efektom zagrevanja &#8211; crveni\u00a0<\/b>sa ekstra sna\u017enim dejstvom preporu\u010duje se za lo\u0161u perifernu cirkulaciju, masa\u017eu i zagrevanje ko\u017ee.<\/p>\n<p><b>M\u0171velet:<\/b>\u00a0Efekat zagrevanja ko\u017ee uti\u010de na smirivanje reumatskog bola i ne pove\u0107ava krvni pritisak.<\/p>\n<p><b>Felhaszn\u00e1l\u00e1s m\u00f3dja:\u00a0<\/b>Nekoliko puta dnevno \u017eeljeno mesto namazati balzamom u tankom sloju. Isprati ruke nakon nano\u0161enja. Izbegavati kontakt sa o\u010dima, slu\u017eoko\u017eom i otvorenim ranama.<\/p>\n<p><b>Fogalmaz\u00e1s:<\/b>\u00a0Sadr\u017ei ekstrakte li\u0161\u0107a vinove loze, kamilice, valerijane, hajdu\u010dke trave, hmelja, imele, miro\u0111ije i divljeg kestena. Ne sadr\u017ei nikakve sastojke \u0161tetne po ljudsko zdravlje. Proizveden u saglasnosti sa nema\u010dkim sanitarnim zakonima.<\/p>\n<p><b>Csomagol\u00e1s:\u00a0<\/b>500ml<\/p>\n<p>&nbsp;<\/p>\n<p><strong>Jegyzet:<\/strong>\u00a0Arra t\u00f6reksz\u00fcnk, hogy minden term\u00e9k le\u00edr\u00e1s\u00e1n\u00e1l a lehet\u0151 legpontosabbak legy\u00fcnk, de nem tudjuk garant\u00e1lni, hogy minden le\u00edr\u00e1s teljes \u00e9s hibamentes. K\u00f6sz\u00f6n\u00f6m a meg\u00e9rt\u00e9st.<br \/>\nAz oldalon felt\u00fcntetett \u00f6sszes elem k\u00edn\u00e1latunk r\u00e9sz\u00e9t k\u00e9pezi, de ez nem jelenti azt, hogy mindenkor el\u00e9rhet\u0151.<\/p>","protected":false},"featured_media":4194,"template":"","meta":[],"product_brand":[],"product_cat":[82,177],"product_tag":[1354,1347,1164],"class_list":{"0":"post-4193","1":"product","2":"type-product","3":"status-publish","4":"has-post-thumbnail","6":"product_cat-kosti-zglobovi-i-neuropatski-bol","7":"product_cat-nega-tela","8":"product_tag-losa-cirkulacija","9":"product_tag-osecaj-zagrevanja","10":"product_tag-reumatske-bolove","11":"pa_brend-krauterhof","13":"first","14":"instock","15":"shipping-taxable","16":"purchasable","17":"product-type-simple"},"ams_default_variation_id":0,"ams_product_points_reward":[],"ams_product_discount_percentage":0,"ams_price_to_display":850,"ams_acf":[],"jetpack_sharing_enabled":true,"_links":{"self":[{"href":"https:\/\/apotekar-online.rs\/hu\/wp-json\/wp\/v2\/product\/4193","targetHints":{"allow":["GET"]}}],"collection":[{"href":"https:\/\/apotekar-online.rs\/hu\/wp-json\/wp\/v2\/product"}],"about":[{"href":"https:\/\/apotekar-online.rs\/hu\/wp-json\/wp\/v2\/types\/product"}],"wp:featuredmedia":[{"embeddable":true,"href":"https:\/\/apotekar-online.rs\/hu\/wp-json\/wp\/v2\/media\/4194"}],"wp:attachment":[{"href":"https:\/\/apotekar-online.rs\/hu\/wp-json\/wp\/v2\/media?parent=4193"}],"wp:term":[{"taxonomy":"product_brand","embeddable":true,"href":"https:\/\/apotekar-online.rs\/hu\/wp-json\/wp\/v2\/product_brand?post=4193"},{"taxonomy":"product_cat","embeddable":true,"href":"https:\/\/apotekar-online.rs\/hu\/wp-json\/wp\/v2\/product_cat?post=4193"},{"taxonomy":"product_tag","embeddable":true,"href":"https:\/\/apotekar-online.rs\/hu\/wp-json\/wp\/v2\/product_tag?post=4193"}],"curies":[{"name":"wp","href":"https:\/\/api.w.org\/{rel}","templated":true}]}}