{"id":4214,"date":"2023-09-12T07:43:04","date_gmt":"2023-09-12T09:43:04","guid":{"rendered":"https:\/\/apotekar-online.rs\/?post_type=product&#038;p=4214"},"modified":"2026-03-05T08:13:29","modified_gmt":"2026-03-05T10:13:29","slug":"bengay-krem-50-gr","status":"publish","type":"product","link":"https:\/\/apotekar-online.rs\/hu\/p\/bengay-krem-50gr\/","title":{"rendered":"Bengay kr\u00e9m 50 gr"},"content":{"rendered":"","protected":false},"excerpt":{"rendered":"<p><strong>Ennek a gy\u00f3gyszernek az interneten kereszt\u00fcli \u00e9rt\u00e9kes\u00edt\u00e9s\u00e9t a Szerb K\u00f6zt\u00e1rsas\u00e1g t\u00f6rv\u00e9nyei tiltj\u00e1k, m\u00edg az interneten kereszt\u00fcl t\u00f6rt\u00e9n\u0151 rekl\u00e1moz\u00e1s kiz\u00e1r\u00f3lag<\/strong>\u00a0<strong>eml\u00e9keztet\u0151\u00fcl \u00e9s t\u00e1j\u00e9koztat\u00e1si c\u00e9llal.<\/strong><\/p>\n<p>A GY\u00d3GYSZEREK, VAGY GY\u00d3GYSZEREK HIRDET\u00c9SI M\u00d3DJ\u00c1RA VONATKOZ\u00d3 SZAB\u00c1LYZAT Sl. Ch. RS&quot;, No. 79\/2010 L\u00c1THATJA\u00a0<a href=\"https:\/\/www.apotekaonline.rs\/image\/data\/pdf\/pravilnik-o-nacinu-oglasavanja-leka-odnosno-medicinskog-sredstva.pdf\">ITT.<\/a><\/p>\n<p>&nbsp;<\/p>\n<p><strong>Mi az a Bengay kr\u00e9m \u00e9s mire val\u00f3?<\/strong><br \/>\nA BENGAY kr\u00e9m metilszalicil\u00e1t 15% \u00e9s mentol 10% hat\u00f3anyagokat tartalmaz, amelyek a helyi irrit\u00e1l\u00f3 szerek csoportj\u00e1ba tartoznak. A BENGAY kr\u00e9m hat\u00f3anyagai jav\u00edtj\u00e1k a b\u0151r kering\u00e9s\u00e9t, felmeleg\u00edtik a kezelt ter\u00fcletet \u00e9s enyh\u00edtik a f\u00e1jdalmat az alkalmaz\u00e1s hely\u00e9n. A BENGAY kr\u00e9m \u00edz\u00fcleti vagy izomgyullad\u00e1s, illetve izomfesz\u00fcl\u00e9s, valamint \u00edz\u00fcleti elmozdul\u00e1s okozta f\u00e1jdalom cs\u00f6kkent\u00e9s\u00e9re (megsz\u00fcntet\u00e9s\u00e9re) szolg\u00e1l. Kisebb sports\u00e9r\u00fcl\u00e9sek f\u00e1jdalm\u00e1nak cs\u00f6kkent\u00e9s\u00e9re (megsz\u00fcntet\u00e9s\u00e9re) is alkalmazz\u00e1k, ha nincs b\u0151rs\u00e9r\u00fcl\u00e9s.<\/p>\n<p><strong>Mit kell tudni a Bengay kr\u00e9m bev\u00e9tele el\u0151tt?<\/strong><br \/>\nFelt\u00e9tlen\u00fcl t\u00e1j\u00e9koztassa kezel\u0151orvos\u00e1t vagy gy\u00f3gyszer\u00e9sz\u00e9t a jelenleg vagy nemr\u00e9giben szedett egy\u00e9b gy\u00f3gyszereir\u0151l, bele\u00e9rtve a v\u00e9ny n\u00e9lk\u00fcl kaphat\u00f3kat is, majd ha kr\u00f3nikus betegs\u00e9ge, anyagcserezavara van, t\u00fal\u00e9rz\u00e9keny a gy\u00f3gyszerekre vagy allergi\u00e1s reakci\u00f3i voltak n\u00e9h\u00e1nyat t\u0151l\u00fck.<\/p>\n<p><strong>A BENGAY kr\u00e9met nem szabad haszn\u00e1lni:<\/strong><\/p>\n<ul>\n<li>\u00a0ha allergi\u00e1s a metilszalicil\u00e1tra \u00e9s m\u00e1s szalicil\u00e1tokra, mentolra vagy a gy\u00f3gyszer b\u00e1rmely seg\u00e9danyag\u00e1ra<\/li>\n<li>\u00a0Ha ny\u00edlt sebe, s\u00e9r\u00fclt vagy irrit\u00e1lt b\u0151re van<\/li>\n<li>\u00a0Ha 12 \u00e9vesn\u00e9l fiatalabb<\/li>\n<li>\u00a0ha \u00d6n or\u00e1lis antikoagul\u00e1ns kezel\u00e9st (warfarin, acenokumarol) kap a v\u00e9rz\u00e9s kock\u00e1zata miatt<\/li>\n<\/ul>\n<p><strong>A BENGAY kr\u00e9m szed\u00e9se sor\u00e1n legyen k\u00fcl\u00f6n\u00f6sen \u00f3vatos:<br \/>\nA BENGAY kr\u00e9m alkalmaz\u00e1sa el\u0151tt forduljon orvos\u00e1hoz, ha:<\/strong><\/p>\n<ul>\n<li>\u00a0hajlamos az allergi\u00e1ra, vagy m\u00e1r volt allergi\u00e1s reakci\u00f3ja gy\u00f3gyszerekre, k\u00fcl\u00f6n\u00f6sen az aszpirinre<\/li>\n<li>\u00a0terhes vagy<\/li>\n<li>\u00a0szoptat<\/li>\n<\/ul>\n<p><strong>Figyelmeztet\u00e9sek:<\/strong><\/p>\n<ul>\n<li>BENGAY, a kr\u00e9m kiz\u00e1r\u00f3lag derm\u00e1lis haszn\u00e1latra k\u00e9sz\u00fclt<\/li>\n<li>Nem szabad a szem, az orr, a sz\u00e1j vagy a nemi szervek ny\u00e1lkah\u00e1rty\u00e1j\u00e1ra felvinni<\/li>\n<li>A kr\u00e9m felvitele ut\u00e1n azonnal kezet kell mosni<\/li>\n<li>Nem szabad napozni az elken\u0151d\u00f6tt ter\u00fcletet<\/li>\n<li>Ne haszn\u00e1ljon nagy mennyis\u00e9g\u0171 kr\u00e9met, \u00e9s ne tegyen felmeleg\u00edtett borogat\u00e1st vagy forr\u00f3 vizes palackot a zs\u00edrozott ter\u00fcletre.<\/li>\n<li>A BENGAY kr\u00e9met nem szabad felvinni irrit\u00e1ci\u00f3 vagy egy\u00e9b b\u0151rk\u00e1rosod\u00e1s eset\u00e9n<\/li>\n<li>A BENGAY kr\u00e9m lanolint tartalmaz, amely helyi b\u0151rreakci\u00f3kat (kontakt dermatitist) okozhat.<\/li>\n<\/ul>\n<p>Felt\u00e9tlen\u00fcl forduljon orvos\u00e1hoz, ha a f\u00e1jdalom nem enyh\u00fcl a BENGAY kr\u00e9m felvitel\u00e9nek kezdet\u00e9t\u0151l sz\u00e1m\u00edtott 10 vagy t\u00f6bb napon bel\u00fcl.<\/p>\n<p><strong>Egy\u00e9b gy\u00f3gyszerek alkalmaz\u00e1sa:<\/strong><br \/>\nAz INR szignifik\u00e1ns megny\u00fal\u00e1s\u00e1t mutatt\u00e1k ki azokn\u00e1l a betegekn\u00e9l, akik egyidej\u0171leg warfarint vettek sz\u00e1jon \u00e1t \u00e9s metilszalicil\u00e1tot tartalmaz\u00f3 k\u00e9sz\u00edtm\u00e9nyt alkalmaztak a b\u0151r\u00f6n.<\/p>\n<p><strong>A BENGAY kr\u00e9m bead\u00e1sa \u00e9tellel vagy itallal:<\/strong><br \/>\nNem alkalmazhat\u00f3.<\/p>\n<p><strong>A BENGAY kr\u00e9m alkalmaz\u00e1sa terhess\u00e9g \u00e9s szoptat\u00e1s alatt:<\/strong><br \/>\nMiel\u0151tt b\u00e1rmilyen gy\u00f3gyszert elkezdene szedni, konzult\u00e1ljon orvos\u00e1val vagy gy\u00f3gyszer\u00e9sz\u00e9vel.<br \/>\nTekintettel arra, hogy a BENGAY kr\u00e9m hat\u00f3anyaga, a metil-szalicil\u00e1t a b\u0151r\u00f6n kereszt\u00fcl felsz\u00edv\u00f3dik, \u00e9s irrit\u00e1l\u00f3 hat\u00e1ssal lehet a baba k\u00f6zponti idegrendszer\u00e9re, k\u00fcl\u00f6n\u00f6sen a term\u00e9k nagyobb testfel\u00fcleteire t\u00f6rt\u00e9n\u0151 felvitel\u00e9t k\u00f6vet\u0151en, a BENGAY kr\u00e9met nem szabad terhess\u00e9g alatt \u00e9s szoptat\u00e1s orvosi konzult\u00e1ci\u00f3 n\u00e9lk\u00fcl. Az orvos felm\u00e9ri, hogy a k\u00e9sz\u00edtm\u00e9ny haszn\u00e1lat\u00e1nak el\u0151nyei meghaladj\u00e1k-e a baba lehets\u00e9ges kock\u00e1zat\u00e1t.<\/p>\n<p><strong>A BENGAY, kr\u00e9m hat\u00e1sa a g\u00e9pj\u00e1rm\u0171vezet\u00e9sre \u00e9s a g\u00e9pek kezel\u00e9s\u00e9re<\/strong>:<br \/>\nNincsenek adatok a BENGAY kr\u00e9mnek a g\u00e9pj\u00e1rm\u0171vezet\u00e9shez \u00e9s g\u00e9pek vezet\u00e9s\u00e9hez sz\u00fcks\u00e9ges k\u00e9pess\u00e9gekre gyakorolt hat\u00e1s\u00e1r\u00f3l.<\/p>\n<p><strong>Hogyan kell haszn\u00e1lni a BENGAY kr\u00e9met?<\/strong><\/p>\n<ul>\n<li>Ha \u00fagy gondolja, hogy a BENGAY kr\u00e9m t\u00fal gyeng\u00e9n vagy er\u0151sen hat az \u00d6n szervezet\u00e9re, forduljon orvoshoz vagy gy\u00f3gyszer\u00e9szhez.<\/li>\n<li>A BENGAY kr\u00e9m kiz\u00e1r\u00f3lag k\u00fcls\u0151 haszn\u00e1latra k\u00e9sz\u00fclt<\/li>\n<li>A BENGAY kr\u00e9m feln\u0151tteknek \u00e9s 12 \u00e9v feletti serd\u00fcl\u0151knek k\u00e9sz\u00fclt<\/li>\n<li>A kr\u00e9met gyeng\u00e9d d\u00f6rzs\u00f6l\u00e9ssel kell felvinni az \u00e9rintett ter\u00fclet b\u0151r\u00e9re; az elj\u00e1r\u00e1s n\u00e9h\u00e1ny \u00f3ra m\u00falva megism\u00e9telhet\u0151 (\u00e1ltal\u00e1ban napi 3-4 alkalommal)<\/li>\n<li>Orvosa tan\u00e1csot ad \u00d6nnek, hogy mennyi ideig szedje a BENGAY kr\u00e9met<\/li>\n<\/ul>\n<p><strong>Ha egy\u00e9b inform\u00e1ci\u00f3ra van sz\u00fcks\u00e9ge, vagy b\u00e1rmilyen tov\u00e1bbi k\u00e9rd\u00e9se van ezzel a gy\u00f3gyszerrel vagy betegs\u00e9g\u00e9vel kapcsolatban, forduljon orvos\u00e1hoz vagy gy\u00f3gyszer\u00e9sz\u00e9hez.<\/strong><\/p>\n<p><strong>Ha az el\u0151\u00edrtn\u00e1l t\u00f6bb BENGAY kr\u00e9met vett be:<\/strong><br \/>\nHa az el\u0151\u00edrtn\u00e1l nagyobb adag BENGAY kr\u00e9met vett be, azonnal forduljon kezel\u0151orvos\u00e1hoz vagy gy\u00f3gyszer\u00e9sz\u00e9hez! Megteszik a sz\u00fcks\u00e9ges int\u00e9zked\u00e9seket, \u00e9s megfelel\u0151 tan\u00e1csokat adnak.<\/p>\n<p><strong>Ha elfelejtette bevenni a BENGAY kr\u00e9met:<\/strong><br \/>\nSoha ne vegyen be dupla adagot a kihagyott adag p\u00f3tl\u00e1s\u00e1ra! Ha esz\u00e9be jut vagy lehet\u0151s\u00e9ge van r\u00e1, folytassa a k\u00e9sz\u00edtm\u00e9ny haszn\u00e1lat\u00e1t, de az aj\u00e1nlott adag alkalmaz\u00e1s\u00e1val \u00e9s a javasolt m\u00f3don.<\/p>\n<p><strong>Ha hirtelen abbahagyja a BENGAY kr\u00e9m szed\u00e9s\u00e9t:<\/strong><br \/>\nNem alkalmazhat\u00f3.<\/p>\n<p><strong>Lehets\u00e9ges mell\u00e9khat\u00e1sok:<\/strong><br \/>\nM\u00e1s gy\u00f3gyszerekhez hasonl\u00f3an a BENGAY kr\u00e9m is okozhat nemk\u00edv\u00e1natos hat\u00e1sokat egyes emberekn\u00e9l, amelyek ritk\u00e1n s\u00falyosak. F\u0151leg az alkalmaz\u00e1s hely\u00e9n jelentkeznek b\u0151rreakci\u00f3k\u00e9nt (pl. b\u0151rp\u00edr, ki\u00fct\u00e9s, \u00e9g\u00e9s).<br \/>\nNagy mennyis\u00e9g\u0171 BENGAY kr\u00e9m felvitele, azaz nagy b\u0151rfel\u00fcletre t\u00f6rt\u00e9n\u0151 felvitele eset\u00e9n a mentol alap\u00fa k\u00e9sz\u00edtm\u00e9nyek sz\u00e1jon \u00e1t t\u00f6rt\u00e9n\u0151 bev\u00e9tel\u00e9hez hasonl\u00f3 mell\u00e9khat\u00e1sok l\u00e9phetnek fel: h\u00e1nyinger, hasi f\u00e1jdalom, h\u00e1ny\u00e1s \u00e9s depresszi\u00f3s t\u00fcnetek. k\u00f6zponti idegrendszerre (fejf\u00e1j\u00e1s, bizonytalan j\u00e1r\u00e1s, \u00e1lmoss\u00e1g, lass\u00fa l\u00e9gz\u00e9s \u00e9s k\u00f3ma). Ha b\u00e1rmely mell\u00e9khat\u00e1s s\u00falyoss\u00e1 v\u00e1lik, vagy olyan mell\u00e9khat\u00e1st \u00e9szlel, amely nem szerepel ebben az \u00fatmutat\u00f3ban, k\u00e9rj\u00fck, \u00e9rtes\u00edtse orvos\u00e1t vagy gy\u00f3gyszer\u00e9sz\u00e9t.<\/p>\n<p><strong>Hogyan kell a BENGAY kr\u00e9met t\u00e1rolni?<\/strong><br \/>\nA BENGAY gy\u00f3gyszert, kr\u00e9met gyermekekt\u0151l elz\u00e1rva tartsa!<\/p>\n<p><strong>Lej\u00e1rati d\u00e1tum:<\/strong><br \/>\nA haszn\u00e1lati id\u0151 2 \u00e9v<br \/>\nA k\u00e9sz\u00edtm\u00e9nyt nem szabad felhaszn\u00e1lni a csomagol\u00e1son felt\u00fcntetett lej\u00e1rati id\u0151 ut\u00e1n<\/p>\n<p><strong>T\u00e1rol\u00e1s:<\/strong><br \/>\nA gy\u00f3gyszert legfeljebb 25 oC-on, az eredeti csomagol\u00e1sban t\u00e1rolj\u00e1k<\/p>\n<p><strong>Csomagol\u00e1s:<\/strong>\u00a050 gramm<\/p>\n<p><strong>Haszn\u00e1lat el\u0151tt olvassa el r\u00e9szletesen az utas\u00edt\u00e1sokat a gy\u00f3gyszer indik\u00e1ci\u00f3ir\u00f3l, \u00f3vint\u00e9zked\u00e9seir\u0151l \u00e9s mell\u00e9khat\u00e1sair\u00f3l.<\/strong><\/p>\n<p>&nbsp;<\/p>\n<p>&nbsp;<\/p>\n<p>&nbsp;<\/p>","protected":false},"featured_media":4232,"template":"","meta":[],"product_brand":[],"product_cat":[82],"product_tag":[551,1375,1376,268],"class_list":{"0":"post-4214","1":"product","2":"type-product","3":"status-publish","4":"has-post-thumbnail","6":"product_cat-kosti-zglobovi-i-neuropatski-bol","7":"product_tag-mentol","8":"product_tag-metilsalicilat","9":"product_tag-poboljsava-cirkulaciju","10":"product_tag-zglobovi","12":"first","13":"instock","14":"shipping-taxable","15":"product-type-simple"},"ams_default_variation_id":0,"ams_product_points_reward":[],"ams_product_discount_percentage":0,"ams_price_to_display":0,"ams_acf":[],"jetpack_sharing_enabled":true,"_links":{"self":[{"href":"https:\/\/apotekar-online.rs\/hu\/wp-json\/wp\/v2\/product\/4214","targetHints":{"allow":["GET"]}}],"collection":[{"href":"https:\/\/apotekar-online.rs\/hu\/wp-json\/wp\/v2\/product"}],"about":[{"href":"https:\/\/apotekar-online.rs\/hu\/wp-json\/wp\/v2\/types\/product"}],"wp:featuredmedia":[{"embeddable":true,"href":"https:\/\/apotekar-online.rs\/hu\/wp-json\/wp\/v2\/media\/4232"}],"wp:attachment":[{"href":"https:\/\/apotekar-online.rs\/hu\/wp-json\/wp\/v2\/media?parent=4214"}],"wp:term":[{"taxonomy":"product_brand","embeddable":true,"href":"https:\/\/apotekar-online.rs\/hu\/wp-json\/wp\/v2\/product_brand?post=4214"},{"taxonomy":"product_cat","embeddable":true,"href":"https:\/\/apotekar-online.rs\/hu\/wp-json\/wp\/v2\/product_cat?post=4214"},{"taxonomy":"product_tag","embeddable":true,"href":"https:\/\/apotekar-online.rs\/hu\/wp-json\/wp\/v2\/product_tag?post=4214"}],"curies":[{"name":"wp","href":"https:\/\/api.w.org\/{rel}","templated":true}]}}