{"id":4218,"date":"2023-09-12T08:05:59","date_gmt":"2023-09-12T10:05:59","guid":{"rendered":"https:\/\/apotekar-online.rs\/?post_type=product&#038;p=4218"},"modified":"2026-03-05T08:13:29","modified_gmt":"2026-03-05T10:13:29","slug":"fluxiv-tabletta-30x","status":"publish","type":"product","link":"https:\/\/apotekar-online.rs\/hu\/p\/fluxiv-tablete-30x\/","title":{"rendered":"Fluxiv tabletta 30x"},"content":{"rendered":"","protected":false},"excerpt":{"rendered":"<p><strong>Fluxiv<\/strong>\u00a0egy \u00e9trend-kieg\u00e9sz\u00edt\u0151, amely hozz\u00e1j\u00e1rul az eg\u00e9szs\u00e9ges \u00e9rrendszeri kering\u00e9shez.<\/p>\n<p><strong>M\u0171velet:<\/strong><br \/>\nH\u00e1rom hat\u00f3anyag kombin\u00e1ci\u00f3ja meghosszabb\u00edtja az \u00e9r\u00f6sszeh\u00faz\u00f3 hat\u00e1st a v\u00e9na fal\u00e1n:<br \/>\n- n\u00f6veli a v\u00e9n\u00e1s t\u00f3nust<br \/>\n- cs\u00f6kkenti a v\u00e9n\u00e1s magas v\u00e9rnyom\u00e1st<\/p>\n<p>Kinek aj\u00e1nljuk:<br \/>\n- kr\u00f3nikus v\u00e9n\u00e1s el\u00e9gtelens\u00e9gben szenved\u0151knek (neh\u00e9zl\u00e1b \u00e9rz\u00e9s, f\u00e1jdalom, reggeli l\u00e1bf\u00e1radts\u00e1g)<br \/>\n- akut hemorrhoid szindr\u00f3m\u00e1ban szenved\u0151knek<\/p>\n<p><strong>Fogalmaz\u00e1s:<\/strong><br \/>\nDiosmin, heszperidin, troxerutin \u00e9s C-vitamin, amelyek szinergikusan hatnak. Ennek a kombin\u00e1ci\u00f3nak a hat\u00e1sa fel\u00fclm\u00falja a monoter\u00e1piak\u00e9nt haszn\u00e1lt b\u00e1rmely \u00f6sszetev\u0151t. 500 mg bioflavonoid egyed\u00fcl\u00e1ll\u00f3 kombin\u00e1ci\u00f3ja.<\/p>\n<p><strong>Alkalmaz\u00e1s m\u00f3dja:\u00a0<\/strong><br \/>\nNaponta k\u00e9tszer 1 kapszula, b\u0151 folyad\u00e9kkal<\/p>\n<p>)<strong>Csomagol\u00e1s:<\/strong>\u00a030 db bevont tabletta<\/p>\n<p>&nbsp;<\/p>\n<p>&nbsp;<\/p>","protected":false},"featured_media":4219,"template":"","meta":[],"product_brand":[],"product_cat":[79],"product_tag":[592,274,1133,275,1383,1385,1384,1382,245],"class_list":{"0":"post-4218","1":"product","2":"type-product","3":"status-publish","4":"has-post-thumbnail","6":"product_cat-srce-krvni-sudovi-i-holesterol","7":"product_tag-dijetetski-suplement","8":"product_tag-diosmin","9":"product_tag-hemoridi","10":"product_tag-hesperidin","11":"product_tag-hipertenzija","12":"product_tag-trokserutin","13":"product_tag-venska-insuficijencija","14":"product_tag-venski-tonus","15":"product_tag-vitamin-c","16":"pa_brend-antibiotice","18":"first","19":"instock","20":"shipping-taxable","21":"purchasable","22":"product-type-simple"},"ams_default_variation_id":0,"ams_product_points_reward":[],"ams_product_discount_percentage":0,"ams_price_to_display":950,"ams_acf":[],"jetpack_sharing_enabled":true,"_links":{"self":[{"href":"https:\/\/apotekar-online.rs\/hu\/wp-json\/wp\/v2\/product\/4218","targetHints":{"allow":["GET"]}}],"collection":[{"href":"https:\/\/apotekar-online.rs\/hu\/wp-json\/wp\/v2\/product"}],"about":[{"href":"https:\/\/apotekar-online.rs\/hu\/wp-json\/wp\/v2\/types\/product"}],"wp:featuredmedia":[{"embeddable":true,"href":"https:\/\/apotekar-online.rs\/hu\/wp-json\/wp\/v2\/media\/4219"}],"wp:attachment":[{"href":"https:\/\/apotekar-online.rs\/hu\/wp-json\/wp\/v2\/media?parent=4218"}],"wp:term":[{"taxonomy":"product_brand","embeddable":true,"href":"https:\/\/apotekar-online.rs\/hu\/wp-json\/wp\/v2\/product_brand?post=4218"},{"taxonomy":"product_cat","embeddable":true,"href":"https:\/\/apotekar-online.rs\/hu\/wp-json\/wp\/v2\/product_cat?post=4218"},{"taxonomy":"product_tag","embeddable":true,"href":"https:\/\/apotekar-online.rs\/hu\/wp-json\/wp\/v2\/product_tag?post=4218"}],"curies":[{"name":"wp","href":"https:\/\/api.w.org\/{rel}","templated":true}]}}