{"id":4224,"date":"2023-09-12T09:23:49","date_gmt":"2023-09-12T11:23:49","guid":{"rendered":"https:\/\/apotekar-online.rs\/?post_type=product&#038;p=4224"},"modified":"2026-03-05T08:13:29","modified_gmt":"2026-03-05T10:13:29","slug":"jomelop-e-melem-145ml","status":"publish","type":"product","link":"https:\/\/apotekar-online.rs\/hu\/p\/jomelop-e-melem145ml\/","title":{"rendered":"Jomelop E balzsam 145ml"},"content":{"rendered":"","protected":false},"excerpt":{"rendered":"<p>A Jomelop E balzsam hegek, keloidok \u00e9s \u00e9g\u00e9si s\u00e9r\u00fcl\u00e9sek elt\u00e1vol\u00edt\u00e1s\u00e1ra A Jomelop E balzsam egy speci\u00e1lisan kialak\u00edtott k\u00fcls\u0151 haszn\u00e1latra k\u00e9sz\u00fclt emulzi\u00f3, melynek hat\u00f3anyaga ill\u00f3olajok \u00e9s szabv\u00e1nyos min\u0151s\u00e9g\u0171 gy\u00f3gyn\u00f6v\u00e9ny-kivonatok. A JOMELOP E fitoprepar\u00e1ci\u00f3 nagyon fontos \u00f6sszetev\u0151je egy speci\u00e1lisan kiv\u00e1lasztott szubsztr\u00e1t, amely finom\u00edtatlan ol\u00edvaolajat tartalmaz. F\u0151 szerepe az optim\u00e1lis reol\u00f3giai m\u0171k\u00f6d\u00e9s biztos\u00edt\u00e1sa, k\u00e9miai \u00f6sszet\u00e9tel\u00e9nek (vitaminok, polifenolok, szterinek) k\u00f6sz\u00f6nhet\u0151en. A ken\u0151cs kiv\u00e1l\u00f3 eredm\u00e9nyeket mutatott az \u00e9g\u00e9si s\u00e9r\u00fcl\u00e9sek \u00e9s m\u00e1s t\u00edpus\u00fa s\u00e9r\u00fcl\u00e9sek okozta hegek \u00e9s keloidok elt\u00e1vol\u00edt\u00e1s\u00e1ban.<\/p>\n<p><strong>Fogalmaz\u00e1s:<\/strong>\u00a0Aqua, Extra sz\u0171z ol\u00edvaolaj, Lanolinum anhydricum, Acidum stearicum, Levendula olaj, Gy\u00f3gyn\u00f6v\u00e9nykivonat, Euxyl K100 0,04%.<\/p>\n<p><strong>Csomagol\u00e1s:<\/strong>\u00a0150 ml<\/p>\n<p><strong>Alkalmaz\u00e1si m\u00f3d \u00e9s adagol\u00e1s:\u00a0<\/strong>Mossa le a keloidokat, a deform\u00e1l\u00f3dott r\u00e1ncos sz\u00f6veteket (k\u00f6zismertebb nev\u00e9n a vadh\u00fast) \u00e9s a hegeket langyos v\u00edzzel gyermek- vagy glicerines szappannal, majd t\u00f6r\u00f6lje sz\u00e1razra a ter\u00fcletet tiszta, puha t\u00f6r\u00fclk\u00f6z\u0151vel. \u00c1ztassuk be az \u00edgy el\u0151k\u00e9sz\u00edtett ter\u00fcletet ken\u0151ccsel, \u00e9s ujjbeggyel gyeng\u00e9den massz\u00edrozzuk 5-10 percig, id\u0151nk\u00e9nt ken\u0151cs\u00f6t adagolva. Tedd ezt reggel \u00e9s este lefekv\u00e9s el\u0151tt. R\u00e9gi hegek \u00e9s keloidok eset\u00e9n az elj\u00e1r\u00e1s megegyezik azzal a k\u00fcl\u00f6nbs\u00e9ggel, hogy a massz\u00e1zs 20-30 percig tart er\u0151sebb massz\u00e1zs alkalmaz\u00e1s\u00e1val. Mindk\u00e9t esetben este lefekv\u00e9s el\u0151tt tegy\u00fcnk a hegekre, keloidokra ken\u0151ccsel \u00e1titatott n\u00e9gyszeres g\u00e9zt, \u00e9s r\u00f6gz\u00edts\u00fck k\u00f6t\u00e9ssel vagy tapasszal, \u00e9s \u00edgy t\u00f6lts\u00fck az \u00e9jszak\u00e1t. A ter\u00e1pia a hegek vagy keloid kor\u00e1t\u00f3l \u00e9s m\u00e9ret\u00e9t\u0151l f\u00fcgg\u0151en tart. Ez a ken\u0151cs megfelel\u0151 gy\u00f3gy\u00e1szati \u00f6sszet\u00e9tel\u00e9vel nagyon hat\u00e9konyan fejti ki hat\u00e1s\u00e1t az els\u0151 fok\u00fa \u00e9g\u00e9si s\u00e9r\u00fcl\u00e9sekn\u00e9l, \u00edgy az \u00e9gett helyre val\u00f3 felken\u00e9s ut\u00e1n a f\u00e1jdalom viszonylag r\u00f6vid id\u0151n bel\u00fcl elm\u00falik \u00e9s a b\u0151rp\u00edr (p\u00edr) megsz\u0171nik. Ez a ken\u0151cs nagyszer\u0171 eredm\u00e9nyt mutatott az \u00e9g\u00e9si s\u00e9r\u00fcl\u00e9sek \u00e9s m\u00e1s t\u00edpus\u00fa s\u00e9r\u00fcl\u00e9sek \u00e1ltal okozott hegek \u00e9s keloidok szinte teljes cs\u00f6kkent\u00e9s\u00e9ben, azaz elt\u00e1vol\u00edt\u00e1s\u00e1ban.<\/p>\n<p><strong>Jegyzet:<\/strong>\u00a0Csak k\u00fcls\u0151leg.<\/p>\n<p><strong>Gy\u00e1rt\u00f3:<\/strong>\u00a0Menta Padei<\/p>\n<p>&nbsp;<\/p>\n<p>&nbsp;<\/p>\n<p>&nbsp;<\/p>","protected":false},"featured_media":4225,"template":"","meta":[],"product_brand":[],"product_cat":[547],"product_tag":[899,1109,1363],"class_list":{"0":"post-4224","1":"product","2":"type-product","3":"status-publish","4":"has-post-thumbnail","6":"product_cat-kozmetika-i-nega-za-odrasle","7":"product_tag-melem","8":"product_tag-opekotine","9":"product_tag-oziljke","10":"pa_brend-menta-padej","12":"first","13":"instock","14":"shipping-taxable","15":"purchasable","16":"product-type-simple"},"ams_default_variation_id":0,"ams_product_points_reward":[],"ams_product_discount_percentage":0,"ams_price_to_display":998,"ams_acf":[],"jetpack_sharing_enabled":true,"_links":{"self":[{"href":"https:\/\/apotekar-online.rs\/hu\/wp-json\/wp\/v2\/product\/4224","targetHints":{"allow":["GET"]}}],"collection":[{"href":"https:\/\/apotekar-online.rs\/hu\/wp-json\/wp\/v2\/product"}],"about":[{"href":"https:\/\/apotekar-online.rs\/hu\/wp-json\/wp\/v2\/types\/product"}],"wp:featuredmedia":[{"embeddable":true,"href":"https:\/\/apotekar-online.rs\/hu\/wp-json\/wp\/v2\/media\/4225"}],"wp:attachment":[{"href":"https:\/\/apotekar-online.rs\/hu\/wp-json\/wp\/v2\/media?parent=4224"}],"wp:term":[{"taxonomy":"product_brand","embeddable":true,"href":"https:\/\/apotekar-online.rs\/hu\/wp-json\/wp\/v2\/product_brand?post=4224"},{"taxonomy":"product_cat","embeddable":true,"href":"https:\/\/apotekar-online.rs\/hu\/wp-json\/wp\/v2\/product_cat?post=4224"},{"taxonomy":"product_tag","embeddable":true,"href":"https:\/\/apotekar-online.rs\/hu\/wp-json\/wp\/v2\/product_tag?post=4224"}],"curies":[{"name":"wp","href":"https:\/\/api.w.org\/{rel}","templated":true}]}}