{"id":4324,"date":"2023-09-25T09:48:45","date_gmt":"2023-09-25T11:48:45","guid":{"rendered":"https:\/\/apotekar-online.rs\/?post_type=product&#038;p=4324"},"modified":"2026-03-05T08:12:41","modified_gmt":"2026-03-05T10:12:41","slug":"rabenhorst-sok-za-imuni-sistem-750ml","status":"publish","type":"product","link":"https:\/\/apotekar-online.rs\/hu\/p\/rabenhorst-sok-za-imuni-sistem-750ml\/","title":{"rendered":"Rabenhorst l\u00e9 az immunrendszer\u00e9rt 750ml"},"content":{"rendered":"","protected":false},"excerpt":{"rendered":"<p>Doprinosi normalnoj funkciji imunog sistema,\u00a0deluje kao sna\u017ean antioksidans, doprinosi normalnoj psiholo\u0161koj funkciji, metabolizmu stvaranje energije, smanjenju umora i iscrpljenosti.<\/p>\n<p>&nbsp;<\/p>\n<p class=\"mainTitle oswald\"><strong>A felhaszn\u00e1l\u00e1s m\u00f3dja<\/strong><\/p>\n<div class=\"text\">\n<p>150ml\/dan.<\/p>\n<div>150 ml soka sadr\u017ei 300 % preporu\u010dene dnevne doze vitamina C i 23% preporu\u010dene dnevne doze cinka.<\/div>\n<\/div>\n<p>&nbsp;<\/p>\n<p><strong>Fogalmaz\u00e1s<\/strong>:<\/p>\n<p>Sok od jabuke*, pire manga*, pire jabuke*, pire acerole*, vo\u0107ni prah acerole*, vitamin C*, cink-glukonat*<\/p>\n<p>*ekolo\u0161ki uzgoj<\/p>","protected":false},"featured_media":4325,"template":"","meta":[],"product_brand":[],"product_cat":[78,77],"product_tag":[620,179,1506,1502,705],"class_list":{"0":"post-4324","1":"product","2":"type-product","3":"status-publish","4":"has-post-thumbnail","6":"product_cat-vitamini-i-minerali","7":"product_cat-imunitet","8":"product_tag-antioksidans","9":"product_tag-imunitet","10":"product_tag-napitak","11":"product_tag-rabenhorst","12":"product_tag-smanjenje-umora-i-iscrpljenosti","13":"pa_brend-rabenhorst","15":"first","16":"instock","17":"shipping-taxable","18":"purchasable","19":"product-type-simple"},"ams_default_variation_id":0,"ams_product_points_reward":[],"ams_product_discount_percentage":0,"ams_price_to_display":573.05,"ams_acf":[],"jetpack_sharing_enabled":true,"_links":{"self":[{"href":"https:\/\/apotekar-online.rs\/hu\/wp-json\/wp\/v2\/product\/4324","targetHints":{"allow":["GET"]}}],"collection":[{"href":"https:\/\/apotekar-online.rs\/hu\/wp-json\/wp\/v2\/product"}],"about":[{"href":"https:\/\/apotekar-online.rs\/hu\/wp-json\/wp\/v2\/types\/product"}],"wp:featuredmedia":[{"embeddable":true,"href":"https:\/\/apotekar-online.rs\/hu\/wp-json\/wp\/v2\/media\/4325"}],"wp:attachment":[{"href":"https:\/\/apotekar-online.rs\/hu\/wp-json\/wp\/v2\/media?parent=4324"}],"wp:term":[{"taxonomy":"product_brand","embeddable":true,"href":"https:\/\/apotekar-online.rs\/hu\/wp-json\/wp\/v2\/product_brand?post=4324"},{"taxonomy":"product_cat","embeddable":true,"href":"https:\/\/apotekar-online.rs\/hu\/wp-json\/wp\/v2\/product_cat?post=4324"},{"taxonomy":"product_tag","embeddable":true,"href":"https:\/\/apotekar-online.rs\/hu\/wp-json\/wp\/v2\/product_tag?post=4324"}],"curies":[{"name":"wp","href":"https:\/\/api.w.org\/{rel}","templated":true}]}}