{"id":4393,"date":"2023-09-27T09:13:23","date_gmt":"2023-09-27T11:13:23","guid":{"rendered":"https:\/\/apotekar-online.rs\/?post_type=product&#038;p=4393"},"modified":"2026-03-05T08:12:38","modified_gmt":"2026-03-05T10:12:38","slug":"anti-imperfection-micellas-arcviz-vegyes-es-zsiros-borre-400-ml","status":"publish","type":"product","link":"https:\/\/apotekar-online.rs\/hu\/p\/anti-imperfection-micelarna-voda-za-lice-za-mesovitu-i-masnu-kozu-400-ml\/","title":{"rendered":"Anti-Imperfection micell\u00e1s arcv\u00edz vegyes \u00e9s zs\u00edros b\u0151rre, 400 ml"},"content":{"rendered":"","protected":false},"excerpt":{"rendered":"<ul class=\"pdd_1609wnw2\">\n<li>Vegyes \u00e9s zs\u00edros b\u0151rre<\/li>\n<li>PH \u00e9rt\u00e9k 5,5<\/li>\n<li>Tiszt\u00edtja \u00e9s elt\u00e1vol\u00edtja a szennyez\u0151d\u00e9s nyomait<\/li>\n<li>Hipoallerg\u00e9n<\/li>\n<\/ul>\n<div class=\"pdd_1609wnw3\">A Mixa Anti-Imperfection micell\u00e1s v\u00edz kifejezetten kombin\u00e1lt \u00e9s zs\u00edros b\u0151r\u0171ek sz\u00e1m\u00e1ra k\u00e9sz\u00fclt. Speci\u00e1lis, 5,5 pH-\u00e9rt\u00e9k\u0171 \u00f6sszet\u00e9tel\u00e9nek \u00e9s tiszt\u00edt\u00f3 cink\u00e9nek k\u00f6sz\u00f6nhet\u0151en ez a micell\u00e1s v\u00edz m\u00e9lyen megtiszt\u00edtja az \u00e9rz\u00e9keny b\u0151rt, \u00e9s irrit\u00e1ci\u00f3 n\u00e9lk\u00fcl elt\u00e1vol\u00edtja a szennyez\u0151d\u00e9sek \u00e9s a smink nyomait. A Mixa Anti-Imperfection micell\u00e1s v\u00edz seg\u00edt cs\u00f6kkenteni a t\u00f6k\u00e9letlens\u00e9geket, \u00e9s ide\u00e1lis l\u00e9p\u00e9s a pattan\u00e1sokra \u00e9s mitesszerekre hajlamos zs\u00edros b\u0151r tiszt\u00edt\u00e1si rutinj\u00e1ban.<\/div>\n<div><\/div>\n<div><strong>Fogalmaz\u00e1s<\/strong>: 880090 6 \u2013 AQUA \/ V\u00cdZ, HEXIL\u00c9N-GLIKOL, GLICERIN, POLOXAMER 184, CITROMSAV, N\u00c1TRIUM-KOKOAMPHODIACET\u00c1T, DIN\u00c1TRIUM-EDTA, PANTENOL, PARFUM \/ ILLAT, HEXIL\u00c9N-GLIKOL, PEG-60 POLOXAMER ANID, CINKGLUKON\u00c1T<\/div>\n<div><\/div>\n<div><\/div>\n<div><\/div>\n<div><\/div>","protected":false},"featured_media":4398,"template":"","meta":[],"product_brand":[],"product_cat":[178,547],"product_tag":[940,1574,419,1410,1408,213,1573,1127],"class_list":{"0":"post-4393","1":"product","2":"type-product","3":"status-publish","4":"has-post-thumbnail","6":"product_cat-nega-lica","7":"product_cat-kozmetika-i-nega-za-odrasle","8":"product_tag-akne","9":"product_tag-bubuljica","10":"product_tag-hipoalergijski","11":"product_tag-kombinovana-koza","12":"product_tag-masna-koza","13":"product_tag-micelarna-voda","14":"product_tag-protiv-nesavrsenosti","15":"product_tag-skidanje-sminke","16":"pa_brend-mixa","18":"first","19":"instock","20":"shipping-taxable","21":"purchasable","22":"product-type-simple"},"ams_default_variation_id":0,"ams_product_points_reward":[],"ams_product_discount_percentage":0,"ams_price_to_display":530,"ams_acf":[],"jetpack_sharing_enabled":true,"_links":{"self":[{"href":"https:\/\/apotekar-online.rs\/hu\/wp-json\/wp\/v2\/product\/4393","targetHints":{"allow":["GET"]}}],"collection":[{"href":"https:\/\/apotekar-online.rs\/hu\/wp-json\/wp\/v2\/product"}],"about":[{"href":"https:\/\/apotekar-online.rs\/hu\/wp-json\/wp\/v2\/types\/product"}],"wp:featuredmedia":[{"embeddable":true,"href":"https:\/\/apotekar-online.rs\/hu\/wp-json\/wp\/v2\/media\/4398"}],"wp:attachment":[{"href":"https:\/\/apotekar-online.rs\/hu\/wp-json\/wp\/v2\/media?parent=4393"}],"wp:term":[{"taxonomy":"product_brand","embeddable":true,"href":"https:\/\/apotekar-online.rs\/hu\/wp-json\/wp\/v2\/product_brand?post=4393"},{"taxonomy":"product_cat","embeddable":true,"href":"https:\/\/apotekar-online.rs\/hu\/wp-json\/wp\/v2\/product_cat?post=4393"},{"taxonomy":"product_tag","embeddable":true,"href":"https:\/\/apotekar-online.rs\/hu\/wp-json\/wp\/v2\/product_tag?post=4393"}],"curies":[{"name":"wp","href":"https:\/\/api.w.org\/{rel}","templated":true}]}}