{"id":4423,"date":"2023-09-28T07:05:45","date_gmt":"2023-09-28T09:05:45","guid":{"rendered":"https:\/\/apotekar-online.rs\/?post_type=product&#038;p=4423"},"modified":"2026-03-05T08:12:37","modified_gmt":"2026-03-05T10:12:37","slug":"detrical-2000-60-tableta-2","status":"publish","type":"product","link":"https:\/\/apotekar-online.rs\/hu\/p\/detrical-2000-60-tableta-2\/","title":{"rendered":"Detrical 2000 60 tabletta"},"content":{"rendered":"","protected":false},"excerpt":{"rendered":"<p>Vitamin D3 poma\u017ee normalno funkcionisanje imunog sistema, odr\u017eavanje zdravlja kostiju i normalnu funkciju mi\u0161i\u0107a, doprinosi apsorbciji kalcijuma i fosfora u organizmu i u\u010destvuje u deobi \u0107elija.<\/p>\n<h5>Adagol\u00e1s \u00e9s alkalmaz\u00e1s m\u00f3dja<\/h5>\n<p>Uzimati jednu tabletu dnevno.<\/p>\n<h5>Fogalmaz\u00e1s<\/h5>\n<p>Holekalciferol, izomalt (sredstvo za pove\u0107anje zapremine), mikrokristalna celuloza (zgu\u0161njiva\u010d), hidroksipropil-metilceluloza (zgu\u0161njiva\u010d), hidroksipropil-celuloza (zgu\u0161njiva\u010d), talk (sredstvo protv zgrudvavanja), trigliceridi srednjeg lanca, titan-dioksid (boja), magnezijum-stearat (sredstvo protiv zgrudvavanja)<\/p>","protected":false},"featured_media":4424,"template":"","meta":[],"product_brand":[],"product_cat":[78,82],"product_tag":[372,1605,327,1604],"class_list":{"0":"post-4423","1":"product","2":"type-product","3":"status-publish","4":"has-post-thumbnail","6":"product_cat-vitamini-i-minerali","7":"product_cat-kosti-zglobovi-i-neuropatski-bol","8":"product_tag-imuni-sistem","9":"product_tag-psorbciji-kalcijuma","10":"product_tag-vitamin-d3","11":"product_tag-zdravlja-kostiju","12":"pa_brend-dr-theiss","14":"first","15":"instock","16":"shipping-taxable","17":"purchasable","18":"product-type-simple"},"ams_default_variation_id":0,"ams_product_points_reward":[],"ams_product_discount_percentage":0,"ams_price_to_display":959.71,"ams_acf":[],"jetpack_sharing_enabled":true,"_links":{"self":[{"href":"https:\/\/apotekar-online.rs\/hu\/wp-json\/wp\/v2\/product\/4423","targetHints":{"allow":["GET"]}}],"collection":[{"href":"https:\/\/apotekar-online.rs\/hu\/wp-json\/wp\/v2\/product"}],"about":[{"href":"https:\/\/apotekar-online.rs\/hu\/wp-json\/wp\/v2\/types\/product"}],"wp:featuredmedia":[{"embeddable":true,"href":"https:\/\/apotekar-online.rs\/hu\/wp-json\/wp\/v2\/media\/4424"}],"wp:attachment":[{"href":"https:\/\/apotekar-online.rs\/hu\/wp-json\/wp\/v2\/media?parent=4423"}],"wp:term":[{"taxonomy":"product_brand","embeddable":true,"href":"https:\/\/apotekar-online.rs\/hu\/wp-json\/wp\/v2\/product_brand?post=4423"},{"taxonomy":"product_cat","embeddable":true,"href":"https:\/\/apotekar-online.rs\/hu\/wp-json\/wp\/v2\/product_cat?post=4423"},{"taxonomy":"product_tag","embeddable":true,"href":"https:\/\/apotekar-online.rs\/hu\/wp-json\/wp\/v2\/product_tag?post=4423"}],"curies":[{"name":"wp","href":"https:\/\/api.w.org\/{rel}","templated":true}]}}