{"id":4428,"date":"2023-09-28T07:31:17","date_gmt":"2023-09-28T09:31:17","guid":{"rendered":"https:\/\/apotekar-online.rs\/?post_type=product&#038;p=4428"},"modified":"2026-03-05T08:12:37","modified_gmt":"2026-03-05T10:12:37","slug":"mixa-hyalurogel-arckrem-light-50-ml","status":"publish","type":"product","link":"https:\/\/apotekar-online.rs\/hu\/p\/mixa-hyalurogel-krema-za-lice-light-50-ml\/","title":{"rendered":"Mixa Hyalurogel arckr\u00e9m - K\u00f6nny\u0171, 50 ml"},"content":{"rendered":"","protected":false},"excerpt":{"rendered":"<ul class=\"pdd_1609wnw2\">\n<li>Arckr\u00e9m<\/li>\n<li>Glicerint \u00e9s tiszta hialuronsavat tartalmaz<\/li>\n<li>24 \u00f3r\u00e1s hidrat\u00e1l\u00e1s<\/li>\n<li>Gyors felsz\u00edv\u00f3d\u00e1s<\/li>\n<\/ul>\n<div class=\"pdd_1609wnw3\">A Mixa Hyalurogel hidrat\u00e1l\u00f3 kr\u00e9m tiszta hialuronsavval, a b\u0151r szerkezet\u00e9nek term\u00e9szetes \u00f6sszetev\u0151j\u00e9vel gazdagodik. Folyamatos hidrat\u00e1l\u00e1st szabad\u00edt fel 24 \u00f3r\u00e1n kereszt\u00fcl, \u00e9s az epidermiszben tartja. 7% glicerint tartalmaz, melynek k\u00f6sz\u00f6nhet\u0151en az epidermisz hidrat\u00e1lt. A Mixa Hyalurogel hidrat\u00e1l\u00f3 kr\u00e9m egyed\u00fcl\u00e1ll\u00f3 k\u00f6nny\u0171 text\u00far\u00e1ja gyorsan besz\u00edv\u00f3dik \u00e9s kellemes hidrat\u00e1lts\u00e1g \u00e9rzetet hagy a b\u0151r\u00f6n. Az allergia kock\u00e1zat\u00e1nak cs\u00f6kkent\u00e9s\u00e9re k\u00e9sz\u00fclt.<\/div>\n<div><\/div>\n<div><strong>Fogalmaz\u00e1s:<\/strong> 33 8, N\u00c1TRIUM-HIALURON\u00c1T, T-BUTIL-ALKOHOL, XANT\u00c1NGUMI, CINK-GLUKON\u00c1T, ILLAT\/ILLAT<\/div>","protected":false},"featured_media":4429,"template":"","meta":[],"product_brand":[],"product_cat":[547,178],"product_tag":[1606,194,541,445,300],"class_list":{"0":"post-4428","1":"product","2":"type-product","3":"status-publish","4":"has-post-thumbnail","6":"product_cat-kozmetika-i-nega-za-odrasle","7":"product_cat-nega-lica","8":"product_tag-brzo-upijanje","9":"product_tag-glicerin","10":"product_tag-hijaluronska-kiselina","11":"product_tag-krema-za-lice","12":"product_tag-osetljiva-koza","13":"pa_brend-mixa","15":"first","16":"instock","17":"shipping-taxable","18":"purchasable","19":"product-type-simple"},"ams_default_variation_id":0,"ams_product_points_reward":[],"ams_product_discount_percentage":0,"ams_price_to_display":800.44,"ams_acf":[],"jetpack_sharing_enabled":true,"_links":{"self":[{"href":"https:\/\/apotekar-online.rs\/hu\/wp-json\/wp\/v2\/product\/4428","targetHints":{"allow":["GET"]}}],"collection":[{"href":"https:\/\/apotekar-online.rs\/hu\/wp-json\/wp\/v2\/product"}],"about":[{"href":"https:\/\/apotekar-online.rs\/hu\/wp-json\/wp\/v2\/types\/product"}],"wp:featuredmedia":[{"embeddable":true,"href":"https:\/\/apotekar-online.rs\/hu\/wp-json\/wp\/v2\/media\/4429"}],"wp:attachment":[{"href":"https:\/\/apotekar-online.rs\/hu\/wp-json\/wp\/v2\/media?parent=4428"}],"wp:term":[{"taxonomy":"product_brand","embeddable":true,"href":"https:\/\/apotekar-online.rs\/hu\/wp-json\/wp\/v2\/product_brand?post=4428"},{"taxonomy":"product_cat","embeddable":true,"href":"https:\/\/apotekar-online.rs\/hu\/wp-json\/wp\/v2\/product_cat?post=4428"},{"taxonomy":"product_tag","embeddable":true,"href":"https:\/\/apotekar-online.rs\/hu\/wp-json\/wp\/v2\/product_tag?post=4428"}],"curies":[{"name":"wp","href":"https:\/\/api.w.org\/{rel}","templated":true}]}}