{"id":4445,"date":"2023-09-28T08:42:10","date_gmt":"2023-09-28T10:42:10","guid":{"rendered":"https:\/\/apotekar-online.rs\/?post_type=product&#038;p=4445"},"modified":"2026-05-03T14:54:37","modified_gmt":"2026-05-03T16:54:37","slug":"linex-forte-14-kapszula","status":"publish","type":"product","link":"https:\/\/apotekar-online.rs\/hu\/p\/linex-forte-14-kapsule\/","title":{"rendered":"Linex Forte 14 kapszula"},"content":{"rendered":"","protected":false},"excerpt":{"rendered":"<h4><b><strong>Ennek a szernek az interneten t\u00f6rt\u00e9n\u0151 terjeszt\u00e9s\u00e9t szigor\u00faan tilos \u00e9s a Szerb K\u00f6zt\u00e1rsas\u00e1g t\u00f6rv\u00e9nyei szab\u00e1lyozz\u00e1k, m\u00edg az interneten t\u00f6rt\u00e9n\u0151 bemutat\u00e1sa megengedett, kiz\u00e1r\u00f3lag abb\u00f3l a c\u00e9lb\u00f3l, hogy a nagyk\u00f6z\u00f6ns\u00e9get \u00e9s a szakmai k\u00f6zv\u00e9lem\u00e9nyt t\u00e1j\u00e9koztass\u00e1k a c\u00e9lr\u00f3l, \u00e9s jobban megismerj\u00e9k a gy\u00f3gyszert. mag\u00e1nak a gy\u00f3gyszernek az alapvet\u0151 jellemz\u0151i.<\/strong><\/b><\/h4>\n<p>A GY\u00d3GYSZERREKEZD\u00c9S M\u00d3DJ\u00c1R\u00d3L SZ\u00d3L\u00d3 RENDELETET MEGTEKINHET\u0150, GY\u00d3GYSZERRE VONATKOZ\u00d3AN (&quot;Sl. Gl. RS&quot;, 79\/2010. sz.)\u00a0<a href=\"http:\/\/www.alims.gov.rs\/ciril\/files\/2012\/06\/p-oglasavanje-79-2010.pdf\">ITT<\/a>.<\/p>\n<p>Linex\u00ae<br \/>\nForte, 2 x 109 CFU, kapszula, kem\u00e9ny<br \/>\ntejsav bakt\u00e9rium<br \/>\nMiel\u0151tt elkezden\u00e9 szedni ezt a gy\u00f3gyszert, olvassa el figyelmesen ezt a betegt\u00e1j\u00e9koztat\u00f3t, mert inform\u00e1ci\u00f3kat tartalmaz<br \/>\namelyek fontosak neked.<br \/>\nEzt a gy\u00f3gyszert mindig pontosan a betegt\u00e1j\u00e9koztat\u00f3ban le\u00edrtaknak vagy az orvos \u00e1ltal elmondottaknak megfelel\u0151en szedje<br \/>\nvagy egy gy\u00f3gyszer\u00e9sz.<br \/>\n\uf02d Mentse el az utas\u00edt\u00e1sokat. Lehet, hogy \u00fajra el kell olvasnia.<br \/>\n\uf02d Ha tov\u00e1bbi k\u00e9rd\u00e9sei vannak, vagy tan\u00e1csra van sz\u00fcks\u00e9ge, forduljon gy\u00f3gyszer\u00e9sz\u00e9hez.<br \/>\n\uf02d Ha \u00d6nn\u00e9l b\u00e1rmilyen mell\u00e9khat\u00e1s jelentkezik, forduljon orvos\u00e1hoz vagy gy\u00f3gyszer\u00e9sz\u00e9hez. Ez<br \/>\ntartalmazza az ebben az \u00fatmutat\u00f3ban fel nem sorolt mell\u00e9khat\u00e1sokat. L\u00e1sd a 4. r\u00e9szt.<br \/>\n\uf02d Ha \u00d6n vagy gyermeke k\u00e9t nap eltelt\u00e9vel nem \u00e9rzi jobban mag\u00e1t, vagy rosszabbul \u00e9rzi mag\u00e1t, mozognia kell<br \/>\norvos\u00e1hoz.<br \/>\nEbben az \u00fatmutat\u00f3ban a k\u00f6vetkez\u0151ket olvashatja:<br \/>\n1. Mi a Linex Forte gy\u00f3gyszer \u00e9s mire val\u00f3<br \/>\n2. Tudnival\u00f3k a Linex Forte szed\u00e9se el\u0151tt<br \/>\n3. Hogyan kell szedni a Linex Forte-t?<br \/>\n4. Lehets\u00e9ges mell\u00e9khat\u00e1sok<br \/>\n5. Hogyan kell a Linex Forte gy\u00f3gyszert t\u00e1rolni?<br \/>\n6. A csomag tartalma \u00e9s egy\u00e9b inform\u00e1ci\u00f3k<br \/>\n2 a 6-b\u00f3l<br \/>\n1. Mi a Linex Forte gy\u00f3gyszer \u00e9s mire val\u00f3<br \/>\nA Linex Forte gy\u00f3gyszer probiotikum, ami azt jelenti, hogy olyan mikroorganizmusokat tartalmaz, amelyek seg\u00edtik az egyens\u00faly szab\u00e1lyoz\u00e1s\u00e1t<br \/>\nb\u00e9lfl\u00f3ra. A Linex Forte k\u00e9t tejsavbakt\u00e9rium t\u00f6rzset (Lactobacillus acidophilus) tartalmaz.<br \/>\n(LA-5<br \/>\n\u00ae<br \/>\n) \u00e9s Bifidobacterium animalis subsp. lactis (BB-12\u00ae<br \/>\n)), amelyek seg\u00edtenek l\u00e9trehozni \u00e9s fenntartani<br \/>\na b\u00e9lmikroorganizmusok (b\u00e9lfl\u00f3ra) egyens\u00falya \u00e9s m\u0171k\u00f6d\u00e9se.<br \/>\nA tejsavbakt\u00e9riumok \u00e1ltal\u00e1ban a v\u00e9kony- \u00e9s vastagb\u00e9lben vannak jelen, ahol fenntartj\u00e1k a sav-b\u00e1zis egyens\u00falyt<br \/>\naz em\u00e9szt\u0151enzimek norm\u00e1l m\u0171k\u00f6d\u00e9s\u00e9hez (norm\u00e1l em\u00e9szt\u00e9s), az immunrendszerhez sz\u00fcks\u00e9ges egyens\u00faly<br \/>\nemberek \u00e9s a b\u00e9lmozg\u00e1s (perisztaltika). Ezenk\u00edv\u00fcl ezek a bakt\u00e9riumok tov\u00e1bb g\u00e1tolj\u00e1k a szaporod\u00e1st<br \/>\nk\u00e1ros bakt\u00e9riumok.<br \/>\nA Linex Forte tejsavbakt\u00e9riumait liofiliz\u00e1lj\u00e1k (azaz alacsony h\u0151m\u00e9rs\u00e9kleten sz\u00e1r\u00edtj\u00e1k). Ez<br \/>\nlehet\u0151v\u00e9 teszi a gy\u00f3gyszer szobah\u0151m\u00e9rs\u00e9kleten t\u00f6rt\u00e9n\u0151 t\u00e1rol\u00e1s\u00e1t an\u00e9lk\u00fcl, hogy befoly\u00e1soln\u00e1 a bakt\u00e9riumok alakj\u00e1t vagy aktiv\u00e1l\u00f3d\u00e1s\u00e1t.<br \/>\nA Linex Forte gy\u00f3gyszert megel\u0151z\u0151 \u00e9s t\u00e1mogat\u00f3 ter\u00e1piak\u00e9nt haszn\u00e1lj\u00e1k hasmen\u00e9ses feln\u0151ttekn\u00e9l, gyermekekn\u00e9l \u00e9s csecsem\u0151kn\u00e9l.<br \/>\n(hasmen\u00e9s), puffad\u00e1s \u00e9s egy\u00e9b em\u00e9szt\u00e9si zavarok, amelyeket a k\u00f6vetkez\u0151k okoznak:<br \/>\n- az em\u00e9szt\u0151rendszer v\u00edrusos \u00e9s bakteri\u00e1lis fert\u0151z\u00e9sei (p\u00e9ld\u00e1ul rotav\u00edrus fert\u0151z\u00e9sek, utaz\u00f3i hasmen\u00e9s)<br \/>\n- antimikrobi\u00e1lis gy\u00f3gyszerekkel (p\u00e9ld\u00e1ul antibiotikumokkal \u00e9s\/vagy m\u00e1s szintetikus antimikrobi\u00e1lis szerekkel) v\u00e9gzett kezel\u00e9s<br \/>\n- hasi \u00e9s kismedencei szervek sug\u00e1rkezel\u00e9se.<br \/>\nA tejsavbakt\u00e9riumok rendszeres alkalmaz\u00e1sa hat\u00e9konyan cs\u00f6kkenti az enyhe \u00e9s k\u00f6zepesen s\u00falyos betegs\u00e9gek gyakoris\u00e1g\u00e1t \u00e9s s\u00falyoss\u00e1g\u00e1t<br \/>\nem\u00e9szt\u00e9si probl\u00e9m\u00e1k (f\u0151leg hasmen\u00e9s), amelyek a norm\u00e1l b\u00e9lmikrofl\u00f3ra megzavar\u00e1s\u00e1val j\u00e1rnak \u00e9s<br \/>\nfenntartja a norm\u00e1l b\u00e9lperisztaltik\u00e1t.<br \/>\n2. Tudnival\u00f3k a Linex szed\u00e9se el\u0151tt<br \/>\nA Forte Lek Linex Forte-t nem szabad bevenni:<br \/>\n- ha allergi\u00e1s (t\u00fal\u00e9rz\u00e9keny) a hat\u00f3anyagra vagy b\u00e1rmely seg\u00e9danyag\u00e1ra<br \/>\ngy\u00f3gyszerek (a 6. pontban felsorolt)<br \/>\nFigyelmeztet\u00e9sek \u00e9s \u00f3vint\u00e9zked\u00e9sek<br \/>\nA LinexForte szed\u00e9se el\u0151tt besz\u00e9ljen kezel\u0151orvos\u00e1val, ha:<br \/>\n- testh\u0151m\u00e9rs\u00e9klete 38\u00b0C felett van;<br \/>\n- v\u00e9rt vagy ny\u00e1lk\u00e1t \u00e9szlel a sz\u00e9kletben;<br \/>\n- a hasmen\u00e9s (hasmen\u00e9s) k\u00e9t napn\u00e1l tov\u00e1bb tart;<br \/>\n- kifejezett hasmen\u00e9se van, amelyet kisz\u00e1rad\u00e1s \u00e9s tests\u00falycs\u00f6kken\u00e9s k\u00f6vet;<br \/>\n- hasmen\u00e9st s\u00falyos hasi f\u00e1jdalom k\u00eds\u00e9r, ami miatt orvosi seg\u00edts\u00e9gre van sz\u00fcks\u00e9g;<br \/>\n- ha s\u00falyos betegs\u00e9gei vannak, amelyek intenz\u00edv kezel\u00e9st ig\u00e9nyelnek (pl. struktur\u00e1lis sz\u00edvbetegs\u00e9gek,<br \/>\nk\u00f6zponti v\u00e9n\u00e1s kat\u00e9ter);<br \/>\n- immunszuppressz\u00edv gy\u00f3gyszerekkel v\u00e9gzett ter\u00e1pia alkalmaz\u00e1sa (pl. transzplant\u00e1ci\u00f3 sor\u00e1n);<br \/>\n- megv\u00e1ltozott b\u00e9lm\u0171k\u00f6d\u00e9se van (pl. r\u00f6vid b\u00e9l szindr\u00f3ma);<br \/>\n- egy\u00e9b kr\u00f3nikus betegs\u00e9ge van (pl. cukorbetegs\u00e9g, sz\u00edv- \u00e9s \u00e9rrendszeri betegs\u00e9gek) vagy<br \/>\n- ha cs\u00f6kkent immunrezisztencia van (p\u00e9ld\u00e1ul HIV-fert\u0151z\u00e9s)<br \/>\nHa \u00d6n vagy gyermeke hasmen\u00e9ses (hasmen\u00e9ses) t\u00fcnetei k\u00e9t napon bel\u00fcl nem enyh\u00fclnek<br \/>\na kem\u00e9ny kapszul\u00e1k szed\u00e9s\u00e9nek megkezd\u00e9se el\u0151tt orvoshoz kell fordulni.<br \/>\n3 a 6-b\u00f3l<br \/>\nFigyelmeztet\u00e9s minden koroszt\u00e1ly sz\u00e1m\u00e1ra:<br \/>\nA hasmen\u00e9s kezel\u00e9s\u00e9ben az els\u0151 \u00e9s legfontosabb int\u00e9zked\u00e9s az elvesztett folyad\u00e9k \u00e9s elektrolit (s\u00f3) p\u00f3tl\u00e1sa, amely<br \/>\nk\u00fcl\u00f6n\u00f6sen fontos a m\u00e1r megl\u00e9v\u0151, nehezebb folyad\u00e9k- \u00e9s elektrolitszab\u00e1lyoz\u00e1s\u00fa betegs\u00e9gekben.<br \/>\nFigyelmeztet\u00e9s csecsem\u0151k \u00e9s 6 \u00e9v alatti gyermekek sz\u00e1m\u00e1ra:<br \/>\nA 6 \u00e9v alatti gyermekek hasmen\u00e9se nem kezelhet\u0151 orvosi fel\u00fcgyelet n\u00e9lk\u00fcl.<br \/>\nEz\u00e9rt a Linex Forte gy\u00f3gyszer 6 \u00e9v alatti gyermekekn\u00e9l csak az el\u0151z\u0151 ut\u00e1n alkalmazhat\u00f3<br \/>\norvossal val\u00f3 konzult\u00e1ci\u00f3.<br \/>\nEgy\u00e9b gy\u00f3gyszerek \u00e9s a LinexForte gy\u00f3gyszer<br \/>\nT\u00e1j\u00e9koztassa kezel\u0151orvos\u00e1t vagy gy\u00f3gyszer\u00e9sz\u00e9t, ha \u00d6n vagy gyermeke szed vagy szedni fog<br \/>\negy\u00e9b gy\u00f3gyszerek, bele\u00e9rtve azokat is, amelyek orvosi rendelv\u00e9ny n\u00e9lk\u00fcl kaphat\u00f3k.<br \/>\nEddig nem v\u00e9geztek interakci\u00f3s vizsg\u00e1latokat m\u00e1s gy\u00f3gyszerekkel.<br \/>\nA Linex Forte tejsavbakt\u00e9riumai m\u00e1s bakt\u00e9riumokhoz hasonl\u00f3an \u00e9rz\u00e9kenyek bizonyos<br \/>\nantibiotikumok. Ha ezt a gy\u00f3gyszert antibiotikumokkal egyidej\u0171leg szedi, akkor aj\u00e1nlott a Linex Forte<br \/>\nkem\u00e9ny kapszul\u00e1kat legal\u00e1bb h\u00e1rom \u00f3r\u00e1val az antibiotikumok bev\u00e9tele ut\u00e1n kell bevenni.<br \/>\nA Linex Forte egyidej\u0171 bev\u00e9tele \u00e9tellel, itallal \u00e9s alkohollal<br \/>\nJavasoljuk, hogy a Linex Forte-t \u00e9tkez\u00e9s k\u00f6zben vegye be, mivel ez biztos\u00edtja a maxim\u00e1lis hat\u00e9konys\u00e1got<br \/>\ngy\u00f3gyszer. A Linex Forte-t nem szabad alkohollal \u00e9s forr\u00f3 italokkal egy\u00fctt bevenni.<br \/>\nTerhess\u00e9g, szoptat\u00e1s \u00e9s term\u00e9kenys\u00e9g<br \/>\nHa \u00d6n terhes vagy szoptat, \u00fagy gondolja, hogy terhes vagy teherbe k\u00edv\u00e1n esni, forduljon orvos\u00e1hoz vagy<br \/>\ngy\u00f3gyszer\u00e9sz\u00e9vel, miel\u0151tt elkezdi szedni ezt a gy\u00f3gyszert.<br \/>\nA terhess\u00e9g \u00e9s szoptat\u00e1s alatti hasmen\u00e9s kezel\u00e9s\u00e9t orvos fel\u00fcgyelete mellett kell v\u00e9gezni. Nem jelentik be<br \/>\na Linex Forte, kapszul\u00e1k, terhess\u00e9g \u00e9s szoptat\u00e1s alatti alkalmaz\u00e1s\u00e1hoz kapcsol\u00f3d\u00f3 mell\u00e9khat\u00e1sok.<br \/>\n\u00c1ll\u00edt\u00e1suk szerint nincs elegend\u0151 adat a Linex kapszul\u00e1k haszn\u00e1lat\u00e1nak biztons\u00e1goss\u00e1g\u00e1nak igazol\u00e1s\u00e1ra<br \/>\nterhess\u00e9g \u00e9s szoptat\u00e1s. Terhess\u00e9g \u00e9s szoptat\u00e1s alatti akut hasmen\u00e9s eset\u00e9n azonban int\u00e9zkedni kell<br \/>\nmegel\u0151z\u0151 int\u00e9zked\u00e9sek a folyad\u00e9k- \u00e9s elektrolitvesztes\u00e9g vagy b\u00e1rmely m\u00e1s mell\u00e9khat\u00e1s megel\u0151z\u00e9s\u00e9re<br \/>\nami vesz\u00e9lyeztetheti a sz\u00fcletend\u0151 gyermeket vagy a terhes n\u0151t.<br \/>\nTekintettel arra, hogy nem \u00e1ll rendelkez\u00e9sre elegend\u0151 adat a Linex Forte haszn\u00e1lat\u00e1nak biztons\u00e1goss\u00e1g\u00e1ra vonatkoz\u00f3an<br \/>\nterhess\u00e9g \u00e9s szoptat\u00e1s ideje alatt a gy\u00f3gyszer alkalmaz\u00e1sa nem javasolt.<br \/>\nNincsenek adatok ennek a gy\u00f3gyszernek a term\u00e9kenys\u00e9gre gyakorolt hat\u00e1s\u00e1r\u00f3l.<br \/>\nJ\u00e1rm\u0171vek vezet\u00e9se \u00e9s g\u00e9pek kezel\u00e9se<br \/>\nNem v\u00e9geztek vizsg\u00e1latokat a Linex Forte vezet\u00e9si \u00e9s g\u00e9pj\u00e1rm\u0171vezet\u00e9si k\u00e9pess\u00e9gekre gyakorolt hat\u00e1s\u00e1ra vonatkoz\u00f3an<br \/>\ng\u00e9pek.<br \/>\nA Linex Forte kem\u00e9ny kapszula oligofrukt\u00f3zt tartalmaz.<br \/>\nAz oligofrukt\u00f3z egy oligoszacharid, amely frukt\u00f3zb\u00f3l, gl\u00fck\u00f3zb\u00f3l, szachar\u00f3zb\u00f3l \u00e9s esetleges lakt\u00f3zmarad\u00e9kokb\u00f3l \u00e1ll.<br \/>\n4 a 6-b\u00f3l<br \/>\nBizonyos cukrok intoleranci\u00e1ja eset\u00e9n konzult\u00e1ljon orvos\u00e1val, miel\u0151tt ezt haszn\u00e1ln\u00e1<br \/>\ngy\u00f3gyszer. A Linex Forte tejfeh\u00e9rje-maradv\u00e1nyokat tartalmaz, amelyek allergi\u00e1s reakci\u00f3kat okozhatnak.<br \/>\nEz a gy\u00f3gyszer kevesebb mint 1 mmol (23 mg) n\u00e1triumot tartalmaz adagonk\u00e9nt, azaz. l\u00e9nyeg\u00e9ben \u201en\u00e1triummentes\u201d.<br \/>\n3. Hogyan kell szedni a Linex Forte-t?<br \/>\nEzt a gy\u00f3gyszert mindig pontosan a betegt\u00e1j\u00e9koztat\u00f3ban le\u00edrtaknak vagy az orvos \u00e1ltal elmondottaknak megfelel\u0151en szedje<br \/>\norvos. Ha nem biztos benne, k\u00e9rdezze meg kezel\u0151orvos\u00e1t vagy gy\u00f3gyszer\u00e9sz\u00e9t.<br \/>\nA Linex Forte gy\u00f3gyszert or\u00e1lis haszn\u00e1latra sz\u00e1nj\u00e1k.<br \/>\n- Kem\u00e9ny kapszul\u00e1k, \u00e9tkez\u00e9s k\u00f6zben folyad\u00e9kkal lenyelni. 6 \u00e9v alatti gyermekekn\u00e9l \u00e9s olyan szem\u00e9lyekn\u00e9l, akik<br \/>\nnem tudj\u00e1k vagy nem tudj\u00e1k, hogyan kell lenyelni a kapszul\u00e1t, ki kell nyitni a kapszul\u00e1t, \u00e9s ki kell \u00fcr\u00edteni a tartalm\u00e1t<br \/>\nkan\u00e1llal \u00e9s kev\u00e9s v\u00edzzel elkeverj\u00fck.<br \/>\n- A Linex Forte kapszul\u00e1t kem\u00e9nyen vegye be \u00e9tkez\u00e9s k\u00f6zben, tekintve, hogy \u00edgy van<br \/>\nbiztos\u00edtja a gy\u00f3gyszer legjobb hat\u00e1s\u00e1t.<br \/>\n- A Linex Forte-t nem szabad alkohollal vagy forr\u00f3 italokkal egy\u00fctt bevenni.<br \/>\nA ter\u00e1pia hossza \u00e9s id\u0151tartama:<br \/>\nFeln\u0151ttek \u00e9s 12 \u00e9ves \u00e9s id\u0151sebb serd\u00fcl\u0151k: egy kapszula, kem\u00e9ny, naponta 1-3 alkalommal<br \/>\n(a t\u00fcnetek s\u00falyoss\u00e1g\u00e1t\u00f3l f\u00fcgg\u0151en).<br \/>\n2-12 \u00e9ves gyermekek: egy kem\u00e9ny kapszula naponta egyszer vagy k\u00e9tszer (in<br \/>\na t\u00fcnetek s\u00falyoss\u00e1g\u00e1t\u00f3l f\u00fcgg\u0151en)<br \/>\nCsecsem\u0151k 2 \u00e9ves korig: egy kem\u00e9ny kapszula naponta egyszer.<br \/>\nA Linex Forte-t a t\u00fcnetek enyh\u00fcl\u00e9s\u00e9ig adhatja gyermek\u00e9nek.<br \/>\nHa a hasmen\u00e9s (hasmen\u00e9s) t\u00fcnetei nem javulnak 2 nappal a Linex szed\u00e9s\u00e9nek megkezd\u00e9se ut\u00e1n<br \/>\nForte, orvoshoz kell fordulni.<br \/>\nHa a hasmen\u00e9s k\u00e9t napn\u00e1l tov\u00e1bb tart, a sz\u00fcl\u0151knek mindenk\u00e9ppen orvoshoz kell fordulniuk. U<br \/>\na hasmen\u00e9s kezel\u00e9s\u00e9ben az els\u0151 \u00e9s legfontosabb int\u00e9zked\u00e9s az elvesztett folyad\u00e9k- \u00e9s elektrolitp\u00f3tl\u00e1s.<br \/>\nA Linex Forte kapszul\u00e1t az antibiotikumok bev\u00e9tele ut\u00e1n legal\u00e1bb h\u00e1rom \u00f3r\u00e1val kell bevenni.<br \/>\nHa az el\u0151\u00edrtn\u00e1l t\u00f6bb Linex Forte-t vett be<br \/>\nHa mell\u00e9khat\u00e1sok jelentkeznek, forduljon orvos\u00e1hoz vagy gy\u00f3gyszer\u00e9sz\u00e9hez. Egyetlen esetet sem jelentettek<br \/>\nt\u00faladagol\u00e1sok.<br \/>\nHa elfelejtette bevenni a Linex Forte-t<br \/>\nNe vegyen be dupla adagot a kihagyott adag p\u00f3tl\u00e1s\u00e1ra.<br \/>\nFolytassa a kezel\u00e9st a meg\u00e1llap\u00edtott \u00fctemterv szerint.<br \/>\nHa b\u00e1rmilyen tov\u00e1bbi k\u00e9rd\u00e9se van a gy\u00f3gyszer alkalmaz\u00e1s\u00e1val kapcsolatban, k\u00e9rdezze meg kezel\u0151orvos\u00e1t vagy gy\u00f3gyszer\u00e9sz\u00e9t.<br \/>\n4. Lehets\u00e9ges mell\u00e9khat\u00e1sok<br \/>\nMint minden gy\u00f3gyszer, ez a gy\u00f3gyszer is okozhat mell\u00e9khat\u00e1sokat, amelyek azonban nem fordulhatnak el\u0151<br \/>\nminden, ezt a gy\u00f3gyszert szed\u0151 betegn\u00e9l.<br \/>\n5 a 6-b\u00f3l<br \/>\nA tejsavbakt\u00e9riumok bev\u00e9tele ut\u00e1n nagyon ritk\u00e1k a mell\u00e9khat\u00e1sok (el\u0151fordulhatnak a<br \/>\nlegfeljebb 1 a gy\u00f3gyszert szed\u0151 10 000 betegb\u0151l). T\u00fal\u00e9rz\u00e9kenys\u00e9gi reakci\u00f3k l\u00e9phetnek fel.<br \/>\nHa b\u00e1rmely mell\u00e9khat\u00e1s s\u00falyoss\u00e1 v\u00e1lik, vagy olyan mell\u00e9khat\u00e1st \u00e9szlel, amely nem szerepel a felsorol\u00e1sban<br \/>\nebben az \u00fatmutat\u00f3ban, k\u00e9rj\u00fck, t\u00e1j\u00e9koztassa kezel\u0151orvos\u00e1t vagy gy\u00f3gyszer\u00e9sz\u00e9t.<br \/>\nA mell\u00e9khat\u00e1sok bejelent\u00e9se<br \/>\nHa nemk\u00edv\u00e1natos reakci\u00f3t tapasztal, \u00e9rtes\u00edtse orvos\u00e1t, ill<br \/>\ngy\u00f3gyszer\u00e9sz. Ez mag\u00e1ban foglalja az ebben az \u00fatmutat\u00f3ban nem szerepl\u0151 esetleges mell\u00e9khat\u00e1sokat is.<br \/>\nA mell\u00e9khat\u00e1sok bejelent\u00e9s\u00e9vel seg\u00edthet a gy\u00f3gyszer biztons\u00e1goss\u00e1g\u00e1nak \u00e9rt\u00e9kel\u00e9s\u00e9ben. K\u00e9ts\u00e9g<br \/>\nA mell\u00e9khat\u00e1sokat bejelentheti a Szerbiai Gy\u00f3gyszer- \u00e9s Orvostechnikai \u00dcgyn\u00f6ks\u00e9gnek (ALIMS):<br \/>\nSzerb Gy\u00f3gyszer- \u00e9s Orvostechnikai \u00dcgyn\u00f6ks\u00e9g<br \/>\nOrsz\u00e1gos Farmakovigilancia K\u00f6zpont<br \/>\nVojvode Stepe 458, 11221 Belgr\u00e1d<br \/>\nSzerb K\u00f6zt\u00e1rsas\u00e1g<br \/>\nWeboldal: www.alims.gov.rs<br \/>\ne-mail: nezeljene.reakcije@alims.gov.rs<br \/>\n5. Hogyan kell a Linex Forte gy\u00f3gyszert t\u00e1rolni?<br \/>\nA gy\u00f3gyszer gyermekekt\u0151l elz\u00e1rva tartand\u00f3.<br \/>\nNe alkalmazza a Linex Forte gy\u00f3gyszert a csomagol\u00e1son felt\u00fcntetett lej\u00e1rati id\u0151 (&quot;\u00c9rv\u00e9nyes<br \/>\nhoz:&quot;). A felhaszn\u00e1l\u00e1si id\u0151 a megadott h\u00f3nap utols\u00f3 napj\u00e1n j\u00e1r le.<br \/>\nLegfeljebb 25 \u00baC-on, az eredeti csomagol\u00e1sban t\u00e1roland\u00f3.<br \/>\nA haszn\u00e1lhatatlan gy\u00f3gyszereket a gy\u00f3gyszert\u00e1rnak kell \u00e1tadni, ahol a gy\u00f3gyszert\u00e1r \u00e9rtes\u00edt\u00e9se l\u00e1that\u00f3<br \/>\nbegy\u0171jtik a haszn\u00e1lhatatlan gy\u00f3gyszereket a polg\u00e1rokt\u00f3l. A haszn\u00e1lhatatlan gy\u00f3gyszereket nem szabad kidobni<br \/>\nszennyv\u00edzzel vagy kommun\u00e1lis hullad\u00e9kkal egy\u00fctt. Ezek az int\u00e9zked\u00e9sek seg\u00edtik a k\u00f6rnyezet v\u00e9delm\u00e9t.<br \/>\n6. A csomag tartalma \u00e9s egy\u00e9b inform\u00e1ci\u00f3k<br \/>\nMit tartalmaz a Linex Forte?<br \/>\nA hat\u00f3anyagok a k\u00f6vetkez\u0151k:<br \/>\nEgy kem\u00e9ny kapszula legal\u00e1bb 2 x 109 CFU \u00e9l\u0151 liofiliz\u00e1lt tejsavbakt\u00e9riumot tartalmaz:<br \/>\n- Lactobacillus acidophilus (LA-5<br \/>\n\u00ae<br \/>\n): legal\u00e1bb 1 x 109 CFU,<br \/>\n\u2013 Bifidobacterium animalis subsp. lactis (BB-12\u00ae<br \/>\n): legal\u00e1bb 1 x 109 CFU.<br \/>\nA seg\u00e9danyagok a k\u00f6vetkez\u0151k:<br \/>\nA kapszula tartalma, azt \u00e1ll\u00edtj\u00e1k:<br \/>\ninulin; oligoflukt\u00f3z (gl\u00fck\u00f3z, frukt\u00f3z, szachar\u00f3z); maltodextrin; magn\u00e9zium-sztear\u00e1t.<br \/>\nA kapszula \u00f6sszet\u00e9tel\u00e9t \u00e1ll\u00edtj\u00e1k:<br \/>\nFeh\u00e9r kapszulatest: tit\u00e1n-dioxid (E171); hidroxi-propil-metil-cellul\u00f3z.<br \/>\nS\u00e1rga kapszulakupak: tit\u00e1n-dioxid (E171); hidroxi-propil-metil-cellul\u00f3z; vas(III)-oxid, s\u00e1rga<br \/>\n6 a 6-b\u00f3l<br \/>\n(E172).<br \/>\nMilyen a Linex Forte gy\u00f3gyszer k\u00fclleme \u00e9s mit tartalmaz a csomagol\u00e1s<\/p>\n<p>Kapszula, kem\u00e9ny<br \/>\n2. sz\u00e1m\u00fa kem\u00e9ny kapszula feh\u00e9r kapszulatesttel \u00e9s s\u00e1rga kapszulakupakkal. Ez egy kapszula<br \/>\nhalv\u00e1nybarn\u00e1t\u00f3l halv\u00e1nyr\u00f3zsasz\u00ednig terjed\u0151 porral t\u00f6ltve, s\u00f6t\u00e9tebb p\u00f6tty\u00f6kkel.<br \/>\nA bels\u0151 csomagol\u00e1s 7 kem\u00e9ny kapszul\u00e1t tartalmaz\u00f3 bubor\u00e9kf\u00f3lia (Al\/Al).<br \/>\nA k\u00fcls\u0151 csomagol\u00e1s egy \u00f6sszecsukhat\u00f3 kartondoboz, amely k\u00e9t bubor\u00e9kcsomagol\u00e1st tartalmaz, egyenk\u00e9nt 7 kem\u00e9ny kapszul\u00e1val<br \/>\n(\u00f6sszesen 14 kapszula, kem\u00e9ny) \u00e9s \u00datmutat\u00f3 a gy\u00f3gyszerhez.<br \/>\nEnged\u00e9ly tulajdonosa \u00e9s gy\u00e1rt\u00f3ja<br \/>\nEnged\u00e9ly tulajdonosa:<br \/>\nSANDOZ PHARMACEUTICALS DD BELGR\u00c1D K\u00c9PVISEL\u00c9SE<br \/>\nKneginje Zorke 2, Belgr\u00e1d<br \/>\nGy\u00e1rt\u00f3:<br \/>\nLEK GY\u00d3GYSZERV\u00c1LLALAT DD<br \/>\nVerov\u0161kova 57, Ljubljana, Szlov\u00e9nia<br \/>\nEz az utas\u00edt\u00e1s az utols\u00f3 j\u00f3v\u00e1hagyott<br \/>\n2022. szeptember.<br \/>\nA gy\u00f3gyszer adagol\u00e1si m\u00f3dja:<br \/>\nA gy\u00f3gyszert orvosi rendelv\u00e9ny n\u00e9lk\u00fcl adj\u00e1k ki.<br \/>\nAz enged\u00e9ly sz\u00e1ma \u00e9s d\u00e1tuma:<br \/>\n515-01-04391-21-001 2022. szeptember 29-t\u0151l.<\/p>","protected":false},"featured_media":4446,"template":"","meta":[],"product_brand":[3103],"product_cat":[81,3054],"product_tag":[1617,1618,1594,1619,1620,774,1585],"class_list":{"0":"post-4445","1":"product","2":"type-product","3":"status-publish","4":"has-post-thumbnail","6":"product_brand-sandoz","7":"product_cat-probiotici-i-enzimi","8":"product_cat-akcija","9":"product_tag-bifidobacterium-animalis-subsp-lactis","10":"product_tag-crevne-flore","11":"product_tag-lactobacillus-acidophilus","12":"product_tag-normalno-varenje","13":"product_tag-peristaltika","14":"product_tag-probiotic","15":"product_tag-putnicka-dijareja","16":"pa_brend-sandoz","18":"first","19":"instock","20":"shipping-taxable","21":"product-type-simple"},"ams_default_variation_id":0,"ams_product_points_reward":[],"ams_product_discount_percentage":0,"ams_price_to_display":0,"ams_acf":[],"jetpack_sharing_enabled":true,"_links":{"self":[{"href":"https:\/\/apotekar-online.rs\/hu\/wp-json\/wp\/v2\/product\/4445","targetHints":{"allow":["GET"]}}],"collection":[{"href":"https:\/\/apotekar-online.rs\/hu\/wp-json\/wp\/v2\/product"}],"about":[{"href":"https:\/\/apotekar-online.rs\/hu\/wp-json\/wp\/v2\/types\/product"}],"wp:featuredmedia":[{"embeddable":true,"href":"https:\/\/apotekar-online.rs\/hu\/wp-json\/wp\/v2\/media\/4446"}],"wp:attachment":[{"href":"https:\/\/apotekar-online.rs\/hu\/wp-json\/wp\/v2\/media?parent=4445"}],"wp:term":[{"taxonomy":"product_brand","embeddable":true,"href":"https:\/\/apotekar-online.rs\/hu\/wp-json\/wp\/v2\/product_brand?post=4445"},{"taxonomy":"product_cat","embeddable":true,"href":"https:\/\/apotekar-online.rs\/hu\/wp-json\/wp\/v2\/product_cat?post=4445"},{"taxonomy":"product_tag","embeddable":true,"href":"https:\/\/apotekar-online.rs\/hu\/wp-json\/wp\/v2\/product_tag?post=4445"}],"curies":[{"name":"wp","href":"https:\/\/api.w.org\/{rel}","templated":true}]}}