{"id":4458,"date":"2023-09-28T10:08:43","date_gmt":"2023-09-28T12:08:43","guid":{"rendered":"https:\/\/apotekar-online.rs\/?post_type=product&#038;p=4458"},"modified":"2026-03-05T08:12:36","modified_gmt":"2026-03-05T10:12:36","slug":"dentokind-tablete-a150","status":"publish","type":"product","link":"https:\/\/apotekar-online.rs\/hu\/p\/dentokind-tablete-a150\/","title":{"rendered":"Dentokind tabletta a150"},"content":{"rendered":"","protected":false},"excerpt":{"rendered":"<h4><b>Ennek a szernek az interneten t\u00f6rt\u00e9n\u0151 terjeszt\u00e9s\u00e9t szigor\u00faan tilos \u00e9s a Szerb K\u00f6zt\u00e1rsas\u00e1g t\u00f6rv\u00e9nyei szab\u00e1lyozz\u00e1k, m\u00edg az interneten t\u00f6rt\u00e9n\u0151 bemutat\u00e1sa megengedett, kiz\u00e1r\u00f3lag abb\u00f3l a c\u00e9lb\u00f3l, hogy a nagyk\u00f6z\u00f6ns\u00e9get \u00e9s a szakmai k\u00f6zv\u00e9lem\u00e9nyt t\u00e1j\u00e9koztass\u00e1k a c\u00e9lr\u00f3l, \u00e9s jobban megismerj\u00e9k a gy\u00f3gyszert. mag\u00e1nak a gy\u00f3gyszernek az alapvet\u0151 jellemz\u0151i.<\/b><\/h4>\n<p>A GY\u00d3GYSZERREKEZD\u00c9S M\u00d3DJ\u00c1R\u00d3L SZ\u00d3L\u00d3 RENDELETET MEGTEKINHET\u0150, GY\u00d3GYSZERRE VONATKOZ\u00d3AN (&quot;Sl. Gl. RS&quot;, 79\/2010. sz.)\u00a0<a href=\"http:\/\/www.alims.gov.rs\/ciril\/files\/2012\/06\/p-oglasavanje-79-2010.pdf\">ITT<\/a>.<\/p>\n<p>DENTOKIND, tabletta, 15 mg + 15 mg + 15 mg + 15 mg + 15 mg<br \/>\nINN: Belladonna trit. D6, Chamomilla trit. D6, Ferrum phosphoricum trit. D6, Hepar sulfuris trit. D12, Pulsatilla trit. D6<\/p>\n<p><b>Olvassa el figyelmesen ezt a k\u00e9zik\u00f6nyvet, mert az \u00d6n sz\u00e1m\u00e1ra fontos inform\u00e1ci\u00f3kat tartalmaz.<\/b><br \/>\nEz a gy\u00f3gyszer v\u00e9ny n\u00e9lk\u00fcl kaphat\u00f3. A legjobb eredm\u00e9ny el\u00e9r\u00e9se \u00e9rdek\u00e9ben azonban \u00f3vatosan kell haszn\u00e1lni a Dentokind-et.<\/p>\n<ul>\n<li>Mentse el az utas\u00edt\u00e1sokat. Lehet, hogy \u00fajra el kell olvasnia.<\/li>\n<li>Ha tov\u00e1bbi k\u00e9rd\u00e9se van, k\u00e9rdezze meg gy\u00f3gyszer\u00e9sz\u00e9t.<\/li>\n<li>Ha t\u00fcnetei s\u00falyosbodnak, vagy n\u00e9h\u00e1ny napon bel\u00fcl nem \u00e9rzi jobban mag\u00e1t, forduljon orvos\u00e1hoz.<\/li>\n<li>Ha b\u00e1rmely mell\u00e9khat\u00e1s s\u00falyoss\u00e1 v\u00e1lik, vagy olyan mell\u00e9khat\u00e1st \u00e9szlel, amely nem szerepel ebben az \u00fatmutat\u00f3ban, k\u00e9rj\u00fck, \u00e9rtes\u00edtse orvos\u00e1t vagy gy\u00f3gyszer\u00e9sz\u00e9t.<\/li>\n<\/ul>\n<p><b>Ebben az \u00fatmutat\u00f3ban a k\u00f6vetkez\u0151ket olvashatja:<\/b><br \/>\n1. Mi a Dentokind gy\u00f3gyszer \u00e9s mire val\u00f3<br \/>\n2. Tudnival\u00f3k a Dentokind szed\u00e9se el\u0151tt<br \/>\n3. Hogyan kell haszn\u00e1lni a Dentokind-et<br \/>\n4. Lehets\u00e9ges mell\u00e9khat\u00e1sok<br \/>\n5. Hogyan kell a Dentokind gy\u00f3gyszert t\u00e1rolni?<br \/>\n6. Tov\u00e1bbi inform\u00e1ci\u00f3k<\/p>\n<p><b>1. MI AZ A DENTOKIND \u00c9S MIRE SZOLG\u00c1LJA?<\/b><br \/>\nA Dentokind egy homeop\u00e1ti\u00e1s gy\u00f3gyszer, amelynek c\u00e9lja a fogz\u00e1s sor\u00e1n fell\u00e9p\u0151 probl\u00e9m\u00e1k, p\u00e9ld\u00e1ul csecsem\u0151k \u00e9s gyermekek irrit\u00e1ci\u00f3ja, l\u00e1za, hasmen\u00e9se \u00e9s f\u00fclf\u00e1jdalma.<\/p>\n<p><b>2. MIT KELL TUDNI A DENTOKIND SZED\u00c9SE EL\u0150TT<\/b><br \/>\n<b>Nem haszn\u00e1lhatja a Dentokind-et: \u00a0<\/b><br \/>\nNincsenek ismert k\u00f6r\u00fclm\u00e9nyek, amikor a Dentokind nem alkalmazhat\u00f3, vagy amikor k\u00fcl\u00f6n\u00f6s el\u0151vigy\u00e1zatoss\u00e1ggal kell elj\u00e1rni.<\/p>\n<p><b>A Dentokind szed\u00e9se sor\u00e1n k\u00fcl\u00f6n\u00f6s el\u0151vigy\u00e1zatoss\u00e1ggal j\u00e1rjon el:<\/b><br \/>\nHa azt \u00e9szleli, hogy gyermeke rosszul reag\u00e1l a ter\u00e1pi\u00e1ra, vagy v\u00e1ratlan reakci\u00f3k l\u00e9pnek fel, forduljon orvos\u00e1hoz. Az \u00e1llapot ki\u00fajul\u00e1sa vagy s\u00falyosbod\u00e1sa eset\u00e9n forduljon orvos\u00e1hoz vagy homeopat\u00e1j\u00e1hoz.<\/p>\n<p><b>Egy\u00e9b gy\u00f3gyszerek bead\u00e1sa<\/b><br \/>\nNincs ismert k\u00f6lcs\u00f6nhat\u00e1s m\u00e1s gy\u00f3gyszerekkel. Felt\u00e9tlen\u00fcl t\u00e1j\u00e9koztassa kezel\u0151orvos\u00e1t vagy gy\u00f3gyszer\u00e9sz\u00e9t, ha gyermeke jelenleg vagy nemr\u00e9giben szedett egy\u00e9b gy\u00f3gyszert, bele\u00e9rtve a v\u00e9ny n\u00e9lk\u00fcl kaphat\u00f3kat is.<\/p>\n<p><b>A Dentokind egyidej\u0171 bev\u00e9tele \u00e9tellel vagy itallal<\/b><br \/>\nA Dentokindot f\u00e9l \u00f3r\u00e1val \u00e9tkez\u00e9s el\u0151tt vagy ut\u00e1n kell bevenni.<\/p>\n<p><b>A Dentokind gy\u00f3gyszer alkalmaz\u00e1sa terhess\u00e9g \u00e9s szoptat\u00e1s alatt<\/b><br \/>\nNem alkalmazhat\u00f3. A gy\u00f3gyszer gyermekek sz\u00e1m\u00e1ra k\u00e9sz\u00fclt.<\/p>\n<p><b>A Dentokind gy\u00f3gyszer hat\u00e1sa a g\u00e9pj\u00e1rm\u0171vezet\u00e9sre \u00e9s a g\u00e9pek kezel\u00e9s\u00e9re<\/b><br \/>\nNem alkalmazhat\u00f3. A gy\u00f3gyszer gyermekek sz\u00e1m\u00e1ra k\u00e9sz\u00fclt.<\/p>\n<p><b>Fontos inform\u00e1ci\u00f3k a Dentokind egyes \u00f6sszetev\u0151ir\u0151l<\/b><br \/>\nBizonyos cukrokra val\u00f3 intolerancia eset\u00e9n a gy\u00f3gyszer alkalmaz\u00e1sa el\u0151tt konzult\u00e1ljon orvos\u00e1val, mert lakt\u00f3zt tartalmaz.<\/p>\n<p><b>3. HOGYAN KELL ALKALMAZNI A GY\u00d3GYSZERT<\/b><br \/>\nDentokind gyerekek 0-1 \u00e9ves korig:<br \/>\nAkut panaszok eset\u00e9n \u00f3r\u00e1nk\u00e9nt 1 tablett\u00e1t adjunk, napk\u00f6zben maximum 6 tablett\u00e1t. Az \u00e1llapot javul\u00e1sa ut\u00e1n adjon 1 tablett\u00e1t naponta h\u00e1romszor.<br \/>\nGyermekek 1-6 \u00e9ves korig:<br \/>\nAkut panaszok eset\u00e9n \u00f3r\u00e1nk\u00e9nt 2 tablett\u00e1t adjunk, napk\u00f6zben maximum 12 tablett\u00e1t. Az \u00e1llapot javul\u00e1sa ut\u00e1n adjon 2 tablett\u00e1t naponta h\u00e1romszor.<\/p>\n<p>Javasoljuk, hogy a tablett\u00e1t f\u00e9l \u00f3r\u00e1val \u00e9tkez\u00e9s el\u0151tt vagy ut\u00e1n vegye be, \u00e9s hagyja lassan felold\u00f3dni a sz\u00e1jban. Csecsem\u0151knek aj\u00e1nlott a tablett\u00e1t kev\u00e9s v\u00edzben feloldani bead\u00e1s el\u0151tt.<\/p>\n<p>Ha nincs javul\u00e1s, vagy a panaszok gyakran ism\u00e9tl\u0151dnek, a betegnek orvoshoz kell fordulnia.<\/p>\n<p><b>Ha az el\u0151\u00edrtn\u00e1l t\u00f6bb Dentokind-et vett be<\/b><br \/>\nEddig nem jegyeztek fel s\u00falyos t\u00faladagol\u00e1st ezzel a gy\u00f3gyszerrel. Ha gyermeke nem \u00e9rzi j\u00f3l mag\u00e1t, forduljon orvos\u00e1hoz.<\/p>\n<p><b>Ha elfelejtette bevenni a Dentokind-et<\/b><br \/>\nSoha ne vegyen be dupla adagot a kihagyott adag p\u00f3tl\u00e1s\u00e1ra!<\/p>\n<p><b>Ha hirtelen abbahagyja a Dentokind szed\u00e9s\u00e9t<\/b><br \/>\nHa hirtelen abbahagyja a gy\u00f3gyszer szed\u00e9s\u00e9t, nem v\u00e1rhat\u00f3 negat\u00edv hat\u00e1s.<\/p>\n<p><b>4. LEHETS\u00c9GES MELL\u00c9KHAT\u00c1SOK<\/b><br \/>\nA Dentokind haszn\u00e1lat\u00e1nak nincs ismert mell\u00e9khat\u00e1sa. Ha gyan\u00edtja, hogy gyermeke nem k\u00edv\u00e1nt k\u00f6vetkezm\u00e9nyekkel j\u00e1r a Dentokind alkalmaz\u00e1sa ut\u00e1n, forduljon orvos\u00e1hoz vagy egy homeopat\u00e1hoz.<\/p>\n<p><b>5. HOGYAN KELL A DENTOKINDOT T\u00c1ROLNI<br \/>\n<\/b>Felhaszn\u00e1lhat\u00f3s\u00e1gi id\u0151 5 \u00e9v.<br \/>\nFelhaszn\u00e1lhat\u00f3s\u00e1gi id\u0151tartam a palack els\u0151 felbont\u00e1sa ut\u00e1n: 12 h\u00f3nap.<br \/>\nMegtart\u00e1s<br \/>\nLegfeljebb 25\u00b0C-on, az eredeti csomagol\u00e1sban t\u00e1roland\u00f3. Gyermekek el\u0151l elz\u00e1rva tartand\u00f3!<\/p>\n<p>A gy\u00f3gyszereket nem szabad a csatorn\u00e1ba vagy a h\u00e1ztart\u00e1si hullad\u00e9kba dobni. K\u00e9rdezze meg gy\u00f3gyszer\u00e9sz\u00e9t, hogyan kell megsemmis\u00edteni azokat a gy\u00f3gyszereket, amelyekre m\u00e1r nincs sz\u00fcks\u00e9ge. Ezek az int\u00e9zked\u00e9sek hozz\u00e1j\u00e1rulnak a k\u00f6rnyezet meg\u0151rz\u00e9s\u00e9hez. A fel nem haszn\u00e1lt gy\u00f3gyszert a hat\u00e1lyos el\u0151\u00edr\u00e1soknak megfelel\u0151en megsemmis\u00edtj\u00fck.<\/p>\n<p><b>6. TOV\u00c1BBI INFORM\u00c1CI\u00d3K<\/b><br \/>\nMit tartalmaz a Dentokind?<br \/>\n1 tabletta tartalma: Belladonna trit. D6 15 mg, Chamomilla trit. D6 15 mg, Ferrum phosphoricum trit. D6 15 mg, Hepar sulfuris trit. D12 15 mg, Pulsatilla trit. D6 15 mg<br \/>\nSeg\u00e9danyagok: cellul\u00f3z, mikrokrist\u00e1lyos; hint\u0151por; lakt\u00f3z, monohidr\u00e1t; magn\u00e9zium-sztear\u00e1t.<\/p>\n<p><b>Milyen a Dentokind k\u00fclleme \u00e9s mit tartalmaz a csomagol\u00e1s<\/b><br \/>\nKerek, lapos, fazett\u00e1s feh\u00e9r sz\u00edn\u0171 tabletta. A dobozban 150 tablett\u00e1t tartalmaz\u00f3, feh\u00e9r HD-PE csavaros kupakkal ell\u00e1tott, III-as t\u00edpus\u00fa s\u00f6t\u00e9t \u00fcvegpalack tal\u00e1lhat\u00f3.<\/p>\n<p><b>Haszn\u00e1lat el\u0151tt olvassa el r\u00e9szletesen az utas\u00edt\u00e1sokat. Az indik\u00e1ci\u00f3kkal, \u00f3vint\u00e9zked\u00e9sekkel \u00e9s a gy\u00f3gyszermell\u00e9khat\u00e1sokkal kapcsolatban forduljon orvos\u00e1hoz vagy gy\u00f3gyszer\u00e9sz\u00e9hez.<\/b><\/p>","protected":false},"featured_media":4459,"template":"","meta":[],"product_brand":[],"product_cat":[340],"product_tag":[1636,255,1633,1635,1634,1028],"class_list":{"0":"post-4458","1":"product","2":"type-product","3":"status-publish","4":"has-post-thumbnail","6":"product_cat-deciji-program","7":"product_tag-bol-u-uhu","8":"product_tag-dijareja","9":"product_tag-homeopatski-lek","10":"product_tag-iritiranost","11":"product_tag-nicanja-zuba","12":"product_tag-povisena-temperatura","14":"first","15":"instock","16":"shipping-taxable","17":"product-type-simple"},"ams_default_variation_id":0,"ams_product_points_reward":[],"ams_product_discount_percentage":0,"ams_price_to_display":0,"ams_acf":[],"jetpack_sharing_enabled":true,"_links":{"self":[{"href":"https:\/\/apotekar-online.rs\/hu\/wp-json\/wp\/v2\/product\/4458","targetHints":{"allow":["GET"]}}],"collection":[{"href":"https:\/\/apotekar-online.rs\/hu\/wp-json\/wp\/v2\/product"}],"about":[{"href":"https:\/\/apotekar-online.rs\/hu\/wp-json\/wp\/v2\/types\/product"}],"wp:featuredmedia":[{"embeddable":true,"href":"https:\/\/apotekar-online.rs\/hu\/wp-json\/wp\/v2\/media\/4459"}],"wp:attachment":[{"href":"https:\/\/apotekar-online.rs\/hu\/wp-json\/wp\/v2\/media?parent=4458"}],"wp:term":[{"taxonomy":"product_brand","embeddable":true,"href":"https:\/\/apotekar-online.rs\/hu\/wp-json\/wp\/v2\/product_brand?post=4458"},{"taxonomy":"product_cat","embeddable":true,"href":"https:\/\/apotekar-online.rs\/hu\/wp-json\/wp\/v2\/product_cat?post=4458"},{"taxonomy":"product_tag","embeddable":true,"href":"https:\/\/apotekar-online.rs\/hu\/wp-json\/wp\/v2\/product_tag?post=4458"}],"curies":[{"name":"wp","href":"https:\/\/api.w.org\/{rel}","templated":true}]}}