{"id":4471,"date":"2023-10-04T09:25:00","date_gmt":"2023-10-04T11:25:00","guid":{"rendered":"https:\/\/apotekar-online.rs\/?post_type=product&#038;p=4471"},"modified":"2026-03-05T08:12:35","modified_gmt":"2026-03-05T10:12:35","slug":"khan-antireumatikus-tigris-krem-gel-200ml","status":"publish","type":"product","link":"https:\/\/apotekar-online.rs\/hu\/p\/khan-antireumatski-tigrov-krem-gel-200ml\/","title":{"rendered":"Khan reum\u00e1s tigris kr\u00e9m g\u00e9l 200ml"},"content":{"rendered":"","protected":false},"excerpt":{"rendered":"<p><strong>Khan tigris kr\u00e9m g\u00e9l<\/strong>\u00a0eukaliptusz \u00e9s szegf\u0171szeg ill\u00f3olajait, valamint mentolt, k\u00e1mfort, hat\u00f3anyagokat tartalmaz, melyeket hagyom\u00e1nyosan az \u00edz\u00fcletek \u00e9s izmok kr\u00f3nikus degenerat\u00edv betegs\u00e9geinek seg\u00edt\u00e9s\u00e9re haszn\u00e1lnak. Reumatikus panaszokra, lumb\u00e1g\u00f3ra, neuralgi\u00e1ra \u00e9s merevs\u00e9gre, valamint sport- vagy szabadid\u0151s tev\u00e9kenys\u00e9g sor\u00e1n fell\u00e9p\u0151 r\u00e1ndul\u00e1sok, elmozdul\u00e1sok, h\u00faz\u00f3d\u00e1sok eset\u00e9n aj\u00e1nlott.<\/p>\n<p>A kr\u00e9mzsel\u00e9 alapnak k\u00f6sz\u00f6nhet\u0151en\u00a0<strong>Khan tigris kr\u00e9m g\u00e9l<\/strong>\u00a0k\u00f6nnyen felvihet\u0151 \u00e9s eloszlathat\u00f3 a test minden r\u00e9sz\u00e9n, bele\u00e9rtve a sz\u0151r\u00f6s \u00e9s fedetlen r\u00e9szeket is an\u00e9lk\u00fcl, hogy zs\u00edros nyomokat hagyna.<\/p>\n<div class=\"woocommerce-tabs wc-tabs-wrapper\">\n<div id=\"tab-effects\" class=\"woocommerce-Tabs-panel woocommerce-Tabs-panel--effects panel entry-content wc-tab\" role=\"tabpanel\" aria-labelledby=\"tab-title-effects\">\n<p>Az alkalmazott koncentr\u00e1ci\u00f3ban\u00a0<strong>mentol<\/strong>\u00a0kit\u00e1g\u00edtja az ereket \u00e9s jav\u00edtja a b\u0151r v\u00e9rkering\u00e9s\u00e9t, enyhe \u00e9rz\u00e9stelen\u00edt\u0151 hat\u00e1s mellett h\u0171s\u00edt\u0151 \u00e9rz\u00e9st okozva. Az\u00e1ltal, hogy az idegeket a hideg \u00e9rz\u00e9kel\u00e9s\u00e9re serkenti, mik\u00f6zben egyidej\u0171leg lenyomja az idegeket a f\u00e1jdalom \u00e9rz\u00e9kel\u00e9s\u00e9re, a mentol el\u0151sz\u00f6r hideg, majd k\u00e9s\u0151bb meleg \u00e9rzetet okoz.<\/p>\n<p><strong>K\u00e1mfor\u00a0<\/strong>a k\u00e1mforfa (lat. Cinnamomum camphora) ill\u00f3olaj\u00e1nak f\u0151 \u00f6sszetev\u0151je, \u00e9s hagyom\u00e1nyosan reum\u00e1s f\u00e1jdalmak, izom- \u00e9s neuralgia kezel\u00e9s\u00e9re haszn\u00e1lj\u00e1k. A k\u00e1mfor helyi alkalmaz\u00e1sa seg\u00edt cs\u00f6kkenteni a k\u00fcl\u00f6nb\u00f6z\u0151 eredet\u0171 f\u00e1jdalmakat \u2013 a k\u00e1mfor f\u00e1jdalomcsillap\u00edt\u00f3 \u00e9s \u00e9rz\u00e9stelen\u00edt\u0151 hat\u00e1s\u00fa. A 3%-n\u00e9l magasabb koncentr\u00e1ci\u00f3ban a k\u00e1mfor \u00f6nmag\u00e1ban vagy m\u00e1s rubefacientokkal egy\u00fctt alkalmazva stimul\u00e1lja a b\u0151r idegv\u00e9gz\u0151d\u00e9seit, \u00e9s f\u00e1jdalomcsillap\u00edt\u00f3 hat\u00e1st fejt ki, elfedve a m\u00e9rs\u00e9kelt vagy er\u0151s f\u00e1jdalmat.<\/p>\n<p>A mentol \u00e9s a k\u00e1mfor mellett a Khan antireumatikus kr\u00e9mg\u00e9lt is be\u00e9p\u00edtik\u00a0<strong>eukaliptusz \u00e9s szegf\u0171szeg ill\u00f3olajok<\/strong>\u00a0amelyek el\u0151seg\u00edtik a kering\u00e9st az alkalmaz\u00e1s hely\u00e9n, f\u00e1jdalomcsillap\u00edt\u00f3 \u00e9s gyullad\u00e1scs\u00f6kkent\u0151 hat\u00e1st fejtenek ki, \u00e9s ez\u00e1ltal hozz\u00e1j\u00e1rulnak a panaszok enyh\u00edt\u00e9s\u00e9hez<\/p>\n<p><strong>Aj\u00e1nlott:<\/strong><\/p>\n<ul>\n<li>Reum\u00e1s \u00e9s neuralgikus f\u00e1jdalmak enyh\u00edt\u00e9s\u00e9re (osteoarthritis, rheumatoid arthritis, isi\u00e1sz, lumb\u00e1g\u00f3, spondylosis eset\u00e9n)<\/li>\n<li>Izom- \u00e9s \u00edz\u00fcleti f\u00e1jdalom \u00e9s merevs\u00e9g eset\u00e9n<\/li>\n<li>F\u00e1jdalomcsillap\u00edt\u00e1sra l\u00e1gyr\u00e9sz s\u00e9r\u00fcl\u00e9sek \u00e9s sports\u00e9r\u00fcl\u00e9sek eset\u00e9n (h\u00faz\u00f3d\u00e1sok, ficamok, z\u00faz\u00f3d\u00e1sok)<\/li>\n<\/ul>\n<p><strong>Fogalmaz\u00e1s:<\/strong><\/p>\n<ul>\n<li>10% k\u00e1mfor<\/li>\n<li>5% mentol<\/li>\n<li>Eukaliptusz ill\u00f3olajok<\/li>\n<li>Szegf\u0171szeg ill\u00f3olajok<\/li>\n<\/ul>\n<\/div>\n<\/div>","protected":false},"featured_media":4472,"template":"","meta":[],"product_brand":[],"product_cat":[82],"product_tag":[1325,1165,1640,1639,347,1164,1286,1641,1311],"class_list":{"0":"post-4471","1":"product","2":"type-product","3":"status-publish","4":"has-post-thumbnail","6":"product_cat-kosti-zglobovi-i-neuropatski-bol","7":"product_tag-isijas","8":"product_tag-istegnuca","9":"product_tag-lumbaga","10":"product_tag-nagnjecenja","11":"product_tag-reumatoidnog-artritisa","12":"product_tag-reumatske-bolove","13":"product_tag-sportske-povrede","14":"product_tag-tigrov-mast","15":"product_tag-uganuca","16":"pa_brend-esensa","18":"first","19":"instock","20":"shipping-taxable","21":"purchasable","22":"product-type-simple"},"ams_default_variation_id":0,"ams_product_points_reward":[],"ams_product_discount_percentage":0,"ams_price_to_display":960,"ams_acf":[],"jetpack_sharing_enabled":true,"_links":{"self":[{"href":"https:\/\/apotekar-online.rs\/hu\/wp-json\/wp\/v2\/product\/4471","targetHints":{"allow":["GET"]}}],"collection":[{"href":"https:\/\/apotekar-online.rs\/hu\/wp-json\/wp\/v2\/product"}],"about":[{"href":"https:\/\/apotekar-online.rs\/hu\/wp-json\/wp\/v2\/types\/product"}],"wp:featuredmedia":[{"embeddable":true,"href":"https:\/\/apotekar-online.rs\/hu\/wp-json\/wp\/v2\/media\/4472"}],"wp:attachment":[{"href":"https:\/\/apotekar-online.rs\/hu\/wp-json\/wp\/v2\/media?parent=4471"}],"wp:term":[{"taxonomy":"product_brand","embeddable":true,"href":"https:\/\/apotekar-online.rs\/hu\/wp-json\/wp\/v2\/product_brand?post=4471"},{"taxonomy":"product_cat","embeddable":true,"href":"https:\/\/apotekar-online.rs\/hu\/wp-json\/wp\/v2\/product_cat?post=4471"},{"taxonomy":"product_tag","embeddable":true,"href":"https:\/\/apotekar-online.rs\/hu\/wp-json\/wp\/v2\/product_tag?post=4471"}],"curies":[{"name":"wp","href":"https:\/\/api.w.org\/{rel}","templated":true}]}}