{"id":4481,"date":"2023-10-06T10:44:18","date_gmt":"2023-10-06T12:44:18","guid":{"rendered":"https:\/\/apotekar-online.rs\/?post_type=product&#038;p=4481"},"modified":"2026-03-05T08:35:04","modified_gmt":"2026-03-05T10:35:04","slug":"revita-narancs-454g","status":"publish","type":"product","link":"https:\/\/apotekar-online.rs\/hu\/p\/revita-orange-454g\/","title":{"rendered":"Revita narancs (454g)"},"content":{"rendered":"","protected":false},"excerpt":{"rendered":"<div class=\"elementor-column elementor-col-50 elementor-top-column elementor-element elementor-element-254e699f\" data-id=\"254e699f\" data-element_type=\"column\">\n<div class=\"elementor-widget-wrap elementor-element-populated\">\n<div class=\"elementor-element elementor-element-1d031af yes elementor-widget elementor-widget-woocommerce-product-images\" data-id=\"1d031af\" data-element_type=\"widget\" data-widget_type=\"woocommerce-product-images.default\">\n<div class=\"elementor-widget-container\">\n<div class=\"woocommerce-product-gallery woocommerce-product-gallery--with-images woocommerce-product-gallery--columns-4 images\" data-columns=\"4\">\n<div class=\"woocommerce-product-gallery__wrapper\"><\/div>\n<\/div>\n<\/div>\n<\/div>\n<\/div>\n<\/div>\n<div class=\"elementor-column elementor-col-50 elementor-top-column elementor-element elementor-element-49ed032b\" data-id=\"49ed032b\" data-element_type=\"column\">\n<div class=\"elementor-widget-wrap elementor-element-populated\">\n<div class=\"elementor-element elementor-element-16335a14 elementor-widget elementor-widget-woocommerce-product-short-description\" data-id=\"16335a14\" data-element_type=\"widget\" data-widget_type=\"woocommerce-product-short-description.default\">\n<div class=\"elementor-widget-container\">\n<div class=\"woocommerce-product-details__short-description\">\n<p><strong>Revita Orange<\/strong>\u00a0egy m\u00e9hpemp\u0151 alap\u00fa di\u00e9t\u00e1s term\u00e9k. Term\u00e9szetes narancs arom\u00e1val \u00edzes\u00edtve, C-vitaminnal \u00e9s term\u00e9szetes b\u00e9ta-karotin sz\u00ednez\u00e9kkel gazdag\u00edtva.<\/p>\n<p>Alkalmas:<br \/>\n\u2022 immunit\u00e1s er\u0151s\u00edt\u00e9se,<br \/>\n\u2022 fokozott stressz\u00e1ll\u00f3s\u00e1g,<br \/>\n\u2022 gyerekeknek,<br \/>\n\u2022 sportol\u00f3knak,<br \/>\n\u2022 fokozott szellemi \u00e9s fizikai er\u0151fesz\u00edt\u00e9snek, valamint a munka- \u00e9s lak\u00f3k\u00f6rnyezet szennyez\u00e9s\u00e9nek kitett szem\u00e9lyek sz\u00e1m\u00e1ra.<\/p>\n<p><strong>Adagol\u00e1s \u00e9s felhaszn\u00e1l\u00e1si m\u00f3d:<\/strong><\/p>\n<p>Oldjunk fel k\u00e9t te\u00e1skan\u00e1lnyi term\u00e9ket (12g) egy poh\u00e1r v\u00edzben (0,2l).<\/p>\n<p><strong>Jegyzet:<\/strong><\/p>\n<p>A Revita term\u00e9kek szabadon fogyaszthat\u00f3k b\u00e1rmilyen gy\u00f3gyszerrel \u00e9s \u00e9tellel, \u00e9tkez\u00e9s el\u0151tt vagy ut\u00e1n. A Revita term\u00e9kek haszn\u00e1lat\u00e1ban nincs sz\u00fcks\u00e9g sz\u00fcnetekre.<br \/>\nMinden Revita term\u00e9k olyan C-vitamint tartalmaz, amely jelent\u0151sen hozz\u00e1j\u00e1rul a sz\u00fcks\u00e9ges napi bevitelhez. A m\u00e9hpemp\u0151 \u00e9s a C-vitamin egy\u00fcttesen el\u0151seg\u00edti a kollag\u00e9n \u2013 a fiatals\u00e1g feh\u00e9rje \u2013 termel\u0151d\u00e9s\u00e9t, amely nemcsak a b\u0151r eg\u00e9szs\u00e9g\u00e9hez \u00e9s sz\u00e9ps\u00e9g\u00e9hez sz\u00fcks\u00e9ges, hanem az erek rugalmass\u00e1g\u00e1nak meg\u0151rz\u00e9s\u00e9hez is, k\u00fcl\u00f6n\u00f6sen az agyban \u00e9s a sz\u00edvben, valamint a szervezet v\u00edrusok \u00e9s bakt\u00e9riumok elleni v\u00e9delm\u00e9re.<\/p>\n<\/div>\n<\/div>\n<\/div>\n<\/div>\n<\/div>","protected":false},"featured_media":4566,"template":"","meta":[],"product_brand":[],"product_cat":[106,3054,340,77],"product_tag":[1654,1655,1653,359,245,1406,1656],"class_list":{"0":"post-4481","1":"product","2":"type-product","3":"status-publish","4":"has-post-thumbnail","6":"product_cat-preparati-za-apetit-i-imunitet-kod-dece","7":"product_cat-akcija","8":"product_cat-deciji-program","9":"product_cat-imunitet","10":"product_tag-maticni-mlec","11":"product_tag-otpornosti-na-stres","12":"product_tag-revita","13":"product_tag-super-petak","14":"product_tag-vitamin-c","15":"product_tag-za-decu","16":"product_tag-za-sportiste","18":"first","19":"instock","20":"shipping-taxable","21":"purchasable","22":"product-type-simple"},"ams_default_variation_id":0,"ams_product_points_reward":[],"ams_product_discount_percentage":0,"ams_price_to_display":4025,"ams_acf":[],"jetpack_sharing_enabled":true,"_links":{"self":[{"href":"https:\/\/apotekar-online.rs\/hu\/wp-json\/wp\/v2\/product\/4481","targetHints":{"allow":["GET"]}}],"collection":[{"href":"https:\/\/apotekar-online.rs\/hu\/wp-json\/wp\/v2\/product"}],"about":[{"href":"https:\/\/apotekar-online.rs\/hu\/wp-json\/wp\/v2\/types\/product"}],"wp:featuredmedia":[{"embeddable":true,"href":"https:\/\/apotekar-online.rs\/hu\/wp-json\/wp\/v2\/media\/4566"}],"wp:attachment":[{"href":"https:\/\/apotekar-online.rs\/hu\/wp-json\/wp\/v2\/media?parent=4481"}],"wp:term":[{"taxonomy":"product_brand","embeddable":true,"href":"https:\/\/apotekar-online.rs\/hu\/wp-json\/wp\/v2\/product_brand?post=4481"},{"taxonomy":"product_cat","embeddable":true,"href":"https:\/\/apotekar-online.rs\/hu\/wp-json\/wp\/v2\/product_cat?post=4481"},{"taxonomy":"product_tag","embeddable":true,"href":"https:\/\/apotekar-online.rs\/hu\/wp-json\/wp\/v2\/product_tag?post=4481"}],"curies":[{"name":"wp","href":"https:\/\/api.w.org\/{rel}","templated":true}]}}