{"id":4497,"date":"2023-10-10T09:51:40","date_gmt":"2023-10-10T11:51:40","guid":{"rendered":"https:\/\/apotekar-online.rs\/?post_type=product&#038;p=4497"},"modified":"2026-03-05T08:12:35","modified_gmt":"2026-03-05T10:12:35","slug":"sinomedic-nitrilne-rukavice-bez-pudera-m-velicina-100kom","status":"publish","type":"product","link":"https:\/\/apotekar-online.rs\/hu\/p\/sinomedic-nitrilne-rukavice-bez-pudera-m-velicina-100kom\/","title":{"rendered":"Sinomedic p\u00fadermentes nitril keszty\u0171 M m\u00e9ret 100 db"},"content":{"rendered":"","protected":false},"excerpt":{"rendered":"<p>A fekete nitril keszty\u0171k v\u00e9delmet ny\u00fajtanak a nem k\u00edv\u00e1nt \u00e9s vesz\u00e9lyes anyagok ellen. A mandzsetta k\u00f6nnyen felhelyezhet\u0151 \u00e9s megakad\u00e1lyozza a megereszked\u00e9st.<\/p>\n<p>Ez a fajta keszty\u0171 kiv\u00e1l\u00f3 szil\u00e1rds\u00e1ggal rendelkezik, jobb \u00e1tsz\u00far\u00e1s\u00e1ll\u00f3s\u00e1ggal, valamint fokozott tapad\u00e1st biztos\u00edt nedves \u00e9s sz\u00e1raz ujj- vagy teny\u00e9r text\u00far\u00e1j\u00fa fel\u00fcleteken.<\/p>\n<ul>\n<li>fekete sz\u00edn<\/li>\n<li>veli\u010dine: M<\/li>\n<li>kiszerel\u00e9s: 100 db<\/li>\n<\/ul>","protected":false},"featured_media":4495,"template":"","meta":[],"product_brand":[],"product_cat":[176],"product_tag":[1668,1671,1670,1667,1665],"class_list":{"0":"post-4497","1":"product","2":"type-product","3":"status-publish","4":"has-post-thumbnail","6":"product_cat-medicinska-oprema-i-materijal","7":"product_tag-crne","8":"product_tag-jednokratna-upotreba","9":"product_tag-m-vel","10":"product_tag-nitrilne","11":"product_tag-rukavice","12":"pa_brend-sinomedic","14":"first","15":"instock","16":"shipping-taxable","17":"purchasable","18":"product-type-simple"},"ams_default_variation_id":0,"ams_product_points_reward":[],"ams_product_discount_percentage":0,"ams_price_to_display":600,"ams_acf":[],"jetpack_sharing_enabled":true,"_links":{"self":[{"href":"https:\/\/apotekar-online.rs\/hu\/wp-json\/wp\/v2\/product\/4497","targetHints":{"allow":["GET"]}}],"collection":[{"href":"https:\/\/apotekar-online.rs\/hu\/wp-json\/wp\/v2\/product"}],"about":[{"href":"https:\/\/apotekar-online.rs\/hu\/wp-json\/wp\/v2\/types\/product"}],"wp:featuredmedia":[{"embeddable":true,"href":"https:\/\/apotekar-online.rs\/hu\/wp-json\/wp\/v2\/media\/4495"}],"wp:attachment":[{"href":"https:\/\/apotekar-online.rs\/hu\/wp-json\/wp\/v2\/media?parent=4497"}],"wp:term":[{"taxonomy":"product_brand","embeddable":true,"href":"https:\/\/apotekar-online.rs\/hu\/wp-json\/wp\/v2\/product_brand?post=4497"},{"taxonomy":"product_cat","embeddable":true,"href":"https:\/\/apotekar-online.rs\/hu\/wp-json\/wp\/v2\/product_cat?post=4497"},{"taxonomy":"product_tag","embeddable":true,"href":"https:\/\/apotekar-online.rs\/hu\/wp-json\/wp\/v2\/product_tag?post=4497"}],"curies":[{"name":"wp","href":"https:\/\/api.w.org\/{rel}","templated":true}]}}