{"id":4499,"date":"2023-10-11T04:24:47","date_gmt":"2023-10-11T06:24:47","guid":{"rendered":"https:\/\/apotekar-online.rs\/?post_type=product&#038;p=4499"},"modified":"2026-03-05T08:12:34","modified_gmt":"2026-03-05T10:12:34","slug":"szonyegtisztito-500ml","status":"publish","type":"product","link":"https:\/\/apotekar-online.rs\/hu\/p\/vir-za-tepih-500ml\/","title":{"rendered":"Vir for Carpet 500ml"},"content":{"rendered":"","protected":false},"excerpt":{"rendered":"<p>Vir for Carpet 500ml<\/p>\n<p>Van megold\u00e1s a sz\u0151nyegeken, sz\u0151nyegeken, k\u00e1rpitokon l\u00e9v\u0151 foltok \u00e9s tart\u00f3s foltok ellen - VIR TEPPICH &amp; POLSTER KRAFTGEL. A koncentr\u00e1lt \u00e9s gazdas\u00e1gos, er\u0151teljes hat\u00e1s\u00fa g\u00e9l hat\u00e9konyan mossa \u00e9s tiszt\u00edtja a sz\u0151nyegeket, sz\u0151nyegeket, k\u00e1rpitokat, k\u00e1rpitokat \u00e9s m\u00e1s term\u00e9szetes \u00e9s szintetikus anyagokat. Habja m\u00e9lyen behatol a sz\u00f6vetekbe, \u00e9s szakszer\u0171en t\u00e1vol\u00edtja el a kellemetlen \u00e9s makacs foltokat, mik\u00f6zben friss\u00edti a sz\u00edneket \u00e9s kellemes, friss \u00e9s tiszta illatot hagy maga ut\u00e1n. A VIR TEPPICH &amp; POLSTER KRAFTGEL a t\u00f6k\u00e9letes megold\u00e1s a kiv\u00e1l\u00f3 h\u00e1ztart\u00e1si eredm\u00e9nyek el\u00e9r\u00e9s\u00e9hez.<\/p>\n<p><strong>Kiszerel\u00e9s \u00e9s adagol\u00e1s:<\/strong><br \/>\n500 ml<br \/>\nOldjunk fel 50 ml k\u00e9sz\u00edtm\u00e9nyt 2 l v\u00edzben - tart\u00f3s foltok eset\u00e9n k\u00e9sz\u00edts\u00fcnk er\u0151sebb oldatot.<\/p>\n<p><strong>Alkalmas:<\/strong><br \/>\n\u2022 term\u00e9szetes \u00e9s szintetikus sz\u00f6vetek<br \/>\n\u2022 sz\u0151nyegek, sz\u0151nyegek, k\u00e1rpitok, falisz\u0151nyegek stb.<\/p>","protected":false},"featured_media":4500,"template":"","meta":[],"product_brand":[],"product_cat":[982,1461],"product_tag":[441,1674,417,1673,1676,1675],"class_list":{"0":"post-4499","1":"product","2":"type-product","3":"status-publish","4":"has-post-thumbnail","6":"product_cat-kucna-hemija","7":"product_cat-odrzavanje-podova-i-namestaja","8":"product_tag-higijena","9":"product_tag-krevet","10":"product_tag-sredstvo-za-ciscenje","11":"product_tag-tepih","12":"product_tag-vir","13":"product_tag-zavese","14":"pa_brend-4u-pharma","15":"pa_brend-abela-pharm","16":"pa_brend-adoc","17":"pa_brend-adonis","18":"pa_brend-afrodita","19":"pa_brend-agroflora-goodwill","20":"pa_brend-ajax","21":"pa_brend-alkaloid","22":"pa_brend-allin","23":"pa_brend-alpenkrauter","24":"pa_brend-alphacaps","25":"pa_brend-alternativa-medica","26":"pa_brend-anafarm","27":"pa_brend-antibiotice","28":"pa_brend-apuretin","29":"pa_brend-aquafresh","30":"pa_brend-avent","31":"pa_brend-banat","32":"pa_brend-bayer-health-care","33":"pa_brend-becutan","34":"pa_brend-becutn","35":"pa_brend-beopanax","36":"pa_brend-beres-pharmaceutic","37":"pa_brend-bimunal","38":"pa_brend-biocinalis","39":"pa_brend-bioclinica","40":"pa_brend-bioco-kft","41":"pa_brend-biofar","42":"pa_brend-biofarm","43":"pa_brend-bioherbal","44":"pa_brend-biota-intima","45":"pa_brend-bioten","46":"pa_brend-blic","47":"pa_brend-bones","48":"pa_brend-brandoline","49":"pa_brend-bref","50":"pa_brend-bu","51":"pa_brend-canpol","52":"pa_brend-centrum","53":"pa_brend-ceumed","54":"pa_brend-chicco","55":"pa_brend-colgate","56":"pa_brend-colief","57":"pa_brend-collagen","58":"pa_brend-corega","59":"pa_brend-cosmetic-company","60":"pa_brend-crystal-derma","61":"pa_brend-curaprox","62":"pa_brend-dacom-pharm","63":"pa_brend-dacom-pharma","64":"pa_brend-dcp-hemigal","65":"pa_brend-deep-fresh","66":"pa_brend-denim","67":"pa_brend-depil-fruit","68":"pa_brend-depil-line","69":"pa_brend-deverrafarm","70":"pa_brend-dietpharm","71":"pa_brend-donna-natura","72":"pa_brend-donvas","73":"pa_brend-dove","74":"pa_brend-dr-gerhard-mann","75":"pa_brend-dr-theiss","76":"pa_brend-dr-werner","77":"pa_brend-dumm","78":"pa_brend-e-s-i","79":"pa_brend-eko-farm","80":"pa_brend-elephant","81":"pa_brend-epsilon-health","82":"pa_brend-ervamatin","83":"pa_brend-esensa","84":"pa_brend-esi","85":"pa_brend-europharma-alliance-sp","86":"pa_brend-eveline-cosmetics","87":"pa_brend-ewopharma-d-o-o","88":"pa_brend-family","89":"pa_brend-femmabiotic","90":"pa_brend-fifor-france","91":"pa_brend-fiona","92":"pa_brend-fitogal","93":"pa_brend-flufsan","94":"pa_brend-fresh-feel","95":"pa_brend-freshmaker","96":"pa_brend-frosch","97":"pa_brend-fructus","98":"pa_brend-galafarm","99":"pa_brend-galenika","100":"pa_brend-galenska-laboratorija","101":"pa_brend-galeska-laboratorija","102":"pa_brend-garnier","103":"pa_brend-ge-kids","104":"pa_brend-gelorevoice","105":"pa_brend-gemini-pharmaceuticals","106":"pa_brend-glaxosmithkline-kft","107":"pa_brend-globifer-intl","108":"pa_brend-goodwill","109":"pa_brend-green-medic","110":"pa_brend-grubin","111":"pa_brend-gsk","112":"pa_brend-guilin-sanjin-pharmaceutical","113":"pa_brend-hansaplast","114":"pa_brend-health-aid","115":"pa_brend-hello-kitty","116":"pa_brend-hemofarm","117":"pa_brend-herba-svet","118":"pa_brend-herbiko","119":"pa_brend-herboral","120":"pa_brend-himalaya","121":"pa_brend-hipp","122":"pa_brend-hobby","123":"pa_brend-idi-pharm-italija","124":"pa_brend-idva-health-scienc","125":"pa_brend-imunolak","126":"pa_brend-innovative-med-lenus","127":"pa_brend-innovative_med-lenus","128":"pa_brend-innventa","129":"pa_brend-inpharm","130":"pa_brend-inpharma","131":"pa_brend-inphrm","132":"pa_brend-inst-dr-josif-pancic","133":"pa_brend-iva-farm","134":"pa_brend-jgl","135":"pa_brend-johnsons","136":"pa_brend-jugoremedija","137":"pa_brend-kallos","138":"pa_brend-kallos-cosmetics","139":"pa_brend-kendi","140":"pa_brend-kirka","141":"pa_brend-koloid","142":"pa_brend-krauterhof","143":"pa_brend-krka","144":"pa_brend-la-rive","145":"pa_brend-laboratoires-dermatologiques-duriage","146":"pa_brend-lacalut","147":"pa_brend-lactacyd","148":"pa_brend-ladyfit","149":"pa_brend-lectranal","150":"pa_brend-libytec","151":"pa_brend-livsane","152":"pa_brend-lo-li-pharma-s-r-i","153":"pa_brend-loreal-paris","154":"pa_brend-lorelli","155":"pa_brend-lycia","156":"pa_brend-l-oreal-paris","157":"pa_brend-magija","158":"pa_brend-marion","159":"pa_brend-max-medica","160":"pa_brend-maxlab","161":"pa_brend-medis","162":"pa_brend-meilab","163":"pa_brend-menta-padej","164":"pa_brend-merckle","165":"pa_brend-merz","166":"pa_brend-microlife","167":"pa_brend-milupa","168":"pa_brend-mixa","169":"pa_brend-mucoplant","170":"pa_brend-nailner","171":"pa_brend-natura-farma","172":"pa_brend-natural-wealth","173":"pa_brend-naturprodukt-pharma","174":"pa_brend-neo-cell-corporation","175":"pa_brend-nevena","176":"pa_brend-nip","177":"pa_brend-nivea","178":"pa_brend-novahealth","179":"pa_brend-nuk","180":"pa_brend-nutrino","181":"pa_brend-omega-pharma","182":"pa_brend-optimus-pharma","183":"pa_brend-oral-b","184":"pa_brend-orthomol","185":"pa_brend-palmolive","186":"pa_brend-pampers","187":"pa_brend-panadol","188":"pa_brend-parasoftin","189":"pa_brend-patrolne-sape","190":"pa_brend-pepa-prase","191":"pa_brend-pharma-swiss","192":"pa_brend-pharmalife","193":"pa_brend-pharmanova","194":"pa_brend-pharmas","195":"pa_brend-pharmaswiss","196":"pa_brend-pileje","197":"pa_brend-pin-code","198":"pa_brend-planta-pol","199":"pa_brend-pohl-boskamp","200":"pa_brend-prizma","201":"pa_brend-probiotics-internation","202":"pa_brend-propomucil","203":"pa_brend-prospan","204":"pa_brend-rabenhorst","205":"pa_brend-saforelle","206":"pa_brend-salina","207":"pa_brend-saljic-melemi","208":"pa_brend-salvus","209":"pa_brend-sandoz","210":"pa_brend-schwarzkopf","211":"pa_brend-sebamed","212":"pa_brend-seni","213":"pa_brend-serrap","214":"pa_brend-sinomarin","215":"pa_brend-sinomedic","216":"pa_brend-solgar","217":"pa_brend-srebrnakap","218":"pa_brend-str8","219":"pa_brend-strong-nature","220":"pa_brend-subrina","221":"pa_brend-sumi","222":"pa_brend-suppup","223":"pa_brend-supradyn","224":"pa_brend-syoss","225":"pa_brend-tac","226":"pa_brend-tantum","227":"pa_brend-tao-leskovac","228":"pa_brend-tetesept","229":"pa_brend-tg-farm","230":"pa_brend-theapharma","231":"pa_brend-ufar","232":"pa_brend-unimed-pharma","233":"pa_brend-upsa","234":"pa_brend-veet","235":"pa_brend-vega","236":"pa_brend-velelek","237":"pa_brend-vemax-pharma","238":"pa_brend-vir","239":"pa_brend-vitabiotic","240":"pa_brend-vitabiotics","241":"pa_brend-vitalis","242":"pa_brend-viva-propet","243":"pa_brend-voltaren","244":"pa_brend-walmark","245":"pa_brend-waschkonig","246":"pa_brend-wash-go","247":"pa_brend-welcos-co","248":"pa_brend-whitehall","249":"pa_brend-xanitalia","250":"pa_brend-yess-baby","251":"pa_brend-zdravlje-kozmetika","252":"pa_brend-zdravlje-lek","253":"pa_brend-ziaja","255":"first","256":"instock","257":"shipping-taxable","258":"purchasable","259":"product-type-simple"},"ams_default_variation_id":0,"ams_product_points_reward":[],"ams_product_discount_percentage":0,"ams_price_to_display":220,"ams_acf":[],"jetpack_sharing_enabled":true,"_links":{"self":[{"href":"https:\/\/apotekar-online.rs\/hu\/wp-json\/wp\/v2\/product\/4499","targetHints":{"allow":["GET"]}}],"collection":[{"href":"https:\/\/apotekar-online.rs\/hu\/wp-json\/wp\/v2\/product"}],"about":[{"href":"https:\/\/apotekar-online.rs\/hu\/wp-json\/wp\/v2\/types\/product"}],"wp:featuredmedia":[{"embeddable":true,"href":"https:\/\/apotekar-online.rs\/hu\/wp-json\/wp\/v2\/media\/4500"}],"wp:attachment":[{"href":"https:\/\/apotekar-online.rs\/hu\/wp-json\/wp\/v2\/media?parent=4499"}],"wp:term":[{"taxonomy":"product_brand","embeddable":true,"href":"https:\/\/apotekar-online.rs\/hu\/wp-json\/wp\/v2\/product_brand?post=4499"},{"taxonomy":"product_cat","embeddable":true,"href":"https:\/\/apotekar-online.rs\/hu\/wp-json\/wp\/v2\/product_cat?post=4499"},{"taxonomy":"product_tag","embeddable":true,"href":"https:\/\/apotekar-online.rs\/hu\/wp-json\/wp\/v2\/product_tag?post=4499"}],"curies":[{"name":"wp","href":"https:\/\/api.w.org\/{rel}","templated":true}]}}