{"id":4586,"date":"2023-10-16T09:21:34","date_gmt":"2023-10-16T11:21:34","guid":{"rendered":"https:\/\/apotekar-online.rs\/?post_type=product&#038;p=4586"},"modified":"2026-03-05T08:38:29","modified_gmt":"2026-03-05T10:38:29","slug":"maxmedica-maxomucil-600-10-kesica","status":"publish","type":"product","link":"https:\/\/apotekar-online.rs\/hu\/p\/maxmedica-maxomucil-600-10-kesica\/","title":{"rendered":"MaxMedica MaxoMucil 600 10 tasak"},"content":{"rendered":"","protected":false},"excerpt":{"rendered":"<p>MaxoMucil 600 razre\u0111uje sekret i omogu\u0107ava lak\u0161e iska\u0161ljavanje, \u010dime se uspostavlja normalan protok vazduha kroz disajne puteve i olak\u0161ava disanje. N-acetilcistein kao mukolitik razre\u0111uje gust, viskozni sekret i poma\u017ee da se on lak\u0161e izbaci iz disajnih puteva. Propolis doprinosi normalnoj funkciji imunog sistema i \u0161titi sluznicu disajnih puteva od razvoja bakterijskih, virusnih i gljivi\u010dnih infekcija. Ehinacea kao prirodni imunostimulator poja\u010dava imuni odgovor i odbrambenu sposobnost organizma. Vitamin C doprinosi normalnoj funkciji imunog sistema, za\u0161titi \u0107elija od oksidativnog stresa, normalnom energetskom metabolizmu i smanjenju umora i iscrpljenosti.<\/p>\n<h5>Doziranje i upotrebe :<\/h5>\n<p>Odrasli i deca starija od 12 godina: jednom dnevno sadr\u017eaj 1 kesice rastvoriti u pola \u010da\u0161e vode, prome\u0161ati ka\u0161i\u010dicom i odmah popiti.<\/p>\n<h5>Fogalmaz\u00e1s :<\/h5>\n<p>N-acetilcistein 600 mg; suvi ekstrakt propolisa standardizovan na minimum 10% flavonoida 30 mg; ehinacea 80 mg; vitamin C 120 mg<\/p>","protected":false},"featured_media":4587,"template":"","meta":[],"product_brand":[],"product_cat":[151,3054],"product_tag":[1709,244,1240,1708,248,245],"class_list":{"0":"post-4586","1":"product","2":"type-product","3":"status-publish","4":"has-post-thumbnail","6":"product_cat-prehlada-i-kasalj","7":"product_cat-akcija","8":"product_tag-betty","9":"product_tag-ehinacea","10":"product_tag-iskasljavanje","11":"product_tag-n-acetilcistein","12":"product_tag-propolis","13":"product_tag-vitamin-c","14":"pa_brend-max-medica","16":"first","17":"instock","18":"shipping-taxable","19":"purchasable","20":"product-type-simple"},"ams_default_variation_id":0,"ams_product_points_reward":[],"ams_product_discount_percentage":0,"ams_price_to_display":595,"ams_acf":[],"jetpack_sharing_enabled":true,"_links":{"self":[{"href":"https:\/\/apotekar-online.rs\/hu\/wp-json\/wp\/v2\/product\/4586","targetHints":{"allow":["GET"]}}],"collection":[{"href":"https:\/\/apotekar-online.rs\/hu\/wp-json\/wp\/v2\/product"}],"about":[{"href":"https:\/\/apotekar-online.rs\/hu\/wp-json\/wp\/v2\/types\/product"}],"wp:featuredmedia":[{"embeddable":true,"href":"https:\/\/apotekar-online.rs\/hu\/wp-json\/wp\/v2\/media\/4587"}],"wp:attachment":[{"href":"https:\/\/apotekar-online.rs\/hu\/wp-json\/wp\/v2\/media?parent=4586"}],"wp:term":[{"taxonomy":"product_brand","embeddable":true,"href":"https:\/\/apotekar-online.rs\/hu\/wp-json\/wp\/v2\/product_brand?post=4586"},{"taxonomy":"product_cat","embeddable":true,"href":"https:\/\/apotekar-online.rs\/hu\/wp-json\/wp\/v2\/product_cat?post=4586"},{"taxonomy":"product_tag","embeddable":true,"href":"https:\/\/apotekar-online.rs\/hu\/wp-json\/wp\/v2\/product_tag?post=4586"}],"curies":[{"name":"wp","href":"https:\/\/api.w.org\/{rel}","templated":true}]}}