{"id":4594,"date":"2023-10-16T15:17:10","date_gmt":"2023-10-16T17:17:10","guid":{"rendered":"https:\/\/apotekar-online.rs\/?post_type=product&#038;p=4594"},"modified":"2026-03-05T08:12:32","modified_gmt":"2026-03-05T10:12:32","slug":"maxmedica-angina-max-junior-20ml","status":"publish","type":"product","link":"https:\/\/apotekar-online.rs\/hu\/p\/maxmedica-anginal-max-junior-20ml\/","title":{"rendered":"MaxMedica Anginal Max Junior 20ml"},"content":{"rendered":"","protected":false},"excerpt":{"rendered":"<p>Az Anginal Max Junior standardiz\u00e1lt propoliszkivonat, agyagzs\u00e1lya \u00e9s kakukkf\u0171 ill\u00f3olajok, valamint koncentr\u00e1lt acerolal\u00e9, mint term\u00e9szetes C-vitamin forr\u00e1s alapj\u00e1n k\u00e9sz\u00fclt spray. C\u00e9lja, hogy meg\u0151rizze a ny\u00e1lkah\u00e1rtya eg\u00e9szs\u00e9g\u00e9t. sz\u00e1j \u00e9s torok. Sz\u00e1raz \u00e9s irrit\u00e1l\u00f3 k\u00f6h\u00f6g\u00e9s, rekedts\u00e9g \u00e9s torokkapar\u00e1s, sz\u00e1j- \u00e9s torokgyulladt ny\u00e1lkah\u00e1rtya, irrit\u00e1lt \u00e9s s\u00e9r\u00fclt fog\u00edny, afta eset\u00e9n aj\u00e1nlott seg\u00edteni.<\/p>\n<h5>Adagol\u00e1s \u00e9s felhaszn\u00e1l\u00e1si m\u00f3d:<\/h5>\n<p>3-12 \u00e9ves gyermekek: napi 4 alkalommal. A term\u00e9ket olyan feln\u0151ttek is haszn\u00e1lhatj\u00e1k, akik nem haszn\u00e1lnak alkoholt tartalmaz\u00f3 torokspray-t. Naponta 6-8 alkalommal javasolt a spray haszn\u00e1lata.<\/p>\n<h5>Fogalmaz\u00e1s<\/h5>\n<p>Propolisz kivonat (a galangintartalomban kifejezett \u00f6sszes polifenol 12%-ra standardiz\u00e1lva) 17 mg; agyagzs\u00e1lya ill\u00f3olaj 0,2 mg; kakukkf\u0171 ill\u00f3olaj 0,2 mg; t\u00f6m\u00e9ny acerolal\u00e9 56 mg<\/p>","protected":false},"featured_media":7335,"template":"","meta":[],"product_brand":[],"product_cat":[340,148],"product_tag":[1120,179,335,1544],"class_list":{"0":"post-4594","1":"product","2":"type-product","3":"status-publish","4":"has-post-thumbnail","6":"product_cat-deciji-program","7":"product_cat-preparati-za-prehladu-i-kasalj-kod-dece","8":"product_tag-afte","9":"product_tag-imunitet","10":"product_tag-promuklost","11":"product_tag-suvi-kasalj","12":"pa_brend-max-medica","14":"first","15":"instock","16":"shipping-taxable","17":"purchasable","18":"product-type-simple"},"ams_default_variation_id":0,"ams_product_points_reward":[],"ams_product_discount_percentage":0,"ams_price_to_display":544.5,"ams_acf":[],"jetpack_sharing_enabled":true,"_links":{"self":[{"href":"https:\/\/apotekar-online.rs\/hu\/wp-json\/wp\/v2\/product\/4594","targetHints":{"allow":["GET"]}}],"collection":[{"href":"https:\/\/apotekar-online.rs\/hu\/wp-json\/wp\/v2\/product"}],"about":[{"href":"https:\/\/apotekar-online.rs\/hu\/wp-json\/wp\/v2\/types\/product"}],"wp:featuredmedia":[{"embeddable":true,"href":"https:\/\/apotekar-online.rs\/hu\/wp-json\/wp\/v2\/media\/7335"}],"wp:attachment":[{"href":"https:\/\/apotekar-online.rs\/hu\/wp-json\/wp\/v2\/media?parent=4594"}],"wp:term":[{"taxonomy":"product_brand","embeddable":true,"href":"https:\/\/apotekar-online.rs\/hu\/wp-json\/wp\/v2\/product_brand?post=4594"},{"taxonomy":"product_cat","embeddable":true,"href":"https:\/\/apotekar-online.rs\/hu\/wp-json\/wp\/v2\/product_cat?post=4594"},{"taxonomy":"product_tag","embeddable":true,"href":"https:\/\/apotekar-online.rs\/hu\/wp-json\/wp\/v2\/product_tag?post=4594"}],"curies":[{"name":"wp","href":"https:\/\/api.w.org\/{rel}","templated":true}]}}