{"id":4620,"date":"2023-10-17T09:54:13","date_gmt":"2023-10-17T11:54:13","guid":{"rendered":"https:\/\/apotekar-online.rs\/?post_type=product&#038;p=4620"},"modified":"2026-03-05T08:11:49","modified_gmt":"2026-03-05T10:11:49","slug":"johnsons-sampon-za-decu-gold-750-ml","status":"publish","type":"product","link":"https:\/\/apotekar-online.rs\/hu\/p\/johnsons-sampon-za-decu-gold-750-ml\/","title":{"rendered":"Johnson&#039;s Sampon gyerekeknek - Arany, 750 ml"},"content":{"rendered":"","protected":false},"excerpt":{"rendered":"<ul class=\"pdd_1609wnw2\">\n<li>\u0160ampon za decu<\/li>\n<li>Za osetljivu ko\u017eu i kosu dece<\/li>\n<li>Ne\u017eno \u010disti<\/li>\n<li>Dermatolo\u0161ki testiran<\/li>\n<li>Pogodan za decu i odrasle<\/li>\n<\/ul>\n<div class=\"pdd_1609wnw3\">Johnson&#8217;s Gold \u0161ampon za decu namenjen je nezi osetljive de\u010dije ko\u017ee i kose. Formula No More Tears, obogac\u0301ena visokokvalitetnim sastojcima i uravnote\u017eenom pH vredno\u0161c\u0301u, ne\u017ena je za o\u010di kao \u010dista voda. Ne sadr\u017ei parabene, sulfate i ve\u0161ta\u010dke boje. Prilikom kupanja stvara se bogata pena, koja ne\u017eno \u010disti bebinu osetljivu ko\u017eu i brzo se ispire. Proizvod je dermatolo\u0161ki testiran i pogodan je za decu i odrasle. Priu\u0161tite svojim mali\u0161anima trenutke opu\u0161tanja i zabave sa Johnson&#8217;s Gold \u0161amponom za decu.<\/div>","protected":false},"featured_media":4776,"template":"","meta":[],"product_brand":[],"product_cat":[340,224],"product_tag":[1211,409,811,1731],"class_list":{"0":"post-4620","1":"product","2":"type-product","3":"status-publish","4":"has-post-thumbnail","6":"product_cat-deciji-program","7":"product_cat-kozmetika-za-decu","8":"product_tag-deciji-sampon","9":"product_tag-kozmetika-za-decu","10":"product_tag-sampon","11":"product_tag-sampon-za-decu","12":"pa_brend-johnsons","14":"first","15":"instock","16":"shipping-taxable","17":"purchasable","18":"product-type-simple"},"ams_default_variation_id":0,"ams_product_points_reward":[],"ams_product_discount_percentage":0,"ams_price_to_display":385,"ams_acf":[],"jetpack_sharing_enabled":true,"_links":{"self":[{"href":"https:\/\/apotekar-online.rs\/hu\/wp-json\/wp\/v2\/product\/4620","targetHints":{"allow":["GET"]}}],"collection":[{"href":"https:\/\/apotekar-online.rs\/hu\/wp-json\/wp\/v2\/product"}],"about":[{"href":"https:\/\/apotekar-online.rs\/hu\/wp-json\/wp\/v2\/types\/product"}],"wp:featuredmedia":[{"embeddable":true,"href":"https:\/\/apotekar-online.rs\/hu\/wp-json\/wp\/v2\/media\/4776"}],"wp:attachment":[{"href":"https:\/\/apotekar-online.rs\/hu\/wp-json\/wp\/v2\/media?parent=4620"}],"wp:term":[{"taxonomy":"product_brand","embeddable":true,"href":"https:\/\/apotekar-online.rs\/hu\/wp-json\/wp\/v2\/product_brand?post=4620"},{"taxonomy":"product_cat","embeddable":true,"href":"https:\/\/apotekar-online.rs\/hu\/wp-json\/wp\/v2\/product_cat?post=4620"},{"taxonomy":"product_tag","embeddable":true,"href":"https:\/\/apotekar-online.rs\/hu\/wp-json\/wp\/v2\/product_tag?post=4620"}],"curies":[{"name":"wp","href":"https:\/\/api.w.org\/{rel}","templated":true}]}}