{"id":4628,"date":"2023-10-17T10:16:57","date_gmt":"2023-10-17T12:16:57","guid":{"rendered":"https:\/\/apotekar-online.rs\/?post_type=product&#038;p=4628"},"modified":"2026-03-05T08:11:48","modified_gmt":"2026-03-05T10:11:48","slug":"eveline-kezeles-gombak-es-bakteriumok-ellen-12ml","status":"publish","type":"product","link":"https:\/\/apotekar-online.rs\/hu\/p\/eveline-tretman-protiv-gljivica-i-bakterija-12ml\/","title":{"rendered":"Eveline kezel\u00e9s gomb\u00e1k \u00e9s bakt\u00e9riumok ellen 12ml"},"content":{"rendered":"","protected":false},"excerpt":{"rendered":"<p>A hat\u00f3anyagok m\u00e9lyen behatolnak a k\u00f6rm\u00f6kbe, megakad\u00e1lyozz\u00e1k a mikroorganizmusok fejl\u0151d\u00e9s\u00e9t, v\u00e9dik a k\u00f6rm\u00f6ket a gomb\u00e1sod\u00e1st\u00f3l. A term\u00e9k helyre\u00e1ll\u00edtja a k\u00f6rm\u00f6ket a regener\u00e1ci\u00f3 felgyors\u00edt\u00e1s\u00e1val. Eg\u00e9szs\u00e9ges megjelen\u00e9st k\u00f6lcs\u00f6n\u00f6z a k\u00f6rm\u00f6knek, elfedi a t\u00f6k\u00e9letlens\u00e9geket \u00e9s vil\u00e1gosabb\u00e1 teszi a k\u00f6r\u00f6mlemezt.<br \/>\nA balzsam rendszeres haszn\u00e1lata eset\u00e9n er\u0151s v\u00e9delem lesz mindenf\u00e9le fert\u0151z\u00e9s ellen. Jav\u00edtja a k\u00f6rm\u00f6k megjelen\u00e9s\u00e9t is.<\/p>","protected":false},"featured_media":7799,"template":"","meta":[],"product_brand":[],"product_cat":[547,80],"product_tag":[2436,1734,1735],"class_list":{"0":"post-4628","1":"product","2":"type-product","3":"status-publish","4":"has-post-thumbnail","6":"product_cat-kozmetika-i-nega-za-odrasle","7":"product_cat-koza-kosa-i-nokti","8":"product_tag-eveline","9":"product_tag-gljivice-na-noktima","10":"product_tag-lak","11":"pa_brend-eveline-cosmetics","13":"first","14":"instock","15":"shipping-taxable","16":"purchasable","17":"product-type-simple"},"ams_default_variation_id":0,"ams_product_points_reward":[],"ams_product_discount_percentage":0,"ams_price_to_display":535,"ams_acf":[],"jetpack_sharing_enabled":true,"_links":{"self":[{"href":"https:\/\/apotekar-online.rs\/hu\/wp-json\/wp\/v2\/product\/4628","targetHints":{"allow":["GET"]}}],"collection":[{"href":"https:\/\/apotekar-online.rs\/hu\/wp-json\/wp\/v2\/product"}],"about":[{"href":"https:\/\/apotekar-online.rs\/hu\/wp-json\/wp\/v2\/types\/product"}],"wp:featuredmedia":[{"embeddable":true,"href":"https:\/\/apotekar-online.rs\/hu\/wp-json\/wp\/v2\/media\/7799"}],"wp:attachment":[{"href":"https:\/\/apotekar-online.rs\/hu\/wp-json\/wp\/v2\/media?parent=4628"}],"wp:term":[{"taxonomy":"product_brand","embeddable":true,"href":"https:\/\/apotekar-online.rs\/hu\/wp-json\/wp\/v2\/product_brand?post=4628"},{"taxonomy":"product_cat","embeddable":true,"href":"https:\/\/apotekar-online.rs\/hu\/wp-json\/wp\/v2\/product_cat?post=4628"},{"taxonomy":"product_tag","embeddable":true,"href":"https:\/\/apotekar-online.rs\/hu\/wp-json\/wp\/v2\/product_tag?post=4628"}],"curies":[{"name":"wp","href":"https:\/\/api.w.org\/{rel}","templated":true}]}}