{"id":4633,"date":"2023-10-17T10:24:55","date_gmt":"2023-10-17T12:24:55","guid":{"rendered":"https:\/\/apotekar-online.rs\/?post_type=product&#038;p=4633"},"modified":"2026-03-05T08:11:48","modified_gmt":"2026-03-05T10:11:48","slug":"eveline-sos-lash-booster-serum-za-trepavice-10ml","status":"publish","type":"product","link":"https:\/\/apotekar-online.rs\/hu\/p\/eveline-sos-lash-booster-serum-za-trepavice-10ml\/","title":{"rendered":"Eveline SoS Lash booster sz\u00e9rum szempill\u00e1kra 10ml"},"content":{"rendered":"","protected":false},"excerpt":{"rendered":"<p>Serum za trepavice je inovativni proizvod koji spaja osobine seruma za regeneraciju, aktivatora za trepavice i podloge za maskaru. Inovativna formula u sinergiji sa arganovim uljem pokazuje sna\u017eno regenerativno i hranljivo delovanje. Savr\u0161eno poveaava gustinu i volumen trepavica. Zahvaljujuai redovnoj primeni seruma trepavice su vidno gu\u0161ae, du\u017ee, ja\u010de i manje sklone opadanju.<br \/>\nHaszn\u00e1lat:<br \/>\nSerum se mo\u017ee koristi kao podloga za maskaru pa ga nanosite pre \u0161minkanja.<br \/>\nKoristi se kao obnavljajuai serum. Nanosite preparat svaki dan pre spavanja na o\u010di\u0161aene i suve trepavice.<\/p>\n<ul>\n<li>Udvostru\u010duje volumen trepavica<\/li>\n<li>Izdu\u017euje i poja\u010dava<\/li>\n<li>Hrani i regeneri\u0161e<\/li>\n<li>Ubrzava rast trepavica<\/li>\n<li>Spre\u010dava opadanje<\/li>\n<\/ul>\n<p>&nbsp;<\/p>","protected":false},"featured_media":4634,"template":"","meta":[],"product_brand":[],"product_cat":[178,547],"product_tag":[902,1739,1414,1738],"class_list":{"0":"post-4633","1":"product","2":"type-product","3":"status-publish","4":"has-post-thumbnail","6":"product_cat-nega-lica","7":"product_cat-kozmetika-i-nega-za-odrasle","8":"product_tag-hrani","9":"product_tag-podloga-za-maskare","10":"product_tag-regenerise","11":"product_tag-trepavice","12":"pa_brend-eveline-cosmetics","14":"first","15":"instock","16":"shipping-taxable","17":"purchasable","18":"product-type-simple"},"ams_default_variation_id":0,"ams_product_points_reward":[],"ams_product_discount_percentage":0,"ams_price_to_display":500,"ams_acf":[],"jetpack_sharing_enabled":true,"_links":{"self":[{"href":"https:\/\/apotekar-online.rs\/hu\/wp-json\/wp\/v2\/product\/4633","targetHints":{"allow":["GET"]}}],"collection":[{"href":"https:\/\/apotekar-online.rs\/hu\/wp-json\/wp\/v2\/product"}],"about":[{"href":"https:\/\/apotekar-online.rs\/hu\/wp-json\/wp\/v2\/types\/product"}],"wp:featuredmedia":[{"embeddable":true,"href":"https:\/\/apotekar-online.rs\/hu\/wp-json\/wp\/v2\/media\/4634"}],"wp:attachment":[{"href":"https:\/\/apotekar-online.rs\/hu\/wp-json\/wp\/v2\/media?parent=4633"}],"wp:term":[{"taxonomy":"product_brand","embeddable":true,"href":"https:\/\/apotekar-online.rs\/hu\/wp-json\/wp\/v2\/product_brand?post=4633"},{"taxonomy":"product_cat","embeddable":true,"href":"https:\/\/apotekar-online.rs\/hu\/wp-json\/wp\/v2\/product_cat?post=4633"},{"taxonomy":"product_tag","embeddable":true,"href":"https:\/\/apotekar-online.rs\/hu\/wp-json\/wp\/v2\/product_tag?post=4633"}],"curies":[{"name":"wp","href":"https:\/\/api.w.org\/{rel}","templated":true}]}}