{"id":4642,"date":"2023-10-18T06:12:00","date_gmt":"2023-10-18T08:12:00","guid":{"rendered":"https:\/\/apotekar-online.rs\/?post_type=product&#038;p=4642"},"modified":"2026-03-05T08:11:47","modified_gmt":"2026-03-05T10:11:47","slug":"eko-c-vit-junior-40-drazeje","status":"publish","type":"product","link":"https:\/\/apotekar-online.rs\/hu\/p\/eko-c-vit-junior-40-drazeje\/","title":{"rendered":"Eco C-vit junior 40 drazs\u00e9"},"content":{"rendered":"","protected":false},"excerpt":{"rendered":"<p><b>Eko C-Vit junior<\/b>\u00a0dra\u017eeje su dodatak ishrani na bazi vitamina C namenjene deci pred\u0161kolskog i \u0161kolskog uzrasta. Sadr\u017ee preporu\u010denu dozu vitamina C od 50 mg, koja zadovoljava dnevne potrebe dece za ovim vitaminom. Dra\u017eeje su slatkog ukusa, sa 100 % prirodnom aromom pomorand\u017ee, zbog \u010dega ih najmla\u0111i lako prihvataju \u2013 \u010dak i oni najizbirljiviji.<\/p>\n<p>Kao i ve\u0107ina drugih vitamina, vitamin C je\u00a0<b>esencijalan nutrijent<\/b>, \u0161to zna\u010di da ga telo deteta ne mo\u017ee sintetisati. Zbog toga se mora redovno unositi izbalansiranom ishranom i dodacima ishrani (dijetetskim suplementima), onda kada je to neophodno. Naj\u010de\u0161\u0107e je to slu\u010daj kada dete ne posti\u017ee preporu\u010dene vrednosti vitamina C u organizmu, \u0161to mo\u017ee biti posledica razli\u010ditih faktora, kao \u0161to su pothranjenost, prisustvo hroni\u010dnih oboljenja, ili slab apetit. Poslednje u nizu \u2013 slab apetit, ili \u201czabu\u0161avanje\u201c za stolom, posebno po pitanju sve\u017eeg vo\u0107a i povr\u0107a, dobro je poznato svim mamama i tatama i predstavlja prolaznu fazu u razvoju najve\u0107eg broja dece. Me\u0111utim, nisu retki ni slu\u010dajevi u kojima se trend slabog apetita mo\u017ee produ\u017eiti i do vi\u0161ih razreda osnovne \u0161kole. Upravo u tim situacijama preporu\u010duje se primena dijetetskih suplemenata na bazi vitamina C, kao vrednih koncentrovanih izvora ovog vitamina, uz raznovrsnu i pravilno izbalansiranu ishranu.<\/p>\n<p>Zbog toga,\u00a0<b>Eko-C-Vit junior<\/b>\u00a0dra\u017eeje imaju posebno va\u017enu ulogu u o\u010duvanju funkcije:<\/p>\n<ul>\n<li><b>Imunog sistema<\/b>\u00a0\u2013 adekvatan unos vitamina C mo\u017ee pobolj\u0161ati komponente osetljivog de\u010dijeg imunog sistema i na taj na\u010din ubla\u017eiti simptome i skratiti trajanje infekcija gornjih disajnih puteva, koje su ujedno i naj\u010de\u0161\u0107e infekcije u de\u010dijoj populaciji.<\/li>\n<li><b>Skeletno-mi\u0161i\u0107nog sistema<\/b>\u00a0\u2013 vitamin C pozitivno uti\u010de na proces zarastanja rana i preloma tako \u0161to skra\u0107uje vreme oporavka, \u0161to je veoma zna\u010dajno za malu decu, koja su neprekidno izlo\u017eena riziku od povreda.<\/li>\n<li><b>Crvenih krvnih zrnaca<\/b>\u00a0\u2013 dovoljna koli\u010dina vitamina C zastupljena u ishrani \u0161titi decu od razvijanja anemije usled nedostatka gvo\u017e\u0111a, pove\u0107avaju\u0107i apsorpciju neorganskog nehem gvo\u017e\u0111a iz gastrointestinalnog trakta, \u0161to rezultuje pravilnim formiranjem crvenih krvnih zrnaca.<\/li>\n<\/ul>\n<p><b>Eko C-Vit junior<\/b>\u00a0je dodatak ishrani na bazi vitamina C namenjen deci pred\u0161kolskog i \u0161kolskog uzrasta. Mogu ga koristiti deca starija od 3 godine. Primenjuju se kao dopuna zdravoj, balansiranoj ishrani u svim stanjima kada postoji:<\/p>\n<ul>\n<li><b>pove\u0107ana potreba za vitaminom C u organizmu<\/b>\u00a0(deca i adolescenti u fazi intenzivnog rasta i razvoja, pove\u0107ana fizi\u010dka aktivnost, sklonost ka \u010destim nazebima i infekcijama, nakon povreda i preloma, prisustvo nekih oblika anemije)<\/li>\n<li><b>smanjen unos vitamina C redovnom ishranom<\/b>\u00a0(pothranjenost, prisustvo hroni\u010dnih oboljenja, restriktivne dijete, slab apetit)<\/li>\n<\/ul>\n<p>Posebno se preporu\u010duje tokom formiranja i izrastanja stalnih zuba, uz terapiju antibioticima, u periodima kada u ishrani nedostaje sve\u017ee vo\u0107e i povr\u0107e i u sredinama gde postoji povi\u0161en stepen aerozaga\u0111enja.<\/p>\n<p>Deca pred\u0161kolskog i \u0161kolskog uzrasta: 1 dra\u017eeja dnevno.<br \/>\nDra\u017eeje polako otapati u ustima.<br \/>\nProizvod ne sadr\u017ei gluten, ve\u0161ta\u010dke boje i arome.<\/p>\n<p><strong>Csomagol\u00e1s<\/strong> sadr\u017ei 40 dra\u017eeja.<\/p>","protected":false},"featured_media":4643,"template":"","meta":[],"product_brand":[],"product_cat":[340,106,127],"product_tag":[1752,1751,179,245],"class_list":{"0":"post-4642","1":"product","2":"type-product","3":"status-publish","4":"has-post-thumbnail","6":"product_cat-deciji-program","7":"product_cat-preparati-za-apetit-i-imunitet-kod-dece","8":"product_cat-vitamini-i-minerali-za-decu","9":"product_tag-50-mg","10":"product_tag-eko-vit-c","11":"product_tag-imunitet","12":"product_tag-vitamin-c","13":"pa_brend-eko-farm","15":"first","16":"instock","17":"shipping-taxable","18":"purchasable","19":"product-type-simple"},"ams_default_variation_id":0,"ams_product_points_reward":[],"ams_product_discount_percentage":0,"ams_price_to_display":150,"ams_acf":[],"jetpack_sharing_enabled":true,"_links":{"self":[{"href":"https:\/\/apotekar-online.rs\/hu\/wp-json\/wp\/v2\/product\/4642","targetHints":{"allow":["GET"]}}],"collection":[{"href":"https:\/\/apotekar-online.rs\/hu\/wp-json\/wp\/v2\/product"}],"about":[{"href":"https:\/\/apotekar-online.rs\/hu\/wp-json\/wp\/v2\/types\/product"}],"wp:featuredmedia":[{"embeddable":true,"href":"https:\/\/apotekar-online.rs\/hu\/wp-json\/wp\/v2\/media\/4643"}],"wp:attachment":[{"href":"https:\/\/apotekar-online.rs\/hu\/wp-json\/wp\/v2\/media?parent=4642"}],"wp:term":[{"taxonomy":"product_brand","embeddable":true,"href":"https:\/\/apotekar-online.rs\/hu\/wp-json\/wp\/v2\/product_brand?post=4642"},{"taxonomy":"product_cat","embeddable":true,"href":"https:\/\/apotekar-online.rs\/hu\/wp-json\/wp\/v2\/product_cat?post=4642"},{"taxonomy":"product_tag","embeddable":true,"href":"https:\/\/apotekar-online.rs\/hu\/wp-json\/wp\/v2\/product_tag?post=4642"}],"curies":[{"name":"wp","href":"https:\/\/api.w.org\/{rel}","templated":true}]}}