{"id":4646,"date":"2023-10-18T07:24:33","date_gmt":"2023-10-18T09:24:33","guid":{"rendered":"https:\/\/apotekar-online.rs\/?post_type=product&#038;p=4646"},"modified":"2026-03-05T08:11:47","modified_gmt":"2026-03-05T10:11:47","slug":"isla-medic-acute-citrus-es-mezes-cukorkak","status":"publish","type":"product","link":"https:\/\/apotekar-online.rs\/hu\/p\/isla-medic-acute-citrus-i-med-pastile\/","title":{"rendered":"Isla medic akut citrusos \u00e9s m\u00e9zes cukork\u00e1k"},"content":{"rendered":"","protected":false},"excerpt":{"rendered":"<div class=\"product-headings\">\n<p>Hidrog\u00e9l komplex hialuronsavval \u00e9s izlandi zuzm\u00f3val a tipikus megf\u00e1z\u00e1s t\u00fcneteinek enyh\u00edt\u00e9s\u00e9re, mint a torokf\u00e1j\u00e1s, nyel\u00e9si neh\u00e9zs\u00e9g \u00e9s rekedts\u00e9g.<\/p>\n<\/div>\n<div class=\"product-desc\">\n<h3><strong>Az isla\u00ae medic akut citrus-med<br \/>\npasztill\u00e1k?<\/strong><\/h3>\n<ul>\n<li>Tipikus megf\u00e1z\u00e1sos t\u00fcnetek enyh\u00edt\u00e9s\u00e9re, mint p\u00e9ld\u00e1ul torokf\u00e1j\u00e1s, vakar\u00e1s, rekedts\u00e9g, sz\u00e1raz ny\u00e1lkah\u00e1rtya \u00e9s nyel\u00e9si neh\u00e9zs\u00e9g.<\/li>\n<li>Sz\u00e1jsz\u00e1razs\u00e1g \u00e9s a hangsz\u00e1lak irrit\u00e1ci\u00f3ja eset\u00e9n.<\/li>\n<\/ul>\n<p>T\u00f6bbek k\u00f6z\u00f6tt ezek a panaszok a term\u00e9ketlens\u00e9g k\u00f6vetkezm\u00e9nyei lehetnek<br \/>\nsz\u00e1raz k\u00f6h\u00f6g\u00e9s, amely az irrit\u00e1lt \u00e9s sz\u00e1raz sz\u00e1jny\u00e1lkah\u00e1rty\u00e1b\u00f3l ered.<\/p>\n<h3><strong>Hogyan hatnak az isla\u00ae medic akut citrusos-m\u00e9zes cukork\u00e1k?<\/strong><\/h3>\n<ul>\n<li>Hat\u00e9konyan enyh\u00edtik a torokf\u00e1j\u00e1st \u00e9s a nyel\u00e9si neh\u00e9zs\u00e9get<\/li>\n<li>Serkentik a s\u00e9r\u00fclt ny\u00e1lkah\u00e1rtya hidrat\u00e1l\u00e1s\u00e1t \u00e9s regener\u00e1l\u00f3d\u00e1s\u00e1t<\/li>\n<li>Nincs zsibbad\u00e1s<\/li>\n<\/ul>\n<p>&nbsp;<\/p>\n<p>isla\u00ae medic akut citrusos-m\u00e9zes pasztilla\u00a0<strong>kellemes m\u00e9z \u00e9s citrom \u00edz\u0171, cukormentes \u00e9s veg\u00e1nok sz\u00e1m\u00e1ra is megfelel\u0151.<\/strong><\/p>\n<p>&nbsp;<\/p>\n<\/div>","protected":false},"featured_media":4647,"template":"","meta":[],"product_brand":[3073],"product_cat":[151],"product_tag":[1058,1543,335,1544],"class_list":{"0":"post-4646","1":"product","2":"type-product","3":"status-publish","4":"has-post-thumbnail","6":"product_brand-isla","7":"product_cat-prehlada-i-kasalj","8":"product_tag-bol-u-grlu","9":"product_tag-grebanje-u-grlu","10":"product_tag-promuklost","11":"product_tag-suvi-kasalj","12":"pa_brend-salveo","14":"first","15":"instock","16":"shipping-taxable","17":"purchasable","18":"product-type-simple"},"ams_default_variation_id":0,"ams_product_points_reward":[],"ams_product_discount_percentage":0,"ams_price_to_display":691.2,"ams_acf":[],"jetpack_sharing_enabled":true,"_links":{"self":[{"href":"https:\/\/apotekar-online.rs\/hu\/wp-json\/wp\/v2\/product\/4646","targetHints":{"allow":["GET"]}}],"collection":[{"href":"https:\/\/apotekar-online.rs\/hu\/wp-json\/wp\/v2\/product"}],"about":[{"href":"https:\/\/apotekar-online.rs\/hu\/wp-json\/wp\/v2\/types\/product"}],"wp:featuredmedia":[{"embeddable":true,"href":"https:\/\/apotekar-online.rs\/hu\/wp-json\/wp\/v2\/media\/4647"}],"wp:attachment":[{"href":"https:\/\/apotekar-online.rs\/hu\/wp-json\/wp\/v2\/media?parent=4646"}],"wp:term":[{"taxonomy":"product_brand","embeddable":true,"href":"https:\/\/apotekar-online.rs\/hu\/wp-json\/wp\/v2\/product_brand?post=4646"},{"taxonomy":"product_cat","embeddable":true,"href":"https:\/\/apotekar-online.rs\/hu\/wp-json\/wp\/v2\/product_cat?post=4646"},{"taxonomy":"product_tag","embeddable":true,"href":"https:\/\/apotekar-online.rs\/hu\/wp-json\/wp\/v2\/product_tag?post=4646"}],"curies":[{"name":"wp","href":"https:\/\/api.w.org\/{rel}","templated":true}]}}