{"id":4670,"date":"2023-10-19T10:03:07","date_gmt":"2023-10-19T12:03:07","guid":{"rendered":"https:\/\/apotekar-online.rs\/?post_type=product&#038;p=4670"},"modified":"2026-03-05T08:11:46","modified_gmt":"2026-03-05T10:11:46","slug":"marisol-jet-spray-orrra-120ml","status":"publish","type":"product","link":"https:\/\/apotekar-online.rs\/hu\/p\/marisol-jet-sprej-za-nos-120ml\/","title":{"rendered":"Marisol Jet orrspray 120ml"},"content":{"rendered":"","protected":false},"excerpt":{"rendered":"<p><strong>Marisol Jet<\/strong>\u00a0egy hipert\u00f3ni\u00e1s orrspray tengerv\u00edzzel, amely a franciaorsz\u00e1gi Cancale-\u00f6b\u00f6lb\u0151l sz\u00e1rmazik, \u00e9s rendk\u00edv\u00fcl magas tisztas\u00e1ggal \u00e9s min\u0151s\u00e9ggel (A oszt\u00e1ly) jellemezhet\u0151.\u00a0<strong>Marisol Jet<\/strong>\u00a0egy teljesen term\u00e9szetes orrdugul\u00e1scs\u00f6kkent\u0151, amely lehet\u0151v\u00e9 teszi a fels\u0151 l\u00e9gutak mechanikus tiszt\u00edt\u00e1s\u00e1t \u00e9s felszabad\u00edt\u00e1s\u00e1t, valamint a ny\u00e1lkah\u00e1rty\u00e1k duzzad\u00e1s\u00e1nak cs\u00f6kkent\u00e9s\u00e9t.<\/p>\n<p>A n\u00e1trium-klorid sz\u00e1zal\u00e9kos ar\u00e1nya\u00a0<strong>Marisol Jet\u00a0<\/strong>spray 2,2%.<\/p>\n<p><strong>Marisol sug\u00e1rhajt\u00e1s\u00fa\u00a0<\/strong>100 % term\u00e9szetes, \u00e1sv\u00e1nyi anyagokban gazdag tengerv\u00edz alap\u00fa, tart\u00f3s\u00edt\u00f3szerek n\u00e9lk\u00fcl. Hipert\u00f3ni\u00e1s tulajdons\u00e1gainak k\u00f6sz\u00f6nhet\u0151en er\u0151s dekongeszt\u00e1ns hat\u00e1sa van. Hidrat\u00e1lja \u00e9s regener\u00e1lja az orrny\u00e1lkah\u00e1rty\u00e1t, \u00e9s \u00f6bl\u00edt\u00e9ssel elt\u00e1vol\u00edtja a k\u00fcls\u0151 k\u00f6rnyezetb\u0151l az irrit\u00e1ci\u00f3t okoz\u00f3 allerg\u00e9neket \u00e9s r\u00e9szecsk\u00e9ket.\u00a0<strong>Marisol sug\u00e1rhajt\u00e1s\u00fa\u00a0<\/strong>ergonomikus applik\u00e1torral rendelkezik, amely egyszer\u0171 \u00e9s k\u00e9nyelmes haszn\u00e1latot tesz lehet\u0151v\u00e9.<\/p>\n<p><strong>Marisol Jet<\/strong>\u00a0val vel\u00a0<strong>finom sz\u00f3r\u00e1ssal<\/strong>\u00a0naponta haszn\u00e1lhat\u00f3, \u00e9s m\u00e1r 3 h\u00f3napos kort\u00f3l alkalmas csecsem\u0151k \u00e9s gyermekek sz\u00e1m\u00e1ra.<\/p>\n<p>&nbsp;<\/p>\n<p>A hipert\u00f3ni\u00e1s oldatok \u00fagy fejtik ki hat\u00e1sukat, hogy megbontj\u00e1k a ny\u00e1lka ionos k\u00f6t\u00e9seit, \u00e9s \u00edgy cs\u00f6kkentik a v\u00e1lad\u00e9k viszkozit\u00e1s\u00e1t, \u00e9s felsz\u00edvj\u00e1k a vizet a ny\u00e1lkah\u00e1rty\u00e1r\u00f3l \u00e9s a ny\u00e1lkah\u00e1rtya alatti r\u00e9szr\u0151l, cs\u00f6kkentve a l\u00e9gutak fal\u00e1nak duzzad\u00e1s\u00e1t.<\/p>\n<p>Sz\u00e1zal\u00e9k\u00a0<strong>n\u00e1trium-klorid<\/strong>\u00a0ban ben\u00a0<strong>Marisol Jet\u00a0<\/strong>van\u00a0<strong>2,2%<\/strong>.<\/p>\n<p>Ez a s\u00f3koncentr\u00e1ci\u00f3 er\u0151teljes ozmotikus hat\u00e1st fejt ki, amely elt\u00e1vol\u00edtja a felesleges folyad\u00e9kot az orrny\u00e1lkah\u00e1rty\u00e1b\u00f3l, \u00e9s ennek k\u00f6vetkezt\u00e9ben cs\u00f6kkenti az orrny\u00e1lkah\u00e1rtya duzzad\u00e1s\u00e1t, aminek k\u00f6vetkezt\u00e9ben k\u00f6nnyebb a l\u00e9gz\u00e9s.\u00a0<strong>Marisol Jet\u00a0<\/strong>serkenti a k\u00f6h\u00f6g\u00e9si reflexet \u00e9s a v\u00e1lad\u00e9kelv\u00e1laszt\u00e1st, ami elt\u00e1vol\u00edtja a h\u00f6rg\u0151ny\u00e1lkah\u00e1rty\u00e1t \u00e9s cs\u00f6kkenti a l\u00e9g\u00fati elz\u00e1r\u00f3d\u00e1st.<\/p>\n<p><strong>Marisol Jet hipert\u00f3ni\u00e1s orroldat<\/strong>\u00a0<strong>tengerv\u00edzpermettel\u00a0<\/strong>aj\u00e1nlott:<\/p>\n<ul>\n<li>Eldugult orr<\/li>\n<li>Orrfoly\u00e1s<\/li>\n<li>Az orrmell\u00e9k\u00fcregek \u00e9s a nasopharyngealis ny\u00e1lkah\u00e1rtya fert\u0151z\u00e9se<\/li>\n<li>Sinusitis<\/li>\n<li>Sz\u00e1raz orrny\u00e1lkah\u00e1rtya okozta horkol\u00e1s \u00e9s rekedts\u00e9g<\/li>\n<li>Az orr sz\u00e1razs\u00e1ga<\/li>\n<li>ENT-betegs\u00e9gek gyermekekn\u00e9l \u00e9s feln\u0151ttekn\u00e9l, adjuv\u00e1ns ter\u00e1piak\u00e9nt<\/li>\n<li><\/li>\n<\/ul>","protected":false},"featured_media":4671,"template":"","meta":[],"product_brand":[3091],"product_cat":[340,148],"product_tag":[1770,752,181,374],"class_list":{"0":"post-4670","1":"product","2":"type-product","3":"status-publish","4":"has-post-thumbnail","6":"product_brand-esensa","7":"product_cat-deciji-program","8":"product_cat-preparati-za-prehladu-i-kasalj-kod-dece","9":"product_tag-ciscenje-nosa","10":"product_tag-deciji-program","11":"product_tag-prehlada","12":"product_tag-sprej-za-nos","13":"pa_brend-esensa","15":"first","16":"instock","17":"shipping-taxable","18":"purchasable","19":"product-type-simple"},"ams_default_variation_id":0,"ams_product_points_reward":[],"ams_product_discount_percentage":0,"ams_price_to_display":1320,"ams_acf":[],"jetpack_sharing_enabled":true,"_links":{"self":[{"href":"https:\/\/apotekar-online.rs\/hu\/wp-json\/wp\/v2\/product\/4670","targetHints":{"allow":["GET"]}}],"collection":[{"href":"https:\/\/apotekar-online.rs\/hu\/wp-json\/wp\/v2\/product"}],"about":[{"href":"https:\/\/apotekar-online.rs\/hu\/wp-json\/wp\/v2\/types\/product"}],"wp:featuredmedia":[{"embeddable":true,"href":"https:\/\/apotekar-online.rs\/hu\/wp-json\/wp\/v2\/media\/4671"}],"wp:attachment":[{"href":"https:\/\/apotekar-online.rs\/hu\/wp-json\/wp\/v2\/media?parent=4670"}],"wp:term":[{"taxonomy":"product_brand","embeddable":true,"href":"https:\/\/apotekar-online.rs\/hu\/wp-json\/wp\/v2\/product_brand?post=4670"},{"taxonomy":"product_cat","embeddable":true,"href":"https:\/\/apotekar-online.rs\/hu\/wp-json\/wp\/v2\/product_cat?post=4670"},{"taxonomy":"product_tag","embeddable":true,"href":"https:\/\/apotekar-online.rs\/hu\/wp-json\/wp\/v2\/product_tag?post=4670"}],"curies":[{"name":"wp","href":"https:\/\/api.w.org\/{rel}","templated":true}]}}