{"id":4709,"date":"2023-10-25T08:37:30","date_gmt":"2023-10-25T10:37:30","guid":{"rendered":"https:\/\/apotekar-online.rs\/?post_type=product&#038;p=4709"},"modified":"2026-03-05T08:11:45","modified_gmt":"2026-03-05T10:11:45","slug":"periferias-kapszula-a30","status":"publish","type":"product","link":"https:\/\/apotekar-online.rs\/hu\/p\/periferisan-kapsule-a30\/","title":{"rendered":"Perif\u00e9ri\u00e1s kapszul\u00e1k a30"},"content":{"rendered":"","protected":false},"excerpt":{"rendered":"<p><b>Ker\u00fcleti\u00a0<\/b>egy t\u00e1pl\u00e1l\u00e9k-kieg\u00e9sz\u00edt\u0151 neurop\u00e1ti\u00e1s f\u00e1jdalomban (zsibbad\u00e1s, bizserg\u00e9s, f\u00e1jdalom) szenved\u0151k sz\u00e1m\u00e1ra, amely hozz\u00e1j\u00e1rul a perif\u00e9ri\u00e1s idegrendszer norm\u00e1l m\u0171k\u00f6d\u00e9s\u00e9hez.<\/p>\n<p>*\u00a0<b>M\u0171k\u00f6d\u00e9si perif\u00e9ria:<\/b><\/p>\n<p>\u2013 Regener\u00e1lja a s\u00e9r\u00fclt perif\u00e9ri\u00e1s idegeket<br \/>\n- Hat\u00e1ssal van a f\u00e1jdalom, \u00e9g\u0151 \u00e9rz\u00e9s, zsibbad\u00e1s cs\u00f6kkent\u00e9s\u00e9re<br \/>\n- Jav\u00edtja a perif\u00e9ri\u00e1s idegrendszer m\u0171k\u00f6d\u00e9s\u00e9t<br \/>\n\u2013 T\u00e1panyagokat sz\u00e1ll\u00edt a sejtekhez<br \/>\n\u2013 Jav\u00edtja a k\u00f6zponti szinaptikus funkci\u00f3kat<br \/>\n- Seg\u00edt jav\u00edtani a mozg\u00e1sszab\u00e1lyoz\u00e1st \u00e9s az izomt\u00f3nust<br \/>\n- Hozz\u00e1j\u00e1rul a f\u00e1radts\u00e1g cs\u00f6kkent\u00e9s\u00e9hez \u00e9s a megfelel\u0151 pszichol\u00f3giai funkci\u00f3k fenntart\u00e1s\u00e1hoz<\/p>\n<p>* Uridin-monofoszf\u00e1t:<\/p>\n<p>- R\u00e9szt vesz a k\u00f6zponti szinaptikus m\u0171k\u00f6d\u00e9s jav\u00edt\u00e1s\u00e1ban;<br \/>\n- Befoly\u00e1solja az axonok \u00e9s dendritek sz\u00e1m\u00e1nak n\u00f6veked\u00e9s\u00e9t, mint az RNS (ribonukleinsav) egyik legfontosabb \u00f6sszetev\u0151je;<br \/>\n- Seg\u00edt jav\u00edtani a r\u00f6vid \u00e9s hossz\u00fa t\u00e1v\u00fa mem\u00f3ri\u00e1t, a figyelmet, az \u00e9rzelmi \u00e1llapotot, a mozg\u00e1sszab\u00e1lyoz\u00e1st \u00e9s az izomt\u00f3nust;<br \/>\n- A sejtmembr\u00e1n kialakul\u00e1s\u00e1hoz sz\u00fcks\u00e9ges egyik elem, r\u00e9szt vesz a dendritek fel\u00e9p\u00edt\u00e9s\u00e9ben;<br \/>\n\u2013 R\u00e9szt vesz a mielinh\u00fcvely meg\u00faj\u00edt\u00e1s\u00e1ban (lefedi az elektromos impulzusokat tov\u00e1bb\u00edt\u00f3 axonokat).<\/p>\n<p>* A ginzeng kivonat hozz\u00e1j\u00e1rul az optim\u00e1lis szellemi \u00e9s kognit\u00edv tev\u00e9kenys\u00e9ghez, seg\u00edt fenntartani a j\u00f3 kognit\u00edv teljes\u00edtm\u00e9nyt \u00e9s a norm\u00e1lis v\u00e9rkering\u00e9st, ami \u00f6sszef\u00fcgg az agy reaktivit\u00e1s\u00e1val \u00e9s m\u0171k\u00f6d\u00e9s\u00e9vel.<\/p>\n<p>* A folsav r\u00e9szt vesz az aminosavak szint\u00e9zis\u00e9ben, \u00edgy a sejtek sz\u00e1m\u00e1ra fontos molekul\u00e1k, \u00e9s hozz\u00e1j\u00e1rul a sejtoszt\u00f3d\u00e1si folyamathoz.<\/p>\n<p>* A B csoportba tartoz\u00f3 vitaminok (B1, B3, B6, B12) t\u00e1mogatj\u00e1k az idegrendszer megfelel\u0151 m\u0171k\u00f6d\u00e9s\u00e9t. Ezenk\u00edv\u00fcl hozz\u00e1j\u00e1rulnak a norm\u00e1l energia-anyagcsere fenntart\u00e1s\u00e1hoz minden sejtben, bele\u00e9rtve az idegsejteket is.<\/p>\n<p>* A B6-, B12-vitamin \u00e9s a folsav szint\u00e9n hozz\u00e1j\u00e1rulnak a f\u00e1radts\u00e1g cs\u00f6kkent\u00e9s\u00e9hez, valamint a megfelel\u0151 pszichol\u00f3giai funkci\u00f3k fenntart\u00e1s\u00e1hoz az\u00e1ltal, hogy seg\u00edtik az idegrendszer megfelel\u0151 m\u0171k\u00f6d\u00e9s\u00e9t.<\/p>\n<p><b>Fogalmaz\u00e1s:<\/b>\u00a0Magn\u00e9zium 100 mg, Uridin-monofoszf\u00e1t 61 mg, Ginseng gy\u00f6k\u00e9r kivonat 60 mg, B3-vitamin 10mg, B6-vitamin 6mg, B1-vitamin 4mg, B9-vitamin 400\u00b5g, B12-vitamin 10\u00b5g<\/p>\n<p><b>Felhaszn\u00e1l\u00e1s m\u00f3dja:<\/b><br \/>\nFeln\u0151tteknek: napi 1 kapszula,<br \/>\nelegend\u0151 v\u00edzzel.<br \/>\nHaszn\u00e1lata 3 h\u00f3napig javasolt.Egy h\u00f3napos sz\u00fcnet ut\u00e1n a ciklus megism\u00e9telhet\u0151.<br \/>\nalatt ne haszn\u00e1lja<br \/>\nterhess\u00e9g \u00e9s szoptat\u00e1s.<\/p>","protected":false},"featured_media":4710,"template":"","meta":[],"product_brand":[],"product_cat":[82],"product_tag":[279,1796,1797,1794,1795,504,1793],"class_list":{"0":"post-4709","1":"product","2":"type-product","3":"status-publish","4":"has-post-thumbnail","6":"product_cat-kosti-zglobovi-i-neuropatski-bol","7":"product_tag-folna-kiselina","8":"product_tag-neuroptski-bol","9":"product_tag-peckanje","10":"product_tag-smanji-bol","11":"product_tag-utrnulost","12":"product_tag-vitamin-b","13":"product_tag-zen-zen","14":"pa_brend-dr-theiss","16":"first","17":"instock","18":"shipping-taxable","19":"purchasable","20":"product-type-simple"},"ams_default_variation_id":0,"ams_product_points_reward":[],"ams_product_discount_percentage":0,"ams_price_to_display":1278,"ams_acf":[],"jetpack_sharing_enabled":true,"_links":{"self":[{"href":"https:\/\/apotekar-online.rs\/hu\/wp-json\/wp\/v2\/product\/4709","targetHints":{"allow":["GET"]}}],"collection":[{"href":"https:\/\/apotekar-online.rs\/hu\/wp-json\/wp\/v2\/product"}],"about":[{"href":"https:\/\/apotekar-online.rs\/hu\/wp-json\/wp\/v2\/types\/product"}],"wp:featuredmedia":[{"embeddable":true,"href":"https:\/\/apotekar-online.rs\/hu\/wp-json\/wp\/v2\/media\/4710"}],"wp:attachment":[{"href":"https:\/\/apotekar-online.rs\/hu\/wp-json\/wp\/v2\/media?parent=4709"}],"wp:term":[{"taxonomy":"product_brand","embeddable":true,"href":"https:\/\/apotekar-online.rs\/hu\/wp-json\/wp\/v2\/product_brand?post=4709"},{"taxonomy":"product_cat","embeddable":true,"href":"https:\/\/apotekar-online.rs\/hu\/wp-json\/wp\/v2\/product_cat?post=4709"},{"taxonomy":"product_tag","embeddable":true,"href":"https:\/\/apotekar-online.rs\/hu\/wp-json\/wp\/v2\/product_tag?post=4709"}],"curies":[{"name":"wp","href":"https:\/\/api.w.org\/{rel}","templated":true}]}}