{"id":4735,"date":"2023-11-02T10:52:06","date_gmt":"2023-11-02T12:52:06","guid":{"rendered":"https:\/\/apotekar-online.rs\/?post_type=product&#038;p=4735"},"modified":"2026-04-01T00:00:10","modified_gmt":"2026-04-01T02:00:10","slug":"balzsam-virusos-szemolcsok-ellen-50ml","status":"publish","type":"product","link":"https:\/\/apotekar-online.rs\/hu\/p\/melem-protiv-virusnih-bradavica-50ml\/","title":{"rendered":"Balzsam v\u00edrusos szem\u00f6lcs\u00f6k ellen 50ml"},"content":{"rendered":"","protected":false},"excerpt":{"rendered":"<div id=\"page\" class=\"site grid-container container hfeed\">\n<div id=\"content\" class=\"site-content\">\n<div id=\"primary\" class=\"content-area\">\n<p>&nbsp;<\/p>\n<div class=\"tabs-w\">\n<div class=\"tabs-content\">\n<div class=\"tab-content tab-content-1 active\"><\/div>\n<\/div>\n<\/div>\n<p>&nbsp;<\/p>\n<\/div>\n<\/div>\n<\/div>\n<div class=\"site-footer\">\n<footer class=\"site-info\" aria-label=\"Webhelyek\">\n<div class=\"inside-site-info grid-container\">\n<div class=\"copyright-bar\">A balzsam kifejezett v\u00edrusellenes, antibakteri\u00e1lis \u00e9s fert\u0151tlen\u00edt\u0151 hat\u00e1ssal rendelkezik. V\u00e9glegesen elt\u00e1vol\u00edtja a v\u00edrusos szem\u00f6lcs\u00f6ket, szem\u00f6lcs\u00f6ket, gomb\u00e1kat \u00e9s bakt\u00e9riumokat.<\/div>\n<div>\n<p><strong>Balzsam v\u00edrusos szem\u00f6lcs\u00f6k ellen<\/strong>\u00a0f\u0151k\u00e9nt \u00e9ghajlatunk term\u00e9szet\u00e9b\u0151l sz\u00e1rmaz\u00f3 hasznos \u00f6sszetev\u0151k gondos kiv\u00e1laszt\u00e1s\u00e1val j\u00f6tt l\u00e9tre. Ez nagyon fontos, hiszen \u00e9vsz\u00e1zadok \u00f3ta megszoktuk (alkalmazkodtuk) a k\u00f6rnyezet\u00fcnkb\u0151l sz\u00e1rmaz\u00f3 n\u00f6v\u00e9nyek felhaszn\u00e1l\u00e1s\u00e1t. Szervezet\u00fcnk felk\u00e9sz\u00fclt arra, hogy a hazai n\u00f6v\u00e9nyekb\u0151l a legnagyobb hasznot hozza ki mag\u00e1nak. A balzsam is v\u00e9glegesen elt\u00e1vol\u00edtja\u00a0<strong>condylom\u00e1k, gomb\u00e1k, seborrhea, kerat\u00f3zisok, seborrhe\u00e1s kerat\u00f3zisok, seborrhoe\u00e1s \u00e9s at\u00f3pi\u00e1s dermatitisz.<\/strong><\/p>\n<div class=\"wpb_text_column wpb_content_element\">\n<div class=\"wpb_wrapper\">\n<p>A v\u00edrusos szem\u00f6lcs\u00f6k elleni ken\u0151cs a hidegen sajtolt ol\u00edvaolajon, m\u00e9hviaszon \u00e9s n\u00f6v\u00e9nyi viaszon (kandelilla), valamint 12 egy\u00e9b gy\u00f3gyn\u00f6v\u00e9nyen (megn\u00f6velt koncentr\u00e1ci\u00f3j\u00fa \u00f6k\u00f6rfarkk\u00f3r\u00f3, cickafark, St. olaj) k\u00edv\u00fcl propoliszt, valamint teafa, eukaliptusz ill. levendula.<\/p>\n<\/div>\n<\/div>\n<\/div>\n<\/div>\n<\/footer>\n<div>\n<p>1.\u00a0<strong>Papill\u00f3m\u00e1k<\/strong>\u00a0- hum\u00e1n papillomav\u00edrus (HPV) \u00e1ltal okozott v\u00edrusos szem\u00f6lcs\u00f6k a b\u0151r\u00f6n \u00e9s a ny\u00e1lkah\u00e1rty\u00e1kon. K\u00e9t fel\u00fclet \u00e9s\/vagy ny\u00e1lkah\u00e1rtya \u00e9rintkez\u00e9s\u00e9vel terjednek, amelyek k\u00f6z\u00fcl az egyik fert\u0151z\u00f6tt.<\/p>\n<p><strong>Papill\u00f3m\u00e1k<\/strong>\u00a0a testen bel\u00fcli lokaliz\u00e1ci\u00f3 szerint a k\u00f6vetkez\u0151kre oszthat\u00f3k:<\/p>\n<p>1.1 Az anogenit\u00e1lis \u00e9s oropharyngealis r\u00e9gi\u00f3k b\u0151r\u00e9n \u00e9s ny\u00e1lkah\u00e1rty\u00e1j\u00e1n tal\u00e1lhat\u00f3 papill\u00f3m\u00e1k - condylom\u00e1k.<\/p>\n<p>Id\u0151pont egyeztet\u00e9s\u00a0<strong>condylom\u00e1k<\/strong>\u00a0szexu\u00e1lis tev\u00e9kenys\u00e9ggel, valamint a b\u0151rrel \u00e9s a ny\u00e1lkah\u00e1rty\u00e1kkal \u00e9rintkezhet.<\/p>\n<p><strong>HPV v\u00edrusok<\/strong>\u00a0A condylom\u00e1kat a k\u00f6vetkez\u0151 r\u00e9szekre osztj\u00e1k:<\/p>\n<p>1.1.1. nagy kock\u00e1zat\u00a0<strong>HPV<\/strong>\u00a0- t\u00edpusok (16, 18, 31, 33, 35, 39, 45, 51, 52, 56, 58, 59, 68, 73 \u00e9s 82)<\/p>\n<p>1.1.2.\u00a0<strong>HPV<\/strong>\u00a0gyan\u00edthat\u00f3an r\u00e1kot okoznak \u2013 26, 53 \u00e9s 66 t\u00edpus<\/p>\n<p>1.1.3. alacsony kock\u00e1zat\u00fa\u00a0<strong>HPV<\/strong>\u00a0\u2013 6, 11, 40, 42, 43, 44, 54, 61, 70, 72, 81 \u00e9s CP6108 t\u00edpusok<\/p>\n<p>1.2.\u00a0<strong>papill\u00f3m\u00e1k<\/strong>\u00a0a test m\u00e1s r\u00e9szeinek b\u0151r\u00e9n tal\u00e1lhat\u00f3 - k\u00f6z\u00f6ns\u00e9ges szem\u00f6lcs\u00f6k vagy nem genit\u00e1lis papill\u00f3m\u00e1k (vagy ink\u00e1bb nem szexu\u00e1lis \u00faton terjed\u0151 papill\u00f3m\u00e1k)<\/p>\n<p>Kih\u00edvj\u00e1k \u0151ket\u00a0<strong>HPV 1-es, 2-es \u00e9s 4-es t\u00edpusa.<\/strong>\u00a0Ezek a sr\u00e1cok\u00a0<strong>HPV<\/strong>\u00a0a v\u00edrusok alacsony kock\u00e1zat\u00faak, azaz nagyon kicsi az es\u00e9ly\u00fck r\u00e1, hogy r\u00e1kot okoznak (nem okoznak r\u00e1kot)<\/p>\n<p><strong>Papill\u00f3m\u00e1k<\/strong>\u00a0j\u00f3indulat\u00fa daganatok, szem\u00f6lcs\u00f6k, amelyek az \u0151ket okoz\u00f3 HPV t\u00edpus\u00e1t\u00f3l f\u00fcgg\u0151en rosszindulat\u00fav\u00e1 v\u00e1lhatnak.<\/p>\n<p>2.\u00a0<strong>A b\u0151r gomb\u00e1s n\u00f6veked\u00e9se<\/strong>\u00a0- k\u00fcl\u00f6n\u00f6sen a l\u00e1bujjak k\u00f6z\u00f6tt, a fejb\u0151r\u00f6n \u00e9s a gyomorban.<\/p>\n<\/div>\n<p>Mosson kezet szappannal \u00e9s v\u00edzzel. K\u00f6zvetlen\u00fcl haszn\u00e1lat el\u0151tt mossa le langyos kamilla oldattal (te\u00e1val) azt a helyet, ahol a ken\u0151cs\u00f6t fel fogja haszn\u00e1lni. Alaposan sz\u00e1r\u00edtsa meg mindent egy tiszta t\u00f6r\u00fclk\u00f6z\u0151vel, finom \u00fct\u00f6get\u00e9ssel.<\/p>\n<p>Mivel a balzsam kem\u00e9nyebb, mint a kr\u00e9m, elmagyar\u00e1zzuk, hogyan kell haszn\u00e1lni, hogy maximaliz\u00e1lja a balzsam hat\u00e1s\u00e1t. M\u0171anyag spatul\u00e1val kaparjon egy kis balzsamot, \u00e9s vigye fel az ujj arccsontj\u00e1ra. Most v\u00e9kony r\u00e9teg ken\u0151cs\u00f6t kenj\u00fcnk az \u00e9rintett ter\u00fcletre az ujjunk arc\u00e1val.<\/p>\n<p>Ha elv\u00e1ltoz\u00e1sok vannak a l\u00e1bakon, k\u00fcl\u00f6n\u00f6sen, ha gomb\u00e1s elv\u00e1ltoz\u00e1sok vannak, lefekv\u00e9s el\u0151tt alaposan mossa meg a l\u00e1b\u00e1t szappannal \u00e9s v\u00edzzel, \u00e9s t\u00f6r\u00f6lje le tiszta t\u00f6r\u00fclk\u00f6z\u0151vel. Vigyen fel v\u00e9kony r\u00e9teg ken\u0151cs\u00f6t, vegyen fel tiszta frott\u00edrt vagy pamutzoknit, \u00e9s hagyja reggelig. Reggel mossa meg a l\u00e1b\u00e1t, \u00e9s ism\u00e9telje meg az elj\u00e1r\u00e1st minden este. Amikor a fert\u0151z\u00e9s megsz\u0171nik, megel\u0151z\u0151 int\u00e9zked\u00e9sk\u00e9nt ism\u00e9telje meg az elj\u00e1r\u00e1st 7 naponta. Ha a szem\u00f6lcs\u00f6k egy m\u00e1sik testr\u00e9szen vannak, az elj\u00e1r\u00e1s hasonl\u00f3, kiv\u00e9ve, hogy a fel\u00fcleteket nem mindig lehet pamutkend\u0151vel v\u00e9deni. Kenje meg a ken\u0151cs\u00f6t v\u00e9kony r\u00e9tegben, \u00e9s hagyja reggelig. Amikor a fert\u0151z\u00e9s megsz\u0171nik, megel\u0151z\u0151 int\u00e9zked\u00e9sk\u00e9nt ism\u00e9telje meg az elj\u00e1r\u00e1st 7 naponta.<\/p>\n<p>Az \u00e9rintett ter\u00fcletet naponta t\u00f6bbsz\u00f6r, de mindig lefekv\u00e9s el\u0151tt d\u00f6rzs\u00f6lheti. Minden haszn\u00e1lat ut\u00e1n mossa ki a m\u0171anyag spatul\u00e1t forr\u00f3 v\u00edzzel, hogy elt\u00e1vol\u00edtsa az \u00f6sszes zs\u00edrt, \u00e9s z\u00e1rt ed\u00e9nyben \u00e1ztassa 70% alkohollal \u00fagy, hogy az alkohol ellepje a spatula fel\u00fclet\u00e9t. Hagyja \u00edgy a k\u00f6vetkez\u0151 haszn\u00e1latig. Haszn\u00e1lat el\u0151tt \u00f6bl\u00edtse le a spatul\u00e1t langyos v\u00edzzel.<\/p>\n<div>\n<p>&nbsp;<\/p>\n<\/div>\n<\/div>","protected":false},"featured_media":4736,"template":"","meta":[],"product_brand":[],"product_cat":[547,3054],"product_tag":[1119,1122,1118,226,1786,1709,943,1818,899,1819],"class_list":{"0":"post-4735","1":"product","2":"type-product","3":"status-publish","4":"has-post-thumbnail","6":"product_cat-kozmetika-i-nega-za-odrasle","7":"product_cat-akcija","8":"product_tag-antibakterijski","9":"product_tag-antisepticno","10":"product_tag-antivirusno","11":"product_tag-atopijski-dermatitis","12":"product_tag-bakterije","13":"product_tag-betty","14":"product_tag-gljivice","15":"product_tag-kondilome","16":"product_tag-melem","17":"product_tag-virusne-bradavice","19":"first","20":"instock","21":"sale","22":"shipping-taxable","23":"purchasable","24":"product-type-simple"},"ams_default_variation_id":0,"ams_product_points_reward":[],"ams_product_discount_percentage":15,"ams_price_to_display":1407.28,"ams_acf":[],"jetpack_sharing_enabled":true,"_links":{"self":[{"href":"https:\/\/apotekar-online.rs\/hu\/wp-json\/wp\/v2\/product\/4735","targetHints":{"allow":["GET"]}}],"collection":[{"href":"https:\/\/apotekar-online.rs\/hu\/wp-json\/wp\/v2\/product"}],"about":[{"href":"https:\/\/apotekar-online.rs\/hu\/wp-json\/wp\/v2\/types\/product"}],"wp:featuredmedia":[{"embeddable":true,"href":"https:\/\/apotekar-online.rs\/hu\/wp-json\/wp\/v2\/media\/4736"}],"wp:attachment":[{"href":"https:\/\/apotekar-online.rs\/hu\/wp-json\/wp\/v2\/media?parent=4735"}],"wp:term":[{"taxonomy":"product_brand","embeddable":true,"href":"https:\/\/apotekar-online.rs\/hu\/wp-json\/wp\/v2\/product_brand?post=4735"},{"taxonomy":"product_cat","embeddable":true,"href":"https:\/\/apotekar-online.rs\/hu\/wp-json\/wp\/v2\/product_cat?post=4735"},{"taxonomy":"product_tag","embeddable":true,"href":"https:\/\/apotekar-online.rs\/hu\/wp-json\/wp\/v2\/product_tag?post=4735"}],"curies":[{"name":"wp","href":"https:\/\/api.w.org\/{rel}","templated":true}]}}