{"id":4750,"date":"2023-11-08T10:37:51","date_gmt":"2023-11-08T12:37:51","guid":{"rendered":"https:\/\/apotekar-online.rs\/?post_type=product&#038;p=4750"},"modified":"2026-03-05T08:11:40","modified_gmt":"2026-03-05T10:11:40","slug":"kallos-losion-silver-gloss-100ml","status":"publish","type":"product","link":"https:\/\/apotekar-online.rs\/hu\/p\/kallos-losion-silver-gloss-100ml\/","title":{"rendered":"Kallos losion Silver gloss 100ml"},"content":{"rendered":"","protected":false},"excerpt":{"rendered":"<p>Florillum srebrno ispiranje za kosu idealno je za plavu, sivu i izbeljenu kosu. Elimini\u0161e njihovu \u017eutu nijansu, pru\u017eajuc\u0301i srebrno \u2013 platinast sjaj. Elimini\u0161e \u017eutu nijansu, daje srebrno-platinastu nijansu. Za plavu, sivu i izbeljenu kosu.<\/p>\n<p>Uputsvto za kori\u0161\u0107enje :<\/p>\n<ol>\n<li>Oprati kosu i dobro isprati<\/li>\n<li>Dodati 5-10 kapi u 1\/2litre tople vode<\/li>\n<li>Sa ovom obojenom te\u010dnosti ispirati kosu do \u017eeljene boje<\/li>\n<li>Na kraju dobro isprati kosu<\/li>\n<\/ol>\n<p>&nbsp;<\/p>","protected":false},"featured_media":4751,"template":"","meta":[],"product_brand":[],"product_cat":[147,547],"product_tag":[1832,1831,825],"class_list":{"0":"post-4750","1":"product","2":"type-product","3":"status-publish","4":"has-post-thumbnail","6":"product_cat-samponi-za-negu-kose","7":"product_cat-kozmetika-i-nega-za-odrasle","8":"product_tag-eliminise-zutu-boju","9":"product_tag-platinast-sjaj","10":"product_tag-plava-kosa","11":"pa_brend-kallos-cosmetics","13":"first","14":"instock","15":"shipping-taxable","16":"purchasable","17":"product-type-simple"},"ams_default_variation_id":0,"ams_product_points_reward":[],"ams_product_discount_percentage":0,"ams_price_to_display":290,"ams_acf":[],"jetpack_sharing_enabled":true,"_links":{"self":[{"href":"https:\/\/apotekar-online.rs\/hu\/wp-json\/wp\/v2\/product\/4750","targetHints":{"allow":["GET"]}}],"collection":[{"href":"https:\/\/apotekar-online.rs\/hu\/wp-json\/wp\/v2\/product"}],"about":[{"href":"https:\/\/apotekar-online.rs\/hu\/wp-json\/wp\/v2\/types\/product"}],"wp:featuredmedia":[{"embeddable":true,"href":"https:\/\/apotekar-online.rs\/hu\/wp-json\/wp\/v2\/media\/4751"}],"wp:attachment":[{"href":"https:\/\/apotekar-online.rs\/hu\/wp-json\/wp\/v2\/media?parent=4750"}],"wp:term":[{"taxonomy":"product_brand","embeddable":true,"href":"https:\/\/apotekar-online.rs\/hu\/wp-json\/wp\/v2\/product_brand?post=4750"},{"taxonomy":"product_cat","embeddable":true,"href":"https:\/\/apotekar-online.rs\/hu\/wp-json\/wp\/v2\/product_cat?post=4750"},{"taxonomy":"product_tag","embeddable":true,"href":"https:\/\/apotekar-online.rs\/hu\/wp-json\/wp\/v2\/product_tag?post=4750"}],"curies":[{"name":"wp","href":"https:\/\/api.w.org\/{rel}","templated":true}]}}