{"id":4799,"date":"2023-11-13T10:47:17","date_gmt":"2023-11-13T12:47:17","guid":{"rendered":"https:\/\/apotekar-online.rs\/?post_type=product&#038;p=4799"},"modified":"2026-03-05T08:11:39","modified_gmt":"2026-03-05T10:11:39","slug":"nuk-varalica-silikon-u-kutiji-signature-0-6m-2","status":"publish","type":"product","link":"https:\/\/apotekar-online.rs\/hu\/p\/nuk-varalica-silikon-u-kutiji-signature-0-6m-2\/","title":{"rendered":"Nuk varalica silikon u kutiji Signature 0-6m"},"content":{"rendered":"","protected":false},"excerpt":{"rendered":"<p>NUK babab\u00e1bu - ide\u00e1lis baba sz\u00e1m\u00e1ra!<\/p>\n<p>A NUK els\u0151k\u00e9nt k\u00edn\u00e1lt ortodontikus (anat\u00f3miai) form\u00e1j\u00fa cumit \u00e9s cumit, amely nem zavarja a bab\u00e1k szop\u00e1si sz\u00fcks\u00e9glet\u00e9t, a cumi tart\u00e1sa pedig seg\u00edti az \u00edny \u00e9s az \u00e1llkapocs izmait.<\/p>\n<p>A cheater m\u0171anyag pereme \u00fagy van kialak\u00edtva, hogy ide\u00e1lisan alkalmazkodjon a baba sz\u00e1j\u00e1nak \u00e9s \u00e1llkapcs\u00e1nak form\u00e1j\u00e1hoz, \u00edgy az \u00e1llcsontok nem deform\u00e1l\u00f3dhatnak. A m\u0171anyag peremen l\u00e9v\u0151 oldals\u00f3 lyukak biztos\u00edtj\u00e1k az optim\u00e1lis leveg\u0151ell\u00e1t\u00e1st. A f\u00fav\u00f3ka be\u00e9p\u00edtett csatorn\u00e1val rendelkezik a leveg\u0151 kering\u00e9s\u00e9re, amely megakad\u00e1lyozza a folyad\u00e9k felhalmoz\u00f3d\u00e1s\u00e1t a sz\u00e1jb\u00f3l. Ez lehet\u0151v\u00e9 teszi a leveg\u0151 kering\u00e9s\u00e9t, ami megakad\u00e1lyozza a b\u0151rp\u00edr \u00e9s irrit\u00e1ci\u00f3 kialakul\u00e1s\u00e1t a baba sz\u00e1ja k\u00f6r\u00fcl.<\/p>\n<p>A Nuk Cheater teljesen biztons\u00e1gos, mivel nem tartalmaz biszfenol A-t.<\/p>\n<p>Most m\u00e1r higi\u00e9nikus dobozban is.<\/p>","protected":false},"featured_media":4800,"template":"","meta":[],"product_brand":[],"product_cat":[340,385],"product_tag":[390,752,1845,394],"class_list":{"0":"post-4799","1":"product","2":"type-product","3":"status-publish","4":"has-post-thumbnail","6":"product_cat-deciji-program","7":"product_cat-bebi-oprema","8":"product_tag-bebe","9":"product_tag-deciji-program","10":"product_tag-nuk","11":"product_tag-varalica","12":"pa_brend-nuk","14":"first","15":"instock","16":"shipping-taxable","17":"purchasable","18":"product-type-simple"},"ams_default_variation_id":0,"ams_product_points_reward":[],"ams_product_discount_percentage":0,"ams_price_to_display":435,"ams_acf":[],"jetpack_sharing_enabled":true,"_links":{"self":[{"href":"https:\/\/apotekar-online.rs\/hu\/wp-json\/wp\/v2\/product\/4799","targetHints":{"allow":["GET"]}}],"collection":[{"href":"https:\/\/apotekar-online.rs\/hu\/wp-json\/wp\/v2\/product"}],"about":[{"href":"https:\/\/apotekar-online.rs\/hu\/wp-json\/wp\/v2\/types\/product"}],"wp:featuredmedia":[{"embeddable":true,"href":"https:\/\/apotekar-online.rs\/hu\/wp-json\/wp\/v2\/media\/4800"}],"wp:attachment":[{"href":"https:\/\/apotekar-online.rs\/hu\/wp-json\/wp\/v2\/media?parent=4799"}],"wp:term":[{"taxonomy":"product_brand","embeddable":true,"href":"https:\/\/apotekar-online.rs\/hu\/wp-json\/wp\/v2\/product_brand?post=4799"},{"taxonomy":"product_cat","embeddable":true,"href":"https:\/\/apotekar-online.rs\/hu\/wp-json\/wp\/v2\/product_cat?post=4799"},{"taxonomy":"product_tag","embeddable":true,"href":"https:\/\/apotekar-online.rs\/hu\/wp-json\/wp\/v2\/product_tag?post=4799"}],"curies":[{"name":"wp","href":"https:\/\/api.w.org\/{rel}","templated":true}]}}