{"id":4834,"date":"2023-11-14T07:56:18","date_gmt":"2023-11-14T09:56:18","guid":{"rendered":"https:\/\/apotekar-online.rs\/?post_type=product&#038;p=4834"},"modified":"2026-03-05T08:11:38","modified_gmt":"2026-03-05T10:11:38","slug":"nuk-varalica-silikon-u-kutiji-space-0-6m-2","status":"publish","type":"product","link":"https:\/\/apotekar-online.rs\/hu\/p\/nuk-varalica-silikon-u-kutiji-space-0-6m-2\/","title":{"rendered":"Nuk lure szilikon dobozban Hely 0-6m"},"content":{"rendered":"","protected":false},"excerpt":{"rendered":"<p>NUK varalica Space<\/p>\n<p>Nova NUK varalica sa vi\u0161e prostora i modernog dizajna, omogu\u0107ava bebinoj ne\u017enoj ko\u017ei da di\u0161e.<\/p>\n<p>Posebno je dizajnirana za osetljivu ko\u017eu beba sa izuzetno velikim otvorima za makismalan protok vazduha. Tako vazduh mo\u017ee da cirkuli\u0161e, \u010dime se spre\u010dava crvenilo i iritacija oko bebinih usta.<\/p>\n<p>Ortodontski NUK oblik varalice omogu\u0107ava zdraviji razvoj bebe, jer tanje i u\u017ee telo varalice\u00a0 smanjuje pritisak na bebinu vilicu i zube.<br \/>\nRavnije telo i ne\u017enija donja strana varalice daje ve\u0107u slobodu bebinom jeziku i omogu\u0107ava prirodne pokrete sisanja.<\/p>\n<p>Oblik varalice je dizajniran po uzoru na maj\u010dine bradavice tokom dojenja.<\/p>\n<p>Od sada i u higijenskoj kutiji za bezbedno \u010duvanje i odlaganje.<\/p>\n<p>Preporu\u010dena je od strane medicinskih stru\u010dnjaka \u2013 babica, pedijatara i ortodonata.<\/p>\n<p>Ortodonti su potvrdili da NUK varalice ne prouzrokuju krive zube i nepravilnu (nesimetri\u010dnu) vilicu<\/p>\n<p>Nuk varalica je potpuno bezbedna budu\u0107i da ne sadr\u017ei Bisfenol A i proizvedena je u skladu sa evropskim bezbednosnim standardom EN 1400.<\/p>\n<p>95% beba prihvata NUK varalice.<\/p>\n<p>92% majki potvrdilo je da kori\u0161\u0107enje NUK varalica ne uti\u010de na dojenje.<\/p>","protected":false},"featured_media":4835,"template":"","meta":[],"product_brand":[],"product_cat":[385,340],"product_tag":[390,752,1845,394],"class_list":{"0":"post-4834","1":"product","2":"type-product","3":"status-publish","4":"has-post-thumbnail","6":"product_cat-bebi-oprema","7":"product_cat-deciji-program","8":"product_tag-bebe","9":"product_tag-deciji-program","10":"product_tag-nuk","11":"product_tag-varalica","12":"pa_brend-nuk","14":"first","15":"instock","16":"shipping-taxable","17":"purchasable","18":"product-type-simple"},"ams_default_variation_id":0,"ams_product_points_reward":[],"ams_product_discount_percentage":0,"ams_price_to_display":500,"ams_acf":[],"jetpack_sharing_enabled":true,"_links":{"self":[{"href":"https:\/\/apotekar-online.rs\/hu\/wp-json\/wp\/v2\/product\/4834","targetHints":{"allow":["GET"]}}],"collection":[{"href":"https:\/\/apotekar-online.rs\/hu\/wp-json\/wp\/v2\/product"}],"about":[{"href":"https:\/\/apotekar-online.rs\/hu\/wp-json\/wp\/v2\/types\/product"}],"wp:featuredmedia":[{"embeddable":true,"href":"https:\/\/apotekar-online.rs\/hu\/wp-json\/wp\/v2\/media\/4835"}],"wp:attachment":[{"href":"https:\/\/apotekar-online.rs\/hu\/wp-json\/wp\/v2\/media?parent=4834"}],"wp:term":[{"taxonomy":"product_brand","embeddable":true,"href":"https:\/\/apotekar-online.rs\/hu\/wp-json\/wp\/v2\/product_brand?post=4834"},{"taxonomy":"product_cat","embeddable":true,"href":"https:\/\/apotekar-online.rs\/hu\/wp-json\/wp\/v2\/product_cat?post=4834"},{"taxonomy":"product_tag","embeddable":true,"href":"https:\/\/apotekar-online.rs\/hu\/wp-json\/wp\/v2\/product_tag?post=4834"}],"curies":[{"name":"wp","href":"https:\/\/api.w.org\/{rel}","templated":true}]}}