{"id":4839,"date":"2023-11-14T09:29:34","date_gmt":"2023-11-14T11:29:34","guid":{"rendered":"https:\/\/apotekar-online.rs\/?post_type=product&#038;p=4839"},"modified":"2026-03-05T08:11:37","modified_gmt":"2026-03-05T10:11:37","slug":"sigma-orrszivo-porszivohoz","status":"publish","type":"product","link":"https:\/\/apotekar-online.rs\/hu\/p\/sigma-aspirator-za-nos-za-usisivac\/","title":{"rendered":"Sigma orrsz\u00edv\u00f3 porsz\u00edv\u00f3hoz"},"content":{"rendered":"","protected":false},"excerpt":{"rendered":"<p><strong>A SIMGA orrsz\u00edv\u00f3 a v\u00e1lad\u00e9k elt\u00e1vol\u00edt\u00e1s\u00e1ra szolg\u00e1l az orrb\u00f3l.<\/strong><\/p>\n<ul>\n<li>\u00a0 \u00a0 Sz\u00edv\u00f3technol\u00f3gi\u00e1n alapul\u00f3 k\u00e9sz\u00fcl\u00e9k orrv\u00e1lad\u00e9k elt\u00e1vol\u00edt\u00e1s\u00e1ra.<\/li>\n<li>\u00a0 \u00a0 Az orr\u00f6bl\u00edt\u0151 k\u00e9sz\u00fcl\u00e9k feje nagyon biztons\u00e1gos, \u00e9s csecsem\u0151kn\u00e9l is haszn\u00e1lhat\u00f3.<\/li>\n<li>\u00a0 \u00a0 5 r\u00e9szre bonthat\u00f3 \u00e9s k\u00f6nnyen moshat\u00f3 foly\u00f3 v\u00edz alatt.<\/li>\n<li>\u00a0 \u00a0 Steriliz\u00e1lhat\u00f3 forr\u00e1sban l\u00e9v\u0151 v\u00edzzel, vagy fert\u0151tlen\u00edt\u0151 oldattal moshat\u00f3 (a k\u00e9sz\u00fcl\u00e9k minden r\u00e9sze h\u0151stabil anyagb\u00f3l k\u00e9sz\u00fclt).<\/li>\n<li>\u00a0 \u00a0 Haszn\u00e1lata biztons\u00e1gos csecsem\u0151kn\u00e9l \u00e9s feln\u0151ttekn\u00e9l egyar\u00e1nt.<\/li>\n<li>\u00a0 \u00a0 Nem tartalmaz eg\u00e9szs\u00e9gre k\u00e1ros anyagokat.<\/li>\n<li>\u00a0 \u00a0 Magas min\u0151s\u00e9g elfogadhat\u00f3 \u00e1ron.<\/li>\n<li>\u00a0 \u00a0 Gyermekorvosok \u00e9s f\u00fcl-orr-g\u00e9g\u00e9sz szakorvosok javaslat\u00e1ra<\/li>\n<\/ul>\n<p><strong>Az orr\u00f6bl\u00edt\u00e9s folyamata:<\/strong><\/p>\n<p>1.<strong>\u00a0El\u0151k\u00e9sz\u00fcletek<\/strong>: csatlakoztassa a porsz\u00edv\u00f3t az elektromos h\u00e1l\u00f3zatra (a gombot tedd a csatlakoz\u00f3ba), majd helyezd a k\u00e9sz\u00fcl\u00e9ket testk\u00f6zelben egy kar vagy l\u00e1b k\u00f6zel\u00e9be, hogy bekapcsolhassuk.<\/p>\n<p>2. Helyezze be a k\u00e9sz\u00fcl\u00e9ket, \u00e9s helyezze be a csatlakoz\u00f3 cseng\u0151 r\u00e9sz\u00e9t a porsz\u00edv\u00f3 cs\u00f6v\u00e9be.<\/p>\n<p>3. Csepegtessen a gyermek mindk\u00e9t orrlyuk\u00e1ba fiziol\u00f3gi\u00e1s oldatot (0,91 TP3T s\u00f3oldat), amely megfelel a k\u00f6nny \u00f6sszet\u00e9tel\u00e9nek. Nem \u00e9get, nem irrit\u00e1l, csak hidrat\u00e1lja \u00e9s puh\u00edtja a v\u00e1lad\u00e9kot. 3 perc eltelt\u00e9vel megkezdheti a felpuhult v\u00e1lad\u00e9k elt\u00e1vol\u00edt\u00e1s\u00e1t. A csepegtet\u00e9s l\u00e1gy\u00edtja az orrny\u00e1lkah\u00e1rty\u00e1ra tapadt sz\u00e1raz v\u00e1lad\u00e9kot, \u00edgy a ny\u00e1lkah\u00e1rtya s\u00e9r\u00fcl\u00e9se n\u00e9lk\u00fcl biztons\u00e1gosan \u00f6bl\u00edtheti le az orrot.<\/p>\n<p>4. A poz\u00edci\u00f3nak meg kell felelnie a gyermek \u00e9letkor\u00e1nak.<\/p>\n<ul>\n<li>\u00a0<strong>V\u00e1lad\u00e9k elt\u00e1vol\u00edt\u00e1sa \u00fajsz\u00fcl\u00f6ttek \u00e9s csecsem\u0151k orr\u00e1b\u00f3l:<\/strong><\/li>\n<\/ul>\n<p>Pihentesse a gyermek test\u00e9t a bal alkarj\u00e1n, \u00f6k\u00f6llel t\u00e1massza meg a fej\u00e9t k\u00f6z\u00e9phelyzetben, \u00e9s tartsa a gyermeket f\u00e9lig fekv\u0151 helyzetben, k\u00f6r\u00fclbel\u00fcl 45 fokos sz\u00f6gben. Fontos, hogy m\u00e9g fekv\u0151 helyzetben se tartsuk h\u00e1trahajtott fejjel a gyermeket, mert ez megnehez\u00edti a v\u00e1lad\u00e9k elt\u00e1vol\u00edt\u00e1s\u00e1t. Ezut\u00e1n a gravit\u00e1ci\u00f3 hat\u00e1s\u00e1ra a v\u00e1lad\u00e9k a tork\u00e1ba cs\u00faszik.<\/p>\n<p>J\u00f3 testtart\u00e1s eset\u00e9n a v\u00e1lad\u00e9k a v\u00e1lad\u00e9kelt\u00e1vol\u00edt\u00e1s ir\u00e1ny\u00e1ba, az orrj\u00e1ratok ir\u00e1ny\u00e1ba sziv\u00e1rog, \u00edgy megk\u00f6nny\u00edti a v\u00e1lad\u00e9k elt\u00e1vol\u00edt\u00e1s\u00e1t a k\u00e9sz\u00fcl\u00e9kkel.<\/p>\n<p>\u00dajsz\u00fcl\u00f6ttekn\u00e9l \u00e9s csecsem\u0151kn\u00e9l m\u00e9g nincs annyi \u00e9s olyan s\u0171r\u0171 v\u00e1lad\u00e9k, hogy igazi v\u00e1kuumot kellene csin\u00e1lni, \u00edgy nem szabad a m\u00e1sik oldalr\u00f3l nyomkodni, hogy elz\u00e1rja az orrj\u00e1ratot. Ebben az \u00e9letkorban ezt \u00fagysem tudn\u00e1d megtenni, mert abban a pillanatban, amikor az egyik orrlyukat cs\u0151vel, a m\u00e1sikat kompresszi\u00f3val lez\u00e1rod, a gyerek kinyitn\u00e1 a sz\u00e1j\u00e1t.<\/p>\n<p>\u00dajsz\u00fcl\u00f6ttek \u00e9s csecsem\u0151k kor\u00e1ban a kezet sem szabad r\u00f6gz\u00edteni, mert a gyereknek m\u00e9g nincs ereje kikapcsolni a porsz\u00edv\u00f3t, vagy mozdulataival megzavarni a mos\u00e1st. Ez v\u00e9g\u00fcl 6 h\u00f3nap t\u00f6lt\u00e9s ut\u00e1n megt\u00f6rt\u00e9nhet.<\/p>\n<ul>\n<li><strong>Kisgyermek orr\u00e1nak \u00f6bl\u00edt\u00e9se - id\u0151sebb csecsem\u0151 \u00e9s \u00f3vod\u00e1skor\u00fa gyermek:<\/strong><\/li>\n<\/ul>\n<p>Vedd a gyermeket a karjaidba. Helyezze a l\u00e1bait a saj\u00e1t l\u00e1bai k\u00f6z\u00e9, \u00e9s ha sz\u00fcks\u00e9ges, nyomja meg egy kicsit. Ha van k\u00e9zn\u00e9l seg\u00edts\u00e9g, egy m\u00e1sik szem\u00e9ly is elfogadhatja a gyermek karj\u00e1t. K\u00e9rje meg a gyermeket, hogy fej\u00e9t enyh\u00e9n hajtsa el\u0151re \u00e9s lefel\u00e9, \u00edgy a gravit\u00e1ci\u00f3s er\u0151 seg\u00edts\u00e9g\u00e9vel seg\u00edt elt\u00e1vol\u00edtani a v\u00e1lad\u00e9kot.<\/p>\n<p>Ha a gyermek m\u00e1r el\u00e9g \u00e9rett az egy\u00fcttm\u0171k\u00f6d\u00e9shez, \u00f6sszenyomhatja a m\u00e1sik orrlyukat, hogy v\u00e1kuumot hozzon l\u00e9tre, \u00e9s \u00edgy ler\u00f6vid\u00edtheti a v\u00e1lad\u00e9k orrb\u00f3l val\u00f3 elt\u00e1vol\u00edt\u00e1s\u00e1nak idej\u00e9t. A v\u00e1kuum kialakul\u00e1s\u00e1val felgyorsul \u00e9s t\u00e1mogatott a v\u00e1lad\u00e9k elt\u00e1vol\u00edt\u00e1sa, de ez nem elker\u00fclhetetlen. Ezt csak akkor \u00e9rheti el, ha a gyermek hajland\u00f3 egy\u00fcttm\u0171k\u00f6dni, \u00e9s megk\u00e9rheti, hogy ne nyissa ki a sz\u00e1j\u00e1t, am\u00edg elt\u00e1vol\u00edtjuk a v\u00e1lad\u00e9kot az orr\u00e1b\u00f3l.<\/p>\n<p>Az orrb\u00f3l a v\u00e1lad\u00e9k elt\u00e1vol\u00edt\u00e1s\u00e1nak fontoss\u00e1ga: az orrlyukak elz\u00e1r\u00e1s\u00e1val v\u00e1kuum keletkezik az orrban, \u00e9s ez lehet\u0151v\u00e9 teszi, hogy a v\u00e1lad\u00e9k a k\u00f6zponti orrj\u00e1ratb\u00f3l a k\u00f6z\u00f6s orrj\u00e1ratba \u00fcr\u00fclj\u00f6n, ahonnan m\u00e1r a saj\u00e1t kez\u00e9vel elt\u00e1vol\u00edthat\u00f3. ORR. Ez nagyon fontos s\u0171r\u0171 v\u00e1lad\u00e9k eset\u00e9n. A ny\u00e1lk\u00e1s, foly\u00e9kony v\u00e1lad\u00e9k m\u00e1r a k\u00f6z\u00e9ps\u0151 orrj\u00e1ratb\u00f3l ki\u00fcr\u00fcl a k\u00f6z\u00f6s orrj\u00e1ratba, ahonnan a NOSKO k\u00e9sz\u00fcl\u00e9kkel k\u00f6nnyed\u00e9n, v\u00e1kuumk\u00e9pz\u0151d\u00e9s n\u00e9lk\u00fcl elt\u00e1vol\u00edthatod a v\u00e1lad\u00e9kot.<\/p>\n<p><strong>Miel\u0151tt b\u00e1rmilyen \u00e9letkor\u00fa gyermek orr\u00e1b\u00f3l v\u00e1lad\u00e9kot t\u00e1vol\u00edtana el, nagyon fontos az orrcsepp haszn\u00e1lata!<\/strong><\/p>\n<p>5.\u00a0<strong>Kapcsolja be a porsz\u00edv\u00f3t<\/strong>. Kialak\u00edt\u00e1s\u00e1nak k\u00f6sz\u00f6nhet\u0151en a SIGMA k\u00e9sz\u00fcl\u00e9k \u00e1lland\u00f3, 0,2 bar nyom\u00e1s alatt m\u0171k\u00f6dik, ami teljesen biztons\u00e1gos m\u00e9g \u00fajsz\u00fcl\u00f6tt orr\u00e1b\u00f3l t\u00f6rt\u00e9n\u0151 v\u00e1lad\u00e9k elt\u00e1vol\u00edt\u00e1sakor is.<\/p>\n<p>6. Helyezze a k\u00e9sz\u00fcl\u00e9k fej\u00e9t az orrny\u00edl\u00e1s k\u00f6zel\u00e9be. Tartsa a k\u00e9sz\u00fcl\u00e9k fej\u00e9t a jobb kez\u00e9ben \u00fagy, hogy a szilikon cs\u0151 (ahogyan az eszk\u00f6z doboz\u00e1n l\u00e1that\u00f3) felfel\u00e9 n\u00e9zzen. Ez az\u00e9rt fontos, hogy elker\u00fclj\u00fck a v\u00e1lad\u00e9k besziv\u00e1rg\u00e1s\u00e1t a tubusba, \u00edgy meg\u0151rizz\u00fck a k\u00e9sz\u00fcl\u00e9k higi\u00e9ni\u00e1j\u00e1t, \u00edgy csak a k\u00e9sz\u00fcl\u00e9k fej\u00e9t \u00e9s a t\u00e1lat kell kimosni, a szilikon cs\u00f6vet nem. Vigye k\u00f6zelebb a k\u00e9sz\u00fcl\u00e9k fej\u00e9t az orrcsatorn\u00e1k ny\u00edl\u00e1s\u00e1hoz, vezesse be a cs\u00f6vet mag\u00e1ba a csatorn\u00e1ba abba a r\u00e9szbe, ahol kit\u00e1gul. Ne nyomja m\u00e9lyen az orrba, mert ez nem fokozza a hat\u00e1st. A cs\u00f6vet lefel\u00e9 \u00e9s oldalra kell tartani, hogy az orrj\u00e1ratok alj\u00e1r\u00f3l is elt\u00e1vol\u00edtsa a v\u00e1lad\u00e9kot.<\/p>\n<p>A v\u00e1lad\u00e9kot egy menetben legfeljebb 5 m\u00e1sodpercig t\u00e1vol\u00edthatja el. Ha ez nem el\u00e9g, az 5 m\u00e1sodperces \u00f6bl\u00edt\u00e9st t\u00f6bbsz\u00f6r is megism\u00e9telheti 3-5 m\u00e1sodperces sz\u00fcnetekkel, de c\u00e9lszer\u0171 addig ism\u00e9telni, am\u00edg v\u00e1lad\u00e9k jelenik meg a tart\u00e1lyban.<\/p>\n<p>7. Vegye ki a k\u00e9sz\u00fcl\u00e9ket az orrb\u00f3l.<\/p>\n<p>8. Kapcsolja ki a porsz\u00edv\u00f3t.<\/p>\n<p>9. Sz\u00fcks\u00e9g eset\u00e9n puha kend\u0151vel t\u00f6r\u00f6lje le az orr k\u00f6r\u00fcli v\u00e1lad\u00e9kcseppeket.<\/p>\n<p>10. Ha sz\u00fcks\u00e9ges, kenj\u00fck be kr\u00e9mmel a gyermek orra k\u00f6rny\u00e9k\u00e9t, mellyel elker\u00fclhetj\u00fck, hogy az orrv\u00e1lad\u00e9k kipirosod\u00e1st, b\u0151rirrit\u00e1ci\u00f3t okozzon.<\/p>\n<p>11. Vegye ki az \u00f6bl\u00edt\u0151t a porsz\u00edv\u00f3b\u00f3l.<\/p>\n<p>12. Szerelje sz\u00e9t a fejet, \u00e9s alaposan mossa le foly\u00f3 v\u00edzzel. Sz\u00fcks\u00e9g eset\u00e9n felforralhatjuk vagy m\u00e1s m\u00f3don steriliz\u00e1lhatjuk (pl. fert\u0151tlen\u00edt\u0151 oldatba \u00e1ztatjuk). Mos\u00e1skor a tart\u00e1lyt le kell szerelni a k\u00e9sz\u00fcl\u00e9k fej\u00e9r\u0151l, \u00e9s maga a fej is leszerelhet\u0151 a mos\u00e1shoz. A SIGMA k\u00e9sz\u00fcl\u00e9k 5 k\u00fcl\u00f6n\u00e1ll\u00f3 r\u00e9szre bonthat\u00f3, mely amellett, hogy lehet\u0151v\u00e9 teszi a higi\u00e9nikus karbantart\u00e1st, t\u00e1mogatja a k\u00e9sz\u00fcl\u00e9k steriliz\u00e1l\u00e1s\u00e1t is.<\/p>\n<p>13. Amikor az alkatr\u00e9szek megsz\u00e1radtak, helyezze tiszta helyre, hogy legk\u00f6zelebb azonnal felhaszn\u00e1lhassa \u0151ket.<\/p>","protected":false},"featured_media":4840,"template":"","meta":[],"product_brand":[],"product_cat":[385,340],"product_tag":[1852,1770,1853,1854],"class_list":{"0":"post-4839","1":"product","2":"type-product","3":"status-publish","4":"has-post-thumbnail","6":"product_cat-bebi-oprema","7":"product_cat-deciji-program","8":"product_tag-aspirator-za-nos","9":"product_tag-ciscenje-nosa","10":"product_tag-nos","11":"product_tag-usisivac","13":"first","14":"instock","15":"shipping-taxable","16":"purchasable","17":"product-type-simple"},"ams_default_variation_id":0,"ams_product_points_reward":[],"ams_product_discount_percentage":0,"ams_price_to_display":1139.05,"ams_acf":[],"jetpack_sharing_enabled":true,"_links":{"self":[{"href":"https:\/\/apotekar-online.rs\/hu\/wp-json\/wp\/v2\/product\/4839","targetHints":{"allow":["GET"]}}],"collection":[{"href":"https:\/\/apotekar-online.rs\/hu\/wp-json\/wp\/v2\/product"}],"about":[{"href":"https:\/\/apotekar-online.rs\/hu\/wp-json\/wp\/v2\/types\/product"}],"wp:featuredmedia":[{"embeddable":true,"href":"https:\/\/apotekar-online.rs\/hu\/wp-json\/wp\/v2\/media\/4840"}],"wp:attachment":[{"href":"https:\/\/apotekar-online.rs\/hu\/wp-json\/wp\/v2\/media?parent=4839"}],"wp:term":[{"taxonomy":"product_brand","embeddable":true,"href":"https:\/\/apotekar-online.rs\/hu\/wp-json\/wp\/v2\/product_brand?post=4839"},{"taxonomy":"product_cat","embeddable":true,"href":"https:\/\/apotekar-online.rs\/hu\/wp-json\/wp\/v2\/product_cat?post=4839"},{"taxonomy":"product_tag","embeddable":true,"href":"https:\/\/apotekar-online.rs\/hu\/wp-json\/wp\/v2\/product_tag?post=4839"}],"curies":[{"name":"wp","href":"https:\/\/api.w.org\/{rel}","templated":true}]}}