{"id":4841,"date":"2023-11-14T09:38:13","date_gmt":"2023-11-14T11:38:13","guid":{"rendered":"https:\/\/apotekar-online.rs\/?post_type=product&#038;p=4841"},"modified":"2026-03-05T08:11:37","modified_gmt":"2026-03-05T10:11:37","slug":"belvital-orrpumpa","status":"publish","type":"product","link":"https:\/\/apotekar-online.rs\/hu\/p\/pumpica-za-nos-belvital\/","title":{"rendered":"Belvital orrpumpa"},"content":{"rendered":"","protected":false},"excerpt":{"rendered":"<p>A Belvital babasz\u00edv\u00f3 lehet\u0151v\u00e9 teszi a baba norm\u00e1l l\u00e9gz\u00e9s\u00e9t vesz\u00e9lyeztet\u0151 orrv\u00e1lad\u00e9k hat\u00e9kony elt\u00e1vol\u00edt\u00e1s\u00e1t. A napi aspir\u00e1ci\u00f3 rendk\u00edv\u00fcl egyszer\u0171 \u00e9s term\u00e9szetes m\u00f3don megel\u0151zi a szem, a f\u00fcl, a torok \u00e9s a h\u00f6rg\u0151k tov\u00e1bbi fert\u0151z\u00e9seit. Az elsz\u00edv\u00f3 anat\u00f3miailag kialak\u00edtott hegye teljes biztons\u00e1got garant\u00e1l.<\/p>\n<p>Alkalmaz\u00e1s m\u00f3dja: Haszn\u00e1lat el\u0151tt \u00e9s ut\u00e1n az aspir\u00e1tort sz\u00e9t kell szerelni \u00e9s meleg v\u00edzzel le kell mosni. Tegyen egy kis vattadarabot a red\u0151nysz\u0171r\u0151be (a gumit\u00f6ml\u0151h\u00f6z csatlakoztatott r\u00e9sz), \u00e9s csatlakoztassa az elsz\u00edv\u00f3t. Helyezze az aspir\u00e1tor hegy\u00e9t a baba orr\u00e1ba, \u00e9s a gumi v\u00e9g\u00e9n kereszt\u00fcl \u00f3vatosan igyekszik kisz\u00edvni a tartalmat az orr\u00e1b\u00f3l. Ha sok sz\u00e1raz v\u00e1lad\u00e9k van a gyermek orr\u00e1ban, \u00f6nts\u00f6n egy kis s\u00f3oldatot k\u00f6zvetlen\u00fcl az orr\u00e1ba, majd sz\u00edvja le.<\/p>\n<p>Megjegyz\u00e9s: fej\u00e9s el\u0151tt 15 perccel haszn\u00e1lja az aspir\u00e1tort, hogy a l\u00e9gutak id\u0151ben megtisztuljanak.<\/p>\n<p>Kiszerel\u00e9s: 1db elsz\u00edv\u00f3<\/p>","protected":false},"featured_media":4842,"template":"","meta":[],"product_brand":[],"product_cat":[385,340],"product_tag":[1852,390,1770,418],"class_list":{"0":"post-4841","1":"product","2":"type-product","3":"status-publish","4":"has-post-thumbnail","6":"product_cat-bebi-oprema","7":"product_cat-deciji-program","8":"product_tag-aspirator-za-nos","9":"product_tag-bebe","10":"product_tag-ciscenje-nosa","11":"product_tag-decija-oprema","12":"pa_brend-belvital","14":"first","15":"instock","16":"shipping-taxable","17":"purchasable","18":"product-type-simple"},"ams_default_variation_id":0,"ams_product_points_reward":[],"ams_product_discount_percentage":0,"ams_price_to_display":660,"ams_acf":[],"jetpack_sharing_enabled":true,"_links":{"self":[{"href":"https:\/\/apotekar-online.rs\/hu\/wp-json\/wp\/v2\/product\/4841","targetHints":{"allow":["GET"]}}],"collection":[{"href":"https:\/\/apotekar-online.rs\/hu\/wp-json\/wp\/v2\/product"}],"about":[{"href":"https:\/\/apotekar-online.rs\/hu\/wp-json\/wp\/v2\/types\/product"}],"wp:featuredmedia":[{"embeddable":true,"href":"https:\/\/apotekar-online.rs\/hu\/wp-json\/wp\/v2\/media\/4842"}],"wp:attachment":[{"href":"https:\/\/apotekar-online.rs\/hu\/wp-json\/wp\/v2\/media?parent=4841"}],"wp:term":[{"taxonomy":"product_brand","embeddable":true,"href":"https:\/\/apotekar-online.rs\/hu\/wp-json\/wp\/v2\/product_brand?post=4841"},{"taxonomy":"product_cat","embeddable":true,"href":"https:\/\/apotekar-online.rs\/hu\/wp-json\/wp\/v2\/product_cat?post=4841"},{"taxonomy":"product_tag","embeddable":true,"href":"https:\/\/apotekar-online.rs\/hu\/wp-json\/wp\/v2\/product_tag?post=4841"}],"curies":[{"name":"wp","href":"https:\/\/api.w.org\/{rel}","templated":true}]}}