{"id":4845,"date":"2023-11-14T09:53:58","date_gmt":"2023-11-14T11:53:58","guid":{"rendered":"https:\/\/apotekar-online.rs\/?post_type=product&#038;p=4845"},"modified":"2026-03-05T08:11:37","modified_gmt":"2026-03-05T10:11:37","slug":"propolis-sprej-za-grlo-za-decu","status":"publish","type":"product","link":"https:\/\/apotekar-online.rs\/hu\/p\/propolis-sprej-za-grlo-za-decu\/","title":{"rendered":"Propoliszos torokspray gyerekeknek"},"content":{"rendered":"","protected":false},"excerpt":{"rendered":"<p>&nbsp;<\/p>\n<p>Propolis sprej proizvo\u0111a\u010da propolis pharm poma\u017eu kod:<\/p>\n<ul>\n<li>osve\u017eavanja daha,<\/li>\n<li>upale desni,<\/li>\n<li>upala grla i \u017edrela,<\/li>\n<li>l\u00e9g\u00fati fert\u0151z\u00e9sek<\/li>\n<li>u\u010dastali ka\u0161alj<\/li>\n<\/ul>\n<p><strong>Pakovanje: 20ml<\/strong><\/p>","protected":false},"featured_media":4846,"template":"","meta":[],"product_brand":[],"product_cat":[340,148],"product_tag":[1058,752,1019,181,248,1773],"class_list":{"0":"post-4845","1":"product","2":"type-product","3":"status-publish","4":"has-post-thumbnail","6":"product_cat-deciji-program","7":"product_cat-preparati-za-prehladu-i-kasalj-kod-dece","8":"product_tag-bol-u-grlu","9":"product_tag-deciji-program","10":"product_tag-menta","11":"product_tag-prehlada","12":"product_tag-propolis","13":"product_tag-sprej-za-grlo","14":"pa_brend-propolis-pharm","16":"first","17":"instock","18":"shipping-taxable","19":"purchasable","20":"product-type-simple"},"ams_default_variation_id":0,"ams_product_points_reward":[],"ams_product_discount_percentage":0,"ams_price_to_display":320,"ams_acf":[],"jetpack_sharing_enabled":true,"_links":{"self":[{"href":"https:\/\/apotekar-online.rs\/hu\/wp-json\/wp\/v2\/product\/4845","targetHints":{"allow":["GET"]}}],"collection":[{"href":"https:\/\/apotekar-online.rs\/hu\/wp-json\/wp\/v2\/product"}],"about":[{"href":"https:\/\/apotekar-online.rs\/hu\/wp-json\/wp\/v2\/types\/product"}],"wp:featuredmedia":[{"embeddable":true,"href":"https:\/\/apotekar-online.rs\/hu\/wp-json\/wp\/v2\/media\/4846"}],"wp:attachment":[{"href":"https:\/\/apotekar-online.rs\/hu\/wp-json\/wp\/v2\/media?parent=4845"}],"wp:term":[{"taxonomy":"product_brand","embeddable":true,"href":"https:\/\/apotekar-online.rs\/hu\/wp-json\/wp\/v2\/product_brand?post=4845"},{"taxonomy":"product_cat","embeddable":true,"href":"https:\/\/apotekar-online.rs\/hu\/wp-json\/wp\/v2\/product_cat?post=4845"},{"taxonomy":"product_tag","embeddable":true,"href":"https:\/\/apotekar-online.rs\/hu\/wp-json\/wp\/v2\/product_tag?post=4845"}],"curies":[{"name":"wp","href":"https:\/\/api.w.org\/{rel}","templated":true}]}}