{"id":4864,"date":"2023-11-15T06:45:34","date_gmt":"2023-11-15T08:45:34","guid":{"rendered":"https:\/\/apotekar-online.rs\/?post_type=product&#038;p=4864"},"modified":"2026-03-05T08:11:03","modified_gmt":"2026-03-05T10:11:03","slug":"vitamix-magne-doro-folyadek-20-tasak","status":"publish","type":"product","link":"https:\/\/apotekar-online.rs\/hu\/p\/vitamix-magne-doro-liquid-20-kesica\/","title":{"rendered":"Vitamix Magne D&#039;Oro Liquid 20 tasak"},"content":{"rendered":"","protected":false},"excerpt":{"rendered":"<p><strong>K\u00d6ZVETLEN<\/strong>\u00a0magn\u00e9zium-citr\u00e1t form\u00e1ja 815 mg\u00a0<strong>foly\u00e9kony \u00e1llapotban\u00a0<\/strong>a legjobb felsz\u00edv\u00f3d\u00e1ssal a szervezetben. Sz\u00fcks\u00e9ges valamihez\u00a0<strong>az immunrendszer er\u0151s\u00edt\u00e9se<\/strong>, izom\u00f6sszeh\u00faz\u00f3d\u00e1s, testh\u0151m\u00e9rs\u00e9klet szab\u00e1lyoz\u00e1s, jel\u00e1tvitel az idegrendszerben, csont mineraliz\u00e1ci\u00f3,\u00a0<strong>normaliz\u00e1l\u00e1s<\/strong>\u00a0koleszterinszint, norm\u00e1l sz\u00e9nhidr\u00e1t-, feh\u00e9rje- \u00e9s zs\u00edranyagcsere \u00e9s \u00e1ltal\u00e1nos energian\u00f6veked\u00e9s.<\/p>\n<p>T\u00e1pl\u00e1l\u00e9k-kieg\u00e9sz\u00edt\u0151 magn\u00e9zium-citr\u00e1t form\u00e1j\u00e1ban, amely helyre\u00e1ll\u00edtja a szervezet egyens\u00faly\u00e1t, biztos\u00edtja a norm\u00e1l energiatermel\u00e9st \u00e9s a norm\u00e1l feh\u00e9rjeszint\u00e9zist. Seg\u00edt a f\u00e1radts\u00e1gon. Az idegrendszer norm\u00e1l m\u0171k\u00f6d\u00e9se \u00e9s a norm\u00e1lis ment\u00e1lis m\u0171k\u00f6d\u00e9s. Az immunrendszer optim\u00e1lis m\u0171k\u00f6d\u00e9se.<\/p>\n<p class=\"mainTitle oswald\"><strong>Felhaszn\u00e1l\u00e1s m\u00f3dja:<\/strong><\/p>\n<div class=\"text\">\n<p>Naponta egy-k\u00e9t tasakot kell feloldani k\u00f6zvetlen\u00fcl a sz\u00e1jban.<\/p>\n<div>Nem tartalmaz cukrot.<\/div>\n<div>\n<p>Kiszerel\u00e9s: 20 db foly\u00e9kony tasak k\u00f6zvetlen bevitelhez<\/p>\n<\/div>\n<\/div>","protected":false},"featured_media":4865,"template":"","meta":[],"product_brand":[],"product_cat":[78],"product_tag":[1342,1874,321,691],"class_list":{"0":"post-4864","1":"product","2":"type-product","3":"status-publish","4":"has-post-thumbnail","6":"product_cat-vitamini-i-minerali","7":"product_tag-grcevi-u-misicima","8":"product_tag-magnezijum-citrat","9":"product_tag-stres","10":"product_tag-umor","11":"pa_brend-natura-aucta","13":"first","14":"instock","15":"shipping-taxable","16":"purchasable","17":"product-type-simple"},"ams_default_variation_id":0,"ams_product_points_reward":[],"ams_product_discount_percentage":0,"ams_price_to_display":993.6,"ams_acf":[],"jetpack_sharing_enabled":true,"_links":{"self":[{"href":"https:\/\/apotekar-online.rs\/hu\/wp-json\/wp\/v2\/product\/4864","targetHints":{"allow":["GET"]}}],"collection":[{"href":"https:\/\/apotekar-online.rs\/hu\/wp-json\/wp\/v2\/product"}],"about":[{"href":"https:\/\/apotekar-online.rs\/hu\/wp-json\/wp\/v2\/types\/product"}],"wp:featuredmedia":[{"embeddable":true,"href":"https:\/\/apotekar-online.rs\/hu\/wp-json\/wp\/v2\/media\/4865"}],"wp:attachment":[{"href":"https:\/\/apotekar-online.rs\/hu\/wp-json\/wp\/v2\/media?parent=4864"}],"wp:term":[{"taxonomy":"product_brand","embeddable":true,"href":"https:\/\/apotekar-online.rs\/hu\/wp-json\/wp\/v2\/product_brand?post=4864"},{"taxonomy":"product_cat","embeddable":true,"href":"https:\/\/apotekar-online.rs\/hu\/wp-json\/wp\/v2\/product_cat?post=4864"},{"taxonomy":"product_tag","embeddable":true,"href":"https:\/\/apotekar-online.rs\/hu\/wp-json\/wp\/v2\/product_tag?post=4864"}],"curies":[{"name":"wp","href":"https:\/\/api.w.org\/{rel}","templated":true}]}}