{"id":4955,"date":"2023-11-17T10:40:22","date_gmt":"2023-11-17T12:40:22","guid":{"rendered":"https:\/\/apotekar-online.rs\/?post_type=product&#038;p=4955"},"modified":"2026-03-05T08:11:02","modified_gmt":"2026-03-05T10:11:02","slug":"kurkuma-plusz-zlob-30-kapszula","status":"publish","type":"product","link":"https:\/\/apotekar-online.rs\/hu\/p\/kurkuma-plus-zlob-30-kapsula\/","title":{"rendered":"Kurkuma plusz zlob 30 kapszula"},"content":{"rendered":"","protected":false},"excerpt":{"rendered":"<div class=\"product attribute description\">\n<div class=\"value\">\n<div>A kurkuma longa nagyon gy\u00f3gy\u00edt\u00f3 hat\u00e1s\u00fa, \u00e9s seg\u00edt \u00edz\u00fcleti gyullad\u00e1s, reuma, k\u00f6t\u0151sz\u00f6veti betegs\u00e9gek stb.<\/div>\n<div>A teljesen term\u00e9szetes, apr\u00f3l\u00e9kos feldolgoz\u00e1snak al\u00e1vetett sv\u00e1jci k\u00e9sz\u00edtm\u00e9ny sokkal er\u0151sebb \u00e9s hat\u00e9konyabb, mint a nyers \u00f6sszet\u00e9tel.<\/div>\n<div>Er\u0151s antioxid\u00e1nsk\u00e9nt felbecs\u00fclhetetlen \u00e9rt\u00e9k\u0171 E-vitamint tartalmaz.<\/div>\n<div><\/div>\n<div>Turmeric Plus Joint Fit \u2013 c\u00e9l:<\/div>\n<div><\/div>\n<div>. Reum\u00e1s betegs\u00e9gek, \u00edz\u00fcleti gyullad\u00e1s \u00e9s osteoarthritis - er\u0151s gyullad\u00e1scs\u00f6kkent\u0151 hat\u00e1s\u00e1nak k\u00f6sz\u00f6nhet\u0151en a kurkuma jelent\u0151sen cs\u00f6kkenti a f\u00e1jdalmat, valamint cs\u00f6kkenti a gyullad\u00e1sok, duzzanatok \u00e9s merevs\u00e9g gyakoris\u00e1g\u00e1t (a reum\u00e1s betegs\u00e9gek alapvet\u0151 jellemz\u0151i), ami megakad\u00e1lyozza a tov\u00e1bbi sz\u00f6v\u0151dm\u00e9nyek kialakul\u00e1s\u00e1t \u00e9s a betegs\u00e9g progresszi\u00f3ja.<\/div>\n<div>. Izmokat \u00e9s \u00edz\u00fcleteket kezel.<\/div>\n<div>. Er\u0151s\u00edti az inakat \u00e9s helyre\u00e1ll\u00edtja az inak rugalmass\u00e1g\u00e1t.<\/div>\n<div>. Er\u0151s\u00edti az immunit\u00e1st, seg\u00edt a betegs\u00e9gek lek\u00fczd\u00e9s\u00e9ben, bele\u00e9rtve a bakteri\u00e1lis \u00e9s v\u00edrusos fert\u0151z\u00e9seket.<\/div>\n<div>. Tiszt\u00edtja a v\u00e9rkering\u00e9st, seg\u00edti az elmeszesedett art\u00e9ri\u00e1k tiszt\u00edt\u00e1s\u00e1t \u00e9s fokozza a kering\u00e9st.<\/div>\n<div>. L\u00e9trehozza a norm\u00e1l b\u00e9lm\u0171k\u00f6d\u00e9st, megel\u0151zi a gyomorg\u00f6rcs\u00f6ket, cs\u00f6kkenti a g\u00e1zok okozta puffad\u00e1st \u00e9s egy\u00e9b gyomorbetegs\u00e9geket.<\/div>\n<\/div>\n<\/div>\n<div class=\"product attribute using\"><strong class=\"type\">A ... haszna<\/strong><\/p>\n<div class=\"value\">\n<p>Feln\u0151tteknek napi 2 x 1 kapszula kev\u00e9s v\u00edzzel.<\/p>\n<\/div>\n<\/div>\n<div class=\"product attribute composition\"><strong class=\"type\">A tartalmat<\/strong><\/p>\n<div class=\"value\">\n<div>. Kurkuma gy\u00f6k\u00e9r (Curcuma longa) porban,<\/div>\n<div>. E-vitamin (D-alfa-tokoferol),<\/div>\n<div>. Magn\u00e9zium-sztear\u00e1t, szil\u00edcium-dioxid \u00e9s talkum.<\/div>\n<\/div>\n<\/div>","protected":false},"featured_media":4956,"template":"","meta":[],"product_brand":[],"product_cat":[82,80],"product_tag":[1503,1291,179,1904,1706,297,1292,1108,209],"class_list":{"0":"post-4955","1":"product","2":"type-product","3":"status-publish","4":"has-post-thumbnail","6":"product_cat-kosti-zglobovi-i-neuropatski-bol","7":"product_cat-koza-kosa-i-nokti","8":"product_tag-antioksidant","9":"product_tag-artritis","10":"product_tag-imunitet","11":"product_tag-kurkumaa","12":"product_tag-osteoartritisa","13":"product_tag-otok","14":"product_tag-reumatizam","15":"product_tag-upala","16":"product_tag-vitamin-e","17":"pa_brend-bioclinica","19":"first","20":"instock","21":"shipping-taxable","22":"purchasable","23":"product-type-simple"},"ams_default_variation_id":0,"ams_product_points_reward":[],"ams_product_discount_percentage":0,"ams_price_to_display":1900,"ams_acf":[],"jetpack_sharing_enabled":true,"_links":{"self":[{"href":"https:\/\/apotekar-online.rs\/hu\/wp-json\/wp\/v2\/product\/4955","targetHints":{"allow":["GET"]}}],"collection":[{"href":"https:\/\/apotekar-online.rs\/hu\/wp-json\/wp\/v2\/product"}],"about":[{"href":"https:\/\/apotekar-online.rs\/hu\/wp-json\/wp\/v2\/types\/product"}],"wp:featuredmedia":[{"embeddable":true,"href":"https:\/\/apotekar-online.rs\/hu\/wp-json\/wp\/v2\/media\/4956"}],"wp:attachment":[{"href":"https:\/\/apotekar-online.rs\/hu\/wp-json\/wp\/v2\/media?parent=4955"}],"wp:term":[{"taxonomy":"product_brand","embeddable":true,"href":"https:\/\/apotekar-online.rs\/hu\/wp-json\/wp\/v2\/product_brand?post=4955"},{"taxonomy":"product_cat","embeddable":true,"href":"https:\/\/apotekar-online.rs\/hu\/wp-json\/wp\/v2\/product_cat?post=4955"},{"taxonomy":"product_tag","embeddable":true,"href":"https:\/\/apotekar-online.rs\/hu\/wp-json\/wp\/v2\/product_tag?post=4955"}],"curies":[{"name":"wp","href":"https:\/\/api.w.org\/{rel}","templated":true}]}}