{"id":4959,"date":"2023-11-17T10:58:32","date_gmt":"2023-11-17T12:58:32","guid":{"rendered":"https:\/\/apotekar-online.rs\/?post_type=product&#038;p=4959"},"modified":"2026-03-05T08:11:01","modified_gmt":"2026-03-05T10:11:01","slug":"refresh-contacts-cseppek-15ml","status":"publish","type":"product","link":"https:\/\/apotekar-online.rs\/hu\/p\/refresh-contacts-kapi-15ml\/","title":{"rendered":"Refresh Contacts csepp 15ml"},"content":{"rendered":"","protected":false},"excerpt":{"rendered":"<p><b>N\u00e9vjegyek friss\u00edt\u00e9se<\/b>\u00a0Cseppek a f\u00e1radt szem felfriss\u00edt\u00e9s\u00e9re \u00e9s hidrat\u00e1l\u00e1s\u00e1ra. Azonnal enyh\u00edtik \u00e9s megsz\u00fcntetik az esetleges kellemetlens\u00e9geket, ez\u00e9rt hosszan tart\u00f3 k\u00e9nyelmet biztos\u00edtanak minden t\u00edpus\u00fa kontaktlencse visel\u00e9se k\u00f6zben. Kiszerel\u00e9s\u00fck elt\u00e1vol\u00edtja a por, a vak\u00edt\u00f3 f\u00e9ny, a pollen, a szennyezett \u00e9s sz\u00e1raz leveg\u0151 okozta sz\u00e1razs\u00e1got \u00e9s szemirrit\u00e1ci\u00f3t.<\/p>\n<p><strong>AZ ALKALMAZ\u00c1SSAL KAPCSOLATOS TUDNIVAL\u00d3K \u00c9S ADAGOL\u00c1S:<br \/>\n<\/strong><\/p>\n<p>Sz\u00fcks\u00e9g szerint haszn\u00e1lja \u0151ket.<br \/>\nCseppentsen 1-2 csepp oldatot mindk\u00e9t szembe.<br \/>\nHaszn\u00e1lat k\u00f6zben nem sz\u00fcks\u00e9ges elt\u00e1vol\u00edtani a kontaktlencs\u00e9ket.<br \/>\nA nagyobb k\u00e9nyelem \u00e9rdek\u00e9ben a lencs\u00e9k behelyez\u00e9se el\u0151tt cseppentsen 1 vagy 2 cseppet mindegyik lencse belsej\u00e9be.<\/p>\n<p>&nbsp;<\/p>\n<p>Alkalmas minden t\u00edpus\u00fa kontaktlencse visel\u00e9s\u00e9re.<\/p>\n<p><b>FOGALMAZ\u00c1S<\/b>:<\/p>\n<p>A karboximetilcellul\u00f3z CMC - a szaruh\u00e1rtya hossz\u00fa t\u00e1v\u00fa v\u00e9delm\u00e9t szolg\u00e1l\u00f3 hat\u00f3anyag, nem okoz kellemetlen \u00e9rz\u00e9st az alkalmaz\u00e1s sor\u00e1n.<br \/>\nPurit \u2013 tart\u00f3s\u00edt\u00f3szer, amely napf\u00e9ny hat\u00e1s\u00e1ra a k\u00f6nny alkot\u00f3r\u00e9szeire (Na, Cl \u00e9s v\u00edz) bomlik. Biztons\u00e1gos \u00e9s hat\u00e9kony tart\u00f3s\u00edt\u00f3szer a palackban \u2013 a palack felbont\u00e1sa ut\u00e1n 90 napig haszn\u00e1lhat\u00f3.<\/p>\n<p>&nbsp;<\/p>\n<p><strong>CSOMAGOL\u00c1S:<\/strong>\u00a015 ml<\/p>","protected":false},"featured_media":4960,"template":"","meta":[],"product_brand":[],"product_cat":[139],"product_tag":[1911,1912,1910,1909],"class_list":{"0":"post-4959","1":"product","2":"type-product","3":"status-publish","4":"has-post-thumbnail","6":"product_cat-vitamini-za-oci-i-vestacke-suze","7":"product_tag-polen","8":"product_tag-prasina","9":"product_tag-suve-oci","10":"product_tag-umorne-oci","12":"first","13":"outofstock","14":"shipping-taxable","15":"purchasable","16":"product-type-simple"},"ams_default_variation_id":0,"ams_product_points_reward":[],"ams_product_discount_percentage":0,"ams_price_to_display":802.44,"ams_acf":[],"jetpack_sharing_enabled":true,"_links":{"self":[{"href":"https:\/\/apotekar-online.rs\/hu\/wp-json\/wp\/v2\/product\/4959","targetHints":{"allow":["GET"]}}],"collection":[{"href":"https:\/\/apotekar-online.rs\/hu\/wp-json\/wp\/v2\/product"}],"about":[{"href":"https:\/\/apotekar-online.rs\/hu\/wp-json\/wp\/v2\/types\/product"}],"wp:featuredmedia":[{"embeddable":true,"href":"https:\/\/apotekar-online.rs\/hu\/wp-json\/wp\/v2\/media\/4960"}],"wp:attachment":[{"href":"https:\/\/apotekar-online.rs\/hu\/wp-json\/wp\/v2\/media?parent=4959"}],"wp:term":[{"taxonomy":"product_brand","embeddable":true,"href":"https:\/\/apotekar-online.rs\/hu\/wp-json\/wp\/v2\/product_brand?post=4959"},{"taxonomy":"product_cat","embeddable":true,"href":"https:\/\/apotekar-online.rs\/hu\/wp-json\/wp\/v2\/product_cat?post=4959"},{"taxonomy":"product_tag","embeddable":true,"href":"https:\/\/apotekar-online.rs\/hu\/wp-json\/wp\/v2\/product_tag?post=4959"}],"curies":[{"name":"wp","href":"https:\/\/api.w.org\/{rel}","templated":true}]}}