{"id":4966,"date":"2023-11-17T11:14:35","date_gmt":"2023-11-17T13:14:35","guid":{"rendered":"https:\/\/apotekar-online.rs\/?post_type=product&#038;p=4966"},"modified":"2026-03-05T08:11:01","modified_gmt":"2026-03-05T10:11:01","slug":"sudocrem-vedokrem-250gr","status":"publish","type":"product","link":"https:\/\/apotekar-online.rs\/hu\/p\/sudocrem-zastitna-krema-250gr\/","title":{"rendered":"Sudocrem v\u00e9d\u0151kr\u00e9m 250gr"},"content":{"rendered":"","protected":false},"excerpt":{"rendered":"<ul>\n<li>a sz\u00e9kletb\u0151l \u00e9s vizeletb\u0151l sz\u00e1rmaz\u00f3 irrit\u00e1l\u00f3 hat\u00e1soknak kitett, pelenk\u00e1val bor\u00edtott b\u0151r napi v\u00e9delme<\/li>\n<li>sz\u00fanyogcs\u00edp\u00e9s t\u00fcneteinek enyh\u00edt\u00e9s\u00e9re<\/li>\n<li>b\u0151r\u00e1pol\u00e1s enyhe \u00e9g\u00e9si s\u00e9r\u00fcl\u00e9sek eset\u00e9n (pl. le\u00e9g\u00e9s)<\/li>\n<li>pattan\u00e1sos b\u0151r \u00e1pol\u00e1sa (pattan\u00e1sos b\u0151r kezel\u00e9se)<\/li>\n<li>karcol\u00e1sok \u00e1pol\u00e1sa a b\u0151r\u00f6n<\/li>\n<li>\u00e1pol\u00e1s borotv\u00e1lkoz\u00e1s \u00e9s sz\u0151rtelen\u00edt\u00e9s ut\u00e1n<\/li>\n<li>ekc\u00e9m\u00e1val bor\u00edtott b\u0151r \u00e1pol\u00e1sa<\/li>\n<li>nyom\u00e1si fek\u00e9ly ell\u00e1t\u00e1sa<\/li>\n<li>Cink-oxid: sz\u00f6veti zsugorod\u00e1st eredm\u00e9nyez, cs\u00f6kkenti a folyad\u00e9kvesztes\u00e9get a sz\u00f6vetregener\u00e1ci\u00f3s f\u00e1zisban<\/li>\n<li>Benzil-benzo\u00e1t, benzil-cinnam\u00e1t: el\u0151seg\u00edti a h\u00e1mk\u00e9pz\u0151d\u00e9st, felgyors\u00edtja a h\u00e1mk\u00e9pz\u0151d\u00e9s folyamat\u00e1t<\/li>\n<li>Lanolin: puh\u00edtja \u00e9s hidrat\u00e1lja, seg\u00edt fenntartani a b\u0151r sz\u00fcks\u00e9ges nedvess\u00e9gtartalm\u00e1t<\/li>\n<\/ul>\n<ul>\n<li>mindennapi haszn\u00e1latra<\/li>\n<li>Napi 3-5 alkalommal<\/li>\n<li>vigyen fel v\u00e9kony r\u00e9teget a b\u0151r \u00e9rintett ter\u00fclet\u00e9re<\/li>\n<li>finom, k\u00f6rk\u00f6r\u00f6s mozdulatokkal egyenletesen massz\u00edrozza be a kr\u00e9met<\/li>\n<li>massz\u00edrozza addig, am\u00edg a finom text\u00far\u00e1j\u00fa kr\u00e9m \u00e1tl\u00e1tsz\u00f3 r\u00e9teget nem k\u00e9pez a b\u0151r felsz\u00edn\u00e9n<\/li>\n<li>\u00fcgyeljen arra, hogy a kr\u00e9m ne ker\u00fclj\u00f6n a szembe vagy a ny\u00e1lkah\u00e1rty\u00e1ra<\/li>\n<\/ul>","protected":false},"featured_media":4964,"template":"","meta":[],"product_brand":[],"product_cat":[385,224],"product_tag":[390,1914,1365,185,977,1915,454,1913],"class_list":{"0":"post-4966","1":"product","2":"type-product","3":"status-publish","4":"has-post-thumbnail","6":"product_cat-bebi-oprema","7":"product_cat-kozmetika-za-decu","8":"product_tag-bebe","9":"product_tag-benzil-benzoat","10":"product_tag-bubuljice","11":"product_tag-cink","12":"product_tag-dekubitus","13":"product_tag-lanolin","14":"product_tag-pelene","15":"product_tag-zastitna-krema","17":"first","18":"instock","19":"shipping-taxable","20":"purchasable","21":"product-type-simple"},"ams_default_variation_id":0,"ams_product_points_reward":[],"ams_product_discount_percentage":0,"ams_price_to_display":1585.95,"ams_acf":[],"jetpack_sharing_enabled":true,"_links":{"self":[{"href":"https:\/\/apotekar-online.rs\/hu\/wp-json\/wp\/v2\/product\/4966","targetHints":{"allow":["GET"]}}],"collection":[{"href":"https:\/\/apotekar-online.rs\/hu\/wp-json\/wp\/v2\/product"}],"about":[{"href":"https:\/\/apotekar-online.rs\/hu\/wp-json\/wp\/v2\/types\/product"}],"wp:featuredmedia":[{"embeddable":true,"href":"https:\/\/apotekar-online.rs\/hu\/wp-json\/wp\/v2\/media\/4964"}],"wp:attachment":[{"href":"https:\/\/apotekar-online.rs\/hu\/wp-json\/wp\/v2\/media?parent=4966"}],"wp:term":[{"taxonomy":"product_brand","embeddable":true,"href":"https:\/\/apotekar-online.rs\/hu\/wp-json\/wp\/v2\/product_brand?post=4966"},{"taxonomy":"product_cat","embeddable":true,"href":"https:\/\/apotekar-online.rs\/hu\/wp-json\/wp\/v2\/product_cat?post=4966"},{"taxonomy":"product_tag","embeddable":true,"href":"https:\/\/apotekar-online.rs\/hu\/wp-json\/wp\/v2\/product_tag?post=4966"}],"curies":[{"name":"wp","href":"https:\/\/api.w.org\/{rel}","templated":true}]}}