{"id":5029,"date":"2023-11-21T07:58:57","date_gmt":"2023-11-21T09:58:57","guid":{"rendered":"https:\/\/apotekar-online.rs\/?post_type=product&#038;p=5029"},"modified":"2026-03-05T08:10:58","modified_gmt":"2026-03-05T10:10:58","slug":"flufsan-podmetac-60x90-15-komada","status":"publish","type":"product","link":"https:\/\/apotekar-online.rs\/hu\/p\/flufsan-podmetac-60x90-15-komada\/","title":{"rendered":"Bolyhos al\u00e1t\u00e9t 60\u00d790 15 db"},"content":{"rendered":"","protected":false},"excerpt":{"rendered":"<p>Podmeta\u010d za krevet Flufsan je proizvod koji nudi potpunu udobnost i higijenu, ko\u017eu odr\u017eava suvom i spre\u010dava nastanak dekubitusa, a krevet odr\u017eava urednim i \u010distim.<\/p>\n<h5>Adagol\u00e1s \u00e9s alkalmaz\u00e1s m\u00f3dja<\/h5>\n<p>Potrebno je redovno menjanje, higijenski proizvod za jednokratnu upotrebu.<\/p>\n<h5>Fogalmaz\u00e1s<\/h5>\n<p>Podmeta\u010d je od \u010diste celuloze, meki antialergiski sloj je u dodiru sa ko\u017eom, a tre\u0107i sloj je nepropusni kako bi posteljina uvek bila \u010dista.<\/p>","protected":false},"featured_media":5030,"template":"","meta":[],"product_brand":[],"product_cat":[176],"product_tag":[1943,1674,1944],"class_list":{"0":"post-5029","1":"product","2":"type-product","3":"status-publish","4":"has-post-thumbnail","6":"product_cat-medicinska-oprema-i-materijal","7":"product_tag-flufsan","8":"product_tag-krevet","9":"product_tag-podmetace","10":"pa_brend-flufsan","12":"first","13":"instock","14":"shipping-taxable","15":"purchasable","16":"product-type-simple"},"ams_default_variation_id":0,"ams_product_points_reward":[],"ams_product_discount_percentage":0,"ams_price_to_display":880,"ams_acf":[],"jetpack_sharing_enabled":true,"_links":{"self":[{"href":"https:\/\/apotekar-online.rs\/hu\/wp-json\/wp\/v2\/product\/5029","targetHints":{"allow":["GET"]}}],"collection":[{"href":"https:\/\/apotekar-online.rs\/hu\/wp-json\/wp\/v2\/product"}],"about":[{"href":"https:\/\/apotekar-online.rs\/hu\/wp-json\/wp\/v2\/types\/product"}],"wp:featuredmedia":[{"embeddable":true,"href":"https:\/\/apotekar-online.rs\/hu\/wp-json\/wp\/v2\/media\/5030"}],"wp:attachment":[{"href":"https:\/\/apotekar-online.rs\/hu\/wp-json\/wp\/v2\/media?parent=5029"}],"wp:term":[{"taxonomy":"product_brand","embeddable":true,"href":"https:\/\/apotekar-online.rs\/hu\/wp-json\/wp\/v2\/product_brand?post=5029"},{"taxonomy":"product_cat","embeddable":true,"href":"https:\/\/apotekar-online.rs\/hu\/wp-json\/wp\/v2\/product_cat?post=5029"},{"taxonomy":"product_tag","embeddable":true,"href":"https:\/\/apotekar-online.rs\/hu\/wp-json\/wp\/v2\/product_tag?post=5029"}],"curies":[{"name":"wp","href":"https:\/\/api.w.org\/{rel}","templated":true}]}}