{"id":5246,"date":"2023-12-09T09:47:07","date_gmt":"2023-12-09T11:47:07","guid":{"rendered":"https:\/\/apotekar-online.rs\/?post_type=product&#038;p=5246"},"modified":"2026-03-05T08:10:20","modified_gmt":"2026-03-05T10:10:20","slug":"multi-essence-mg-400b-komplex-20-tasak","status":"publish","type":"product","link":"https:\/\/apotekar-online.rs\/hu\/p\/multi-essense-mg-400b-kompleks-20-kesica\/","title":{"rendered":"Multi Essense Mg 400+B komplex 20 tasakos"},"content":{"rendered":"<blockquote><p>&nbsp;<\/p><\/blockquote>","protected":false},"excerpt":{"rendered":"<p><strong>Magn\u00e9zium 400 + B komplex<\/strong>\u00a0biztos\u00edtja a sz\u00fcks\u00e9ges mennyis\u00e9g\u0171 magn\u00e9ziumot \u00e9s a B csoportba tartoz\u00f3 vitaminokat, hogy kiel\u00e9g\u00edtse a szervezet megn\u00f6vekedett sz\u00fcks\u00e9gleteit:<\/p>\n<ul>\n<li><strong>Magn\u00e9zium<\/strong>\u00a0hozz\u00e1j\u00e1rul az idegrendszer \u00e9s az izmok norm\u00e1l m\u0171k\u00f6d\u00e9s\u00e9hez, a f\u00e1radts\u00e1g \u00e9s kimer\u00fclts\u00e9g cs\u00f6kkent\u00e9s\u00e9hez, a norm\u00e1l elektrolit-egyens\u00falyhoz, a norm\u00e1l feh\u00e9rjeszint\u00e9zishez \u00e9s a norm\u00e1l pszichol\u00f3giai funkci\u00f3hoz. A magn\u00e9zium szerepet j\u00e1tszik az oszt\u00f3d\u00e1si folyamatban<\/li>\n<li><strong>B vitamin<sub>1<\/sub>\u00a0(tiamin)\u00a0<\/strong>hozz\u00e1j\u00e1rul a norm\u00e1l idegrendszeri, norm\u00e1l pszichol\u00f3giai \u00e9s sz\u00edvm\u0171k\u00f6d\u00e9shez.<\/li>\n<li><strong>B vitamin<sub>2<\/sub>\u00a0<\/strong>hozz\u00e1j\u00e1rul a norm\u00e1l energiatermel\u0151 anyagcser\u00e9hez, az idegrendszer norm\u00e1l m\u0171k\u00f6d\u00e9s\u00e9hez \u00e9s a sejtek oxid\u00e1ci\u00f3val szembeni v\u00e9delm\u00e9hez.<\/li>\n<li><strong>B vitamin<sub>6<\/sub>\u00a0<\/strong>hozz\u00e1j\u00e1rul a norm\u00e1l anyagcser\u00e9hez \u00e9s energiatermel\u00e9shez, az ideg- \u00e9s immunrendszer norm\u00e1l m\u0171k\u00f6d\u00e9s\u00e9hez, a norm\u00e1l pszichol\u00f3giai m\u0171k\u00f6d\u00e9shez, a norm\u00e1l feh\u00e9rje- \u00e9s glikog\u00e9n anyagcser\u00e9hez, valamint a f\u00e1radts\u00e1g \u00e9s kimer\u00fclts\u00e9g cs\u00f6kkent\u00e9s\u00e9hez.<\/li>\n<li><strong>B vitamin<sub>12<\/sub>\u00a0<\/strong>hozz\u00e1j\u00e1rul a norm\u00e1l pszichol\u00f3giai m\u0171k\u00f6d\u00e9shez, valamint a f\u00e1radts\u00e1g \u00e9s kimer\u00fclts\u00e9g cs\u00f6kkent\u00e9s\u00e9hez.<\/li>\n<\/ul>\n<p>A Magnesium 400 + B komplex olyan t\u00e1pl\u00e1l\u00e9k-kieg\u00e9sz\u00edt\u0151, amely kiel\u00e9g\u00edti a szervezet megn\u00f6vekedett magn\u00e9zium- \u00e9s B-vitamin-sz\u00fcks\u00e9glet\u00e9t feln\u0151ttekn\u00e9l.<\/p>\n<ul>\n<li>A magn\u00e9zium hozz\u00e1j\u00e1rul az idegrendszer norm\u00e1l m\u0171k\u00f6d\u00e9s\u00e9hez<\/li>\n<li>A magn\u00e9zium hozz\u00e1j\u00e1rul a norm\u00e1l izomm\u0171k\u00f6d\u00e9shez \u00e9s az elektrolit egyens\u00falyhoz<\/li>\n<li>A B-vitaminok hozz\u00e1j\u00e1rulnak a f\u00e1radts\u00e1g \u00e9s a kimer\u00fclts\u00e9g cs\u00f6kkent\u00e9s\u00e9hez<\/li>\n<\/ul>\n<h4>Fogalmaz\u00e1s<\/h4>\n<table>\n<tbody>\n<tr>\n<td width=\"195\"><strong>Magn\u00e9zium 400 + B komplex<\/strong><\/td>\n<td width=\"186\"><strong>1 tasak<\/strong><\/td>\n<td width=\"184\"><strong>%\u00a0<\/strong><strong>PDU<\/strong><\/td>\n<\/tr>\n<tr>\n<td width=\"195\">Magn\u00e9zium<\/td>\n<td width=\"186\">400 mg<\/td>\n<td width=\"184\">107<\/td>\n<\/tr>\n<tr>\n<td width=\"195\">Niacin<\/td>\n<td width=\"186\">18 mg<\/td>\n<td width=\"184\">113<\/td>\n<\/tr>\n<tr>\n<td width=\"195\">Pantot\u00e9nsav<\/td>\n<td width=\"186\">18 mg<\/td>\n<td width=\"184\">300<\/td>\n<\/tr>\n<tr>\n<td width=\"195\">B vitamin<sub>2<\/sub><\/td>\n<td width=\"186\">4,2 mg<\/td>\n<td width=\"184\">300<\/td>\n<\/tr>\n<tr>\n<td width=\"195\">B vitamin<sub>6<\/sub><\/td>\n<td width=\"186\">4,2 mg<\/td>\n<td width=\"184\">300<\/td>\n<\/tr>\n<tr>\n<td width=\"195\">B vitamin<sub>1<\/sub><\/td>\n<td width=\"186\">3,3 mg<\/td>\n<td width=\"184\">300<\/td>\n<\/tr>\n<tr>\n<td width=\"195\">Folsav<\/td>\n<td width=\"186\">600 mcg<\/td>\n<td width=\"184\">300<\/td>\n<\/tr>\n<tr>\n<td width=\"195\">Biotin<\/td>\n<td width=\"186\">150 mcg<\/td>\n<td width=\"184\">300<\/td>\n<\/tr>\n<tr>\n<td width=\"195\">B vitamin<sub>12<\/sub><\/td>\n<td width=\"186\">7,5 mcg<\/td>\n<td width=\"184\">300<\/td>\n<\/tr>\n<\/tbody>\n<\/table>\n<p>Egy\u00e9b hozz\u00e1val\u00f3k:\u00a0<em>bal<\/em><em>goblinok<\/em>: szorbit (kukoric\u00e1b\u00f3l vagy b\u00faz\u00e1b\u00f3l), szukral\u00f3z, n\u00e1trium-szacharin\u00e1t;\u00a0<em>savass\u00e1g szab\u00e1lyoz\u00f3<\/em>: citromsav;\u00a0<em>arom\u00e1k<\/em>: grapefruit, menta;\u00a0<em>csom\u00f3sod\u00e1st g\u00e1tl\u00f3 szer<\/em>: szil\u00edcium-dioxid.<\/p>\n<h5>Alkalmaz\u00e1s m\u00f3dja:<\/h5>\n<p>A feln\u0151ttek a tasak tartalm\u00e1t naponta egyszer k\u00f6zvetlen\u00fcl a sz\u00e1jban oldj\u00e1k fel an\u00e9lk\u00fcl, hogy vizet adn\u00e1nak a folyad\u00e9khoz.<\/p>\n<p><strong>Csomagol\u00e1s:<\/strong>\u00a020 tasak<\/p>\n<p>&nbsp;<\/p>","protected":false},"featured_media":5247,"template":"","meta":[],"product_brand":[],"product_cat":[78],"product_tag":[2003,1342,323,322],"class_list":{"0":"post-5246","1":"product","2":"type-product","3":"status-publish","4":"has-post-thumbnail","6":"product_cat-vitamini-i-minerali","7":"product_tag-b-kompleks","8":"product_tag-grcevi-u-misicima","9":"product_tag-magnezijum","10":"product_tag-nervni-sistem","11":"pa_brend-alkaloid","13":"first","14":"instock","15":"shipping-taxable","16":"purchasable","17":"product-type-simple"},"ams_default_variation_id":0,"ams_product_points_reward":[],"ams_product_discount_percentage":0,"ams_price_to_display":528,"ams_acf":[],"jetpack_sharing_enabled":true,"_links":{"self":[{"href":"https:\/\/apotekar-online.rs\/hu\/wp-json\/wp\/v2\/product\/5246","targetHints":{"allow":["GET"]}}],"collection":[{"href":"https:\/\/apotekar-online.rs\/hu\/wp-json\/wp\/v2\/product"}],"about":[{"href":"https:\/\/apotekar-online.rs\/hu\/wp-json\/wp\/v2\/types\/product"}],"wp:featuredmedia":[{"embeddable":true,"href":"https:\/\/apotekar-online.rs\/hu\/wp-json\/wp\/v2\/media\/5247"}],"wp:attachment":[{"href":"https:\/\/apotekar-online.rs\/hu\/wp-json\/wp\/v2\/media?parent=5246"}],"wp:term":[{"taxonomy":"product_brand","embeddable":true,"href":"https:\/\/apotekar-online.rs\/hu\/wp-json\/wp\/v2\/product_brand?post=5246"},{"taxonomy":"product_cat","embeddable":true,"href":"https:\/\/apotekar-online.rs\/hu\/wp-json\/wp\/v2\/product_cat?post=5246"},{"taxonomy":"product_tag","embeddable":true,"href":"https:\/\/apotekar-online.rs\/hu\/wp-json\/wp\/v2\/product_tag?post=5246"}],"curies":[{"name":"wp","href":"https:\/\/api.w.org\/{rel}","templated":true}]}}